{"id":17978,"date":"2024-09-19T19:54:48","date_gmt":"2024-09-23T15:52:05","guid":{"rendered":"https:\/\/dingogear.si\/?post_type=product&#038;p=17978"},"modified":"2024-12-17T13:38:27","modified_gmt":"2024-12-17T12:38:27","slug":"bungee-povodac-sa-frog-karabinerom","status":"publish","type":"product","link":"https:\/\/dingogear.si\/hr\/bungee-povodac-sa-frog-karabinerom\/","title":{"rendered":"BUNGEE povodac sa FROG karabinerom"},"content":{"rendered":"<div>Pru\u017eite svom psu udobnost i sigurnost tijekom \u0161etnje zahvaljuju\u0107i povodniku du\u017eine 80 cm, opremljenom amortizerom i inovativnim karabinerom \u017eaba &#8211; FROG, proizvo\u0111a\u010da talijanske tvrtke KONG.<\/div>\n<div>Ovaj povodac savr\u0161eno je rje\u0161enje za aktivne vlasnike pasa koji cijene funkcionalnost i izdr\u017eljivost.<\/div>\n<div><\/div>\n<div>Zna\u010dajke proizvoda:<\/div>\n<div><\/div>\n<div>&#8211; Duljina: 80 cm: Savr\u0161ena duljina koja osigurava udobnost i psu i vlasniku, dopu\u0161taju\u0107i slobodu kretanja bez gubitka kontrole.<\/div>\n<div>&#8211; Amortizer: Ugra\u0111eni amortizer smanjuje iznenadne udare za glatku i udobniju vo\u017enju. \u0160titi zglobove vas i va\u0161eg ljubimca.<\/div>\n<div>&#8211; FROG karabiner: opremljen brzim i sigurnim mehanizmom za pri\u010dvr\u0161\u0107ivanje jednom rukom koji se automatski zaklju\u010dava za maksimalnu sigurnost. To je posebna vrsta karabinera koji se koristi u raznim vrstama sustava u\u017eadi, sustava za penjanje, sustava za spa\u0161avanje i ronila\u010dke opreme.<\/div>\n<div>&#8211; Izdr\u017eljivi materijali: povodac je izra\u0111en od visokokvalitetne najlonske trake otporne na habanje koja mo\u017ee izdr\u017eati te\u0161ku upotrebu i razli\u010dite vremenske uvjete.<\/div>\n<div>&#8211; Udobnost kori\u0161tenja: Ergonomska ru\u010dka osigurava udobnost \u010dak i tijekom dugih \u0161etnji.<\/div>\n<div><\/div>\n<div>Na\u0161 FROG povodac s amortizerom i karabinerom kombinacija je moderne tehnologije i visokokvalitetnih materijala, \u0161to ga \u010dini pouzdanim izborom za svakog vlasnika psa. Zahvaljuju\u0107i amortizeru \u0161etnje postaju ugodnije i sigurnije, a brzospojni karabiner olak\u0161ava svakodnevnu upotrebu.<\/div>\n","protected":false},"excerpt":{"rendered":"<div>Povodac s amortizerom i karabinerom FROG spoj je moderne tehnologije i visokokvalitetnih materijala, \u0161to ga \u010dini pouzdanim izborom za svakog vlasnika psa. Zahvaljuju\u0107i amortizeru \u0161etnje postaju ugodnije i sigurnije, a brzospojni karabiner olak\u0161ava svakodnevnu upotrebu.<\/div>\n<div><\/div>\n<div>Zna\u010dajke proizvoda:<\/div>\n<div><\/div>\n<div>&#8211; Duljina: 80 cm: Savr\u0161ena duljina koja osigurava udobnost i psu i vlasniku, dopu\u0161taju\u0107i slobodu kretanja bez gubitka kontrole.<\/div>\n<div>&#8211; Amortizer: Ugra\u0111eni amortizer smanjuje iznenadne udare za glatku i udobniju vo\u017enju. \u0160titi zglobove vas i va\u0161eg ljubimca.<\/div>\n<div>&#8211; FROG karabiner (original): opremljen brzim i sigurnim mehanizmom za pri\u010dvr\u0161\u0107ivanje jednom rukom koji se automatski zaklju\u010dava za maksimalnu sigurnost. To je posebna vrsta karabinera koji se koristi u raznim vrstama sustava u\u017eadi, sustava za penjanje, sustava za spa\u0161avanje i ronila\u010dke opreme.<\/div>\n<div>&#8211; Izdr\u017eljivi materijali: povodac je izra\u0111en od visokokvalitetne najlonske trake otporne na habanje koja mo\u017ee izdr\u017eati te\u0161ku upotrebu i razli\u010dite vremenske uvjete.<\/div>\n<div>&#8211; Udobnost kori\u0161tenja: Ergonomska ru\u010dka osigurava udobnost \u010dak i tijekom dugih \u0161etnji.<\/div>\n<div><\/div>\n","protected":false},"featured_media":17982,"comment_status":"open","ping_status":"closed","template":"","meta":{"_acf_changed":false},"product_brand":[2948],"product_cat":[823,803,805],"product_tag":[1236,1238],"class_list":{"0":"post-17978","1":"product","2":"type-product","3":"status-publish","4":"has-post-thumbnail","6":"product_brand-dingo-gear","7":"product_cat-trening-vodljivosti","8":"product_cat-oprema-za-psa","9":"product_cat-povodnici","10":"product_tag-povodnici","11":"product_tag-vodljivost","12":"pa_dolzina-povodca-80cm-hr","13":"pa_material-povodca-najlon-hr","14":"pa_posebnost-povodca-karabiner-frog-original","15":"pa_sirina-povodca-25cm-hr","17":"first","18":"instock","19":"taxable","20":"shipping-taxable","21":"purchasable","22":"product-type-simple"},"acf":[],"_links":{"self":[{"href":"https:\/\/dingogear.si\/hr\/wp-json\/wp\/v2\/product\/17978","targetHints":{"allow":["GET"]}}],"collection":[{"href":"https:\/\/dingogear.si\/hr\/wp-json\/wp\/v2\/product"}],"about":[{"href":"https:\/\/dingogear.si\/hr\/wp-json\/wp\/v2\/types\/product"}],"replies":[{"embeddable":true,"href":"https:\/\/dingogear.si\/hr\/wp-json\/wp\/v2\/comments?post=17978"}],"wp:featuredmedia":[{"embeddable":true,"href":"https:\/\/dingogear.si\/hr\/wp-json\/wp\/v2\/media\/17982"}],"wp:attachment":[{"href":"https:\/\/dingogear.si\/hr\/wp-json\/wp\/v2\/media?parent=17978"}],"wp:term":[{"taxonomy":"product_brand","embeddable":true,"href":"https:\/\/dingogear.si\/hr\/wp-json\/wp\/v2\/product_brand?post=17978"},{"taxonomy":"product_cat","embeddable":true,"href":"https:\/\/dingogear.si\/hr\/wp-json\/wp\/v2\/product_cat?post=17978"},{"taxonomy":"product_tag","embeddable":true,"href":"https:\/\/dingogear.si\/hr\/wp-json\/wp\/v2\/product_tag?post=17978"}],"curies":[{"name":"wp","href":"https:\/\/api.w.org\/{rel}","templated":true}]}}