{"id":18025,"date":"2024-09-20T09:10:32","date_gmt":"2024-09-20T07:10:32","guid":{"rendered":"https:\/\/dingogear.si\/?post_type=product&#038;p=18025"},"modified":"2025-03-13T12:05:22","modified_gmt":"2025-03-13T11:05:22","slug":"aport-ring-debeli-sa-dvije-bungee-rucke","status":"publish","type":"product","link":"https:\/\/dingogear.si\/hr\/aport-ring-debeli-sa-dvije-bungee-rucke\/","title":{"rendered":"Aport RING DEBELI sa dvije BUNGEE ru\u010dke"},"content":{"rendered":"<table style=\"height: 155px;\" width=\"533\">\n<tbody>\n<tr>\n<td width=\"54\">\u0160ifra<\/td>\n<td width=\"54\">Boja<\/td>\n<td width=\"80\">Te\u017eina<\/td>\n<td width=\"49\">Duljina<\/td>\n<td width=\"51\">Promjer<\/td>\n<\/tr>\n<tr>\n<td>S02803<\/td>\n<td>crna<\/td>\n<td>+\/-167gram<\/td>\n<td>15cm<\/td>\n<td>8cm<\/td>\n<\/tr>\n<tr>\n<td>S02804<\/td>\n<td>crvena<\/td>\n<td>+\/-167gram<\/td>\n<td>15cm<\/td>\n<td>8cm<\/td>\n<\/tr>\n<tr>\n<td>S02805<\/td>\n<td>naran\u010dasta<\/td>\n<td>+\/-167gram<\/td>\n<td>15cm<\/td>\n<td>8cm<\/td>\n<\/tr>\n<tr>\n<td>S02806<\/td>\n<td>plava<\/td>\n<td>+\/-167gram<\/td>\n<td>15cm<\/td>\n<td>8cm<\/td>\n<\/tr>\n<tr>\n<td>S02807<\/td>\n<td>pink<\/td>\n<td>+\/-167gram<\/td>\n<td>15cm<\/td>\n<td>8cm<\/td>\n<\/tr>\n<\/tbody>\n<\/table>\n","protected":false},"excerpt":{"rendered":"<p>Aport u obliku JASTUKA sa dvije bo\u010dne amortizerske ru\u010dke.<\/p>\n<p>Materijal od kojeg smo izradili retriver je izdr\u017eljiv i otporan na o\u0161te\u0107enja, a \u010dvrsti i \u010dvrsti \u0161avovi osiguravaju dugi vijek trajanja, a od ovog materijala su i najizdr\u017eljivija za\u0161titna odijela za markirante.<\/p>\n<div>Ru\u010dke su fleksibilne i rastezljive, \u0161to ih \u010dini savr\u0161enim za igru i trening s va\u0161im psom. Ru\u010dke su izra\u0111ene od elasti\u010dne trake koja ne samo da apsorbira udarce psa, ve\u0107 tako\u0111er djeluje kao opruga koja poti\u010de psa na interakciju i ugriz. <\/div>\n<ul>\n<li>8x22cm (dimenzija jastu\u010di\u0107a bez ru\u010dki)<\/li>\n<\/ul>\n<p>Zna\u010dajke aporta:<\/p>\n<ul>\n<li>izdr\u017eljiv nylcot RING materijal<\/li>\n<li>ru\u010dno \u0161ivano<\/li>\n<li>mekano<\/li>\n<li>ru\u010dka od \u0161iroke i mekane trake<\/li>\n<li>\u010dvrsti i jaki \u0161avovi<\/li>\n<\/ul>\n<p>Svrha:<\/p>\n<ul>\n<li>aportiranje \/ dono\u0161enje predmeta<\/li>\n<li>u\u010denje \u017evakanja<\/li>\n<li>trenirati pravilan ugriz psa<\/li>\n<li>igra<\/li>\n<\/ul>\n<p>SAVJET: Igra\u010dka je namijenjena zabavi i treniranju uz pomo\u0107 vodi\u010da, ne ostavljajte psa bez nadzora jer to za psa ne zna\u010di igru \u200b\u200bi u\u010denje.<\/p>\n","protected":false},"featured_media":18031,"comment_status":"open","ping_status":"closed","template":"","meta":{"_acf_changed":false},"product_brand":[2948],"product_cat":[809,807,803,819,823],"product_tag":[747,1858,1238],"class_list":{"0":"post-18025","1":"product","2":"type-product","3":"status-publish","4":"has-post-thumbnail","6":"product_brand-dingo-gear","7":"product_cat-igra-uz-trening","8":"product_cat-kobasice-aporti","9":"product_cat-oprema-za-psa","10":"product_cat-pomagala-za-trening","11":"product_cat-trening-vodljivosti","12":"product_tag-igra-hr","13":"product_tag-trening-mladih-pasa","14":"product_tag-vodljivost","15":"pa_barva-izdelka-crna-hr","16":"pa_barva-izdelka-crvena","17":"pa_barva-izdelka-narandzasta","18":"pa_barva-izdelka-pink-hr","19":"pa_barva-izdelka-plava","20":"pa_dimenzije-aporta-8x22cm-hr","21":"pa_material-aporta-french-ring-nylcot-hr","22":"pa_oblika-aporta-jastucic","24":"first","25":"outofstock","26":"taxable","27":"shipping-taxable","28":"purchasable","29":"product-type-variable"},"acf":[],"_links":{"self":[{"href":"https:\/\/dingogear.si\/hr\/wp-json\/wp\/v2\/product\/18025","targetHints":{"allow":["GET"]}}],"collection":[{"href":"https:\/\/dingogear.si\/hr\/wp-json\/wp\/v2\/product"}],"about":[{"href":"https:\/\/dingogear.si\/hr\/wp-json\/wp\/v2\/types\/product"}],"replies":[{"embeddable":true,"href":"https:\/\/dingogear.si\/hr\/wp-json\/wp\/v2\/comments?post=18025"}],"wp:featuredmedia":[{"embeddable":true,"href":"https:\/\/dingogear.si\/hr\/wp-json\/wp\/v2\/media\/18031"}],"wp:attachment":[{"href":"https:\/\/dingogear.si\/hr\/wp-json\/wp\/v2\/media?parent=18025"}],"wp:term":[{"taxonomy":"product_brand","embeddable":true,"href":"https:\/\/dingogear.si\/hr\/wp-json\/wp\/v2\/product_brand?post=18025"},{"taxonomy":"product_cat","embeddable":true,"href":"https:\/\/dingogear.si\/hr\/wp-json\/wp\/v2\/product_cat?post=18025"},{"taxonomy":"product_tag","embeddable":true,"href":"https:\/\/dingogear.si\/hr\/wp-json\/wp\/v2\/product_tag?post=18025"}],"curies":[{"name":"wp","href":"https:\/\/api.w.org\/{rel}","templated":true}]}}