{"id":18070,"date":"2024-04-23T19:10:36","date_gmt":"2024-09-23T16:13:36","guid":{"rendered":"https:\/\/dingogear.si\/set-povodaca-za-trening-obrane\/"},"modified":"2024-09-23T18:13:36","modified_gmt":"2024-09-23T16:13:36","slug":"set-povodaca-za-trening-obrane","status":"publish","type":"product","link":"https:\/\/dingogear.si\/hr\/set-povodaca-za-trening-obrane\/","title":{"rendered":"Set povodaca za trening obrane"},"content":{"rendered":"","protected":false},"excerpt":{"rendered":"<p>Set od dva povodca, svaki du\u017eine 4 m. Karabineri su izra\u0111eni od najkvalitetnijeg nehr\u0111aju\u0107eg \u010delika. Polipropilenska traka osigurava vrlo visoku izdr\u017eljivost i pouzdanost kori\u0161tenja. Proizvod se uglavnom koristi u obrambenim poslovima za &#8220;prebacivanje&#8221; psa izme\u0111u pogona. Komplet je vrlo popularan i na\u0161iroko se koristi u IGP-u, ring sportovima i civilnim poslovima. Zna\u010dajke: 2 komada u setu vodootporan dobra otpornost u kemijski aktivnim okru\u017eenjima Kromirani priklju\u010dci, otporni na koroziju, osiguravaju trajnost i sigurnost uporabe Karabineri otporni na koroziju, \u0161to osigurava trajnost i sigurnost kori\u0161tenja dvostruko pro\u0161iveni bez ru\u010dke \u0160irina 2,5 cm Te\u017eina karabinera 5,5g 2 razli\u010dite boje &#8211; zelena i crvena     <\/p>\n","protected":false},"featured_media":17240,"comment_status":"open","ping_status":"closed","template":"","meta":{"_acf_changed":false},"product_brand":[2948],"product_cat":[803,805,821],"product_tag":[1240],"class_list":{"0":"post-18070","1":"product","2":"type-product","3":"status-publish","4":"has-post-thumbnail","6":"product_brand-dingo-gear","7":"product_cat-oprema-za-psa","8":"product_cat-povodnici","9":"product_cat-trening-obrane","10":"product_tag-obrana","11":"pa_dolzina-povodca-4-m","12":"pa_material-povodca-polipropilen-hr","13":"pa_mere-povodca-25-cm-x-4-m-400-cm","14":"pa_posebnost-povodca-povodnik-bez-rucke","15":"pa_posebnost-povodca-povodnik-za-rad","16":"pa_posebnost-povodca-vodoodbojan-vodootporan","18":"first","19":"instock","20":"taxable","21":"shipping-taxable","22":"purchasable","23":"product-type-simple"},"acf":[],"_links":{"self":[{"href":"https:\/\/dingogear.si\/hr\/wp-json\/wp\/v2\/product\/18070","targetHints":{"allow":["GET"]}}],"collection":[{"href":"https:\/\/dingogear.si\/hr\/wp-json\/wp\/v2\/product"}],"about":[{"href":"https:\/\/dingogear.si\/hr\/wp-json\/wp\/v2\/types\/product"}],"replies":[{"embeddable":true,"href":"https:\/\/dingogear.si\/hr\/wp-json\/wp\/v2\/comments?post=18070"}],"wp:featuredmedia":[{"embeddable":true,"href":"https:\/\/dingogear.si\/hr\/wp-json\/wp\/v2\/media\/17240"}],"wp:attachment":[{"href":"https:\/\/dingogear.si\/hr\/wp-json\/wp\/v2\/media?parent=18070"}],"wp:term":[{"taxonomy":"product_brand","embeddable":true,"href":"https:\/\/dingogear.si\/hr\/wp-json\/wp\/v2\/product_brand?post=18070"},{"taxonomy":"product_cat","embeddable":true,"href":"https:\/\/dingogear.si\/hr\/wp-json\/wp\/v2\/product_cat?post=18070"},{"taxonomy":"product_tag","embeddable":true,"href":"https:\/\/dingogear.si\/hr\/wp-json\/wp\/v2\/product_tag?post=18070"}],"curies":[{"name":"wp","href":"https:\/\/api.w.org\/{rel}","templated":true}]}}