{"id":18140,"date":"2024-10-16T10:57:22","date_gmt":"2024-10-16T08:57:22","guid":{"rendered":"https:\/\/dingogear.si\/?post_type=product&#038;p=18140"},"modified":"2024-12-17T13:36:32","modified_gmt":"2024-12-17T12:36:32","slug":"nightwalk-svjetlo-za-nocne-setnje","status":"publish","type":"product","link":"https:\/\/dingogear.si\/hr\/nightwalk-svjetlo-za-nocne-setnje\/","title":{"rendered":"NIGHTWALK svjetlo za no\u0107ne \u0161etnje"},"content":{"rendered":"","protected":false},"excerpt":{"rendered":"<div>Svjetlo za no\u0107ne \u0161etnje koje jednostavno mo\u017eete pri\u010dvrstiti na ovratnik. Odaberite izme\u0111u 2 na\u010dina: bljeskanje i stalno svjetlo. Baterije su uklju\u010dene<\/div>\n<div>No\u0107no sigurnosno svjetlo<\/div>\n<div>Ovo sigurnosno svjetlo mo\u017eete jednostavno pri\u010dvrstiti na ogrlicu svog psa. Mo\u017eete birati izme\u0111u dva na\u010dina rada; stalno ili bljeskaju\u0107e svjetlo. Za promjenu postavke dovoljno je okrenuti baterije. Baterije traju do 100 sati, a svjetlost je vidljiva na udaljenosti od 200 metara. Ovo sigurnosno svjetlo osigurava da va\u0161 pas bude jasno vidljiv dok \u0161e\u0107e po mraku ili u sivim zimskim danima. Tako mo\u017eete \u0161etati svog psa u mraku s osje\u0107ajem sigurnosti!<\/div>\n<div><\/div>\n<div>Varijacije<\/div>\n<div>NIGH050 &#8211; \u017duta<\/div>\n<div>NIGH051 &#8211; Naran\u010dasta<\/div>\n","protected":false},"featured_media":18156,"comment_status":"open","ping_status":"closed","template":"","meta":{"_acf_changed":false},"product_brand":[2957],"product_cat":[803,815],"product_tag":[753],"class_list":{"0":"post-18140","1":"product","2":"type-product","3":"status-publish","4":"has-post-thumbnail","6":"product_brand-nightwalk","7":"product_cat-oprema-za-psa","8":"product_cat-ogrlice","9":"product_tag-ogrlice-i-davilice","10":"pa_barva-izdelka-narandzasta","11":"pa_barva-izdelka-plava","12":"pa_barva-izdelka-zuta","14":"first","15":"instock","16":"taxable","17":"shipping-taxable","18":"purchasable","19":"product-type-variable"},"acf":[],"_links":{"self":[{"href":"https:\/\/dingogear.si\/hr\/wp-json\/wp\/v2\/product\/18140","targetHints":{"allow":["GET"]}}],"collection":[{"href":"https:\/\/dingogear.si\/hr\/wp-json\/wp\/v2\/product"}],"about":[{"href":"https:\/\/dingogear.si\/hr\/wp-json\/wp\/v2\/types\/product"}],"replies":[{"embeddable":true,"href":"https:\/\/dingogear.si\/hr\/wp-json\/wp\/v2\/comments?post=18140"}],"wp:featuredmedia":[{"embeddable":true,"href":"https:\/\/dingogear.si\/hr\/wp-json\/wp\/v2\/media\/18156"}],"wp:attachment":[{"href":"https:\/\/dingogear.si\/hr\/wp-json\/wp\/v2\/media?parent=18140"}],"wp:term":[{"taxonomy":"product_brand","embeddable":true,"href":"https:\/\/dingogear.si\/hr\/wp-json\/wp\/v2\/product_brand?post=18140"},{"taxonomy":"product_cat","embeddable":true,"href":"https:\/\/dingogear.si\/hr\/wp-json\/wp\/v2\/product_cat?post=18140"},{"taxonomy":"product_tag","embeddable":true,"href":"https:\/\/dingogear.si\/hr\/wp-json\/wp\/v2\/product_tag?post=18140"}],"curies":[{"name":"wp","href":"https:\/\/api.w.org\/{rel}","templated":true}]}}