{"id":18323,"date":"2024-11-12T12:58:25","date_gmt":"2024-12-17T12:28:22","guid":{"rendered":"https:\/\/dingogear.si\/?post_type=product&#038;p=18323"},"modified":"2025-03-13T12:05:23","modified_gmt":"2025-03-13T11:05:23","slug":"nightwalk-sigurnosni-prsluk-za-nocne-setnje","status":"publish","type":"product","link":"https:\/\/dingogear.si\/hr\/nightwalk-sigurnosni-prsluk-za-nocne-setnje\/","title":{"rendered":"NIGHTWALK sigurnosni prsluk za no\u0107ne \u0161etnje"},"content":{"rendered":"<div>Jedna veli\u010dina za sve<\/div>\n<div>LED rasvjeta naprijed i nazad<\/div>\n<div>Izra\u0111eno od elasti\u010dnog materijala<\/div>\n<div>Lako podesivo za optimalnu udobnost no\u0161enja<\/div>\n<div>Baterije (uklju\u010dene) lako se mijenjaju<\/div>\n<div><\/div>\n<div>Sigurnosni prsluk ili pojas za vodi\u010da pasa Nightwalk<\/div>\n<div>Osigurajte maksimalnu vidljivost ostalim sudionicima u prometu! Odgovara svim ljudskim veli\u010dinama, ovaj sigurnosni prsluk dolazi u fluorescentnim bojama za vidljivost izbliza. Za dodatnu sigurnost opremljen je LED svjetlima na prednjoj i stra\u017enjoj strani koja bljeskaju u 2 na\u010dina, dok 3. na\u010din rada nudi konstantno osvjetljenje. To vam omogu\u0107uje da prilagodite izvor svjetla svojim potrebama. CR2032 baterije su lako zamjenjive. Ovaj sigurnosni pojas izra\u0111en je od elasti\u010dnog materijala i podesiv je za optimalnu udobnost. Pove\u0107ajte sigurnost Vas i Va\u0161eg psa ovim sigurnosnim prslukom! Od sada \u0107ete uvijek biti vidljivi u prometu ili gdje god se nalazili!        <\/div>\n","protected":false},"excerpt":{"rendered":"<div>\n<div>Sigurnosni prsluk za vodi\u010da pasa Nightwalk<\/div>\n<div>Osigurajte maksimalnu vidljivost u prometu! Za dodatnu sigurnost opremljen je LED svjetlima s prednje i stra\u017enje strane koja svijetle u dva (2) na\u010dina rada, dok 3. na\u010din rada nudi konstantno osvjetljenje. To vam omogu\u0107uje da prilagodite izvor svjetla svojim potrebama. CR2032 baterije su lako zamjenjive. Prsluk je izra\u0111en od elasti\u010dnog materijala i podesiv za optimalnu udobnost. Pove\u0107ajte sigurnost sebi i svom psu! Od sada \u0107ete uvijek biti vi\u0111eni u prometu, u no\u0107nim \u0161etnjama \u0161umom ili gdje god se nalazili!       <\/div>\n<div><\/div>\n<\/div>\n<div>Jedna veli\u010dina za sve<\/div>\n<div>LED rasvjeta naprijed i nazad<\/div>\n<div>Izra\u0111eno od elasti\u010dnog materijala<\/div>\n<div>Lako podesivo za optimalnu udobnost no\u0161enja<\/div>\n<div>Baterije (uklju\u010dene) lako se mijenjaju<\/div>\n","protected":false},"featured_media":18333,"comment_status":"open","ping_status":"closed","template":"","meta":{"_acf_changed":false},"product_brand":[2957],"product_cat":[1740,817],"product_tag":[753],"class_list":{"0":"post-18323","1":"product","2":"type-product","3":"status-publish","4":"has-post-thumbnail","6":"product_brand-nightwalk","7":"product_cat-odjela-za-vodica","8":"product_cat-oprema-za-vodica","9":"product_tag-ogrlice-i-davilice","10":"pa_barva-izdelka-zuta","12":"first","13":"instock","14":"taxable","15":"shipping-taxable","16":"purchasable","17":"product-type-simple"},"acf":[],"_links":{"self":[{"href":"https:\/\/dingogear.si\/hr\/wp-json\/wp\/v2\/product\/18323","targetHints":{"allow":["GET"]}}],"collection":[{"href":"https:\/\/dingogear.si\/hr\/wp-json\/wp\/v2\/product"}],"about":[{"href":"https:\/\/dingogear.si\/hr\/wp-json\/wp\/v2\/types\/product"}],"replies":[{"embeddable":true,"href":"https:\/\/dingogear.si\/hr\/wp-json\/wp\/v2\/comments?post=18323"}],"wp:featuredmedia":[{"embeddable":true,"href":"https:\/\/dingogear.si\/hr\/wp-json\/wp\/v2\/media\/18333"}],"wp:attachment":[{"href":"https:\/\/dingogear.si\/hr\/wp-json\/wp\/v2\/media?parent=18323"}],"wp:term":[{"taxonomy":"product_brand","embeddable":true,"href":"https:\/\/dingogear.si\/hr\/wp-json\/wp\/v2\/product_brand?post=18323"},{"taxonomy":"product_cat","embeddable":true,"href":"https:\/\/dingogear.si\/hr\/wp-json\/wp\/v2\/product_cat?post=18323"},{"taxonomy":"product_tag","embeddable":true,"href":"https:\/\/dingogear.si\/hr\/wp-json\/wp\/v2\/product_tag?post=18323"}],"curies":[{"name":"wp","href":"https:\/\/api.w.org\/{rel}","templated":true}]}}