{"id":18439,"date":"2024-11-25T16:11:54","date_gmt":"2024-11-25T15:11:54","guid":{"rendered":"https:\/\/dingogear.si\/?post_type=product&#038;p=18439"},"modified":"2025-03-12T16:28:28","modified_gmt":"2025-03-12T15:28:28","slug":"ogrlica-cobra-u-bojama","status":"publish","type":"product","link":"https:\/\/dingogear.si\/hr\/ogrlica-cobra-u-bojama\/","title":{"rendered":"Ogrlica COBRA"},"content":{"rendered":"<p>Vrlo jaka ogrlica s imenom poznate &#8220;Cobra&#8221; kop\u010de, proizvedena u Austriji. Pru\u017ea maksimalnu sigurnost kada se koristi u najekstremnijim uvjetima (koristi se za visoko penjanje). Sustav klika olak\u0161ava pri\u010dvr\u0161\u0107ivanje i skidanje ovratnika.<br \/>\nPreporu\u010da se i za patrolu i za intervenciju. Tako\u0111er za trening IGP obrane. Cobra ima udobnu i ergonomsku ru\u010dku koja vam omogu\u0107uje da psa dr\u017eite blizu ili ga mo\u017eete brzo ispraviti &#8211; korigirati.<\/p>\n<p>Prema individualnim \u017eeljama na\u0161ih kupaca ogrlicu Cobra izradili smo u dvije verzije &#8211; sa i bez ru\u010dke.<\/p>\n<p>Pouzdana trajnost, kvaliteta i izvrsnost omogu\u0107uju 100% zadovoljstvo korisnika.<\/p>\n<p><strong>Od profesionalaca za profesionalce. <\/strong>Testirano i odobreno od strane profesionalnih trenera.<\/p>\n<p>Karakteristike ogrlice:<\/p>\n<ul>\n<li>Glavni remen ogrlice izra\u0111en je od visokokvalitetnog polipropilena koji se upotrebljava u vojne svrhe<\/li>\n<li>Dvostupanjski jaki \u0161avovi<\/li>\n<li>S dodatnim unutarnjim poja\u010danjima<\/li>\n<li>Trokut od anodiziranog aluminija (avio industrija) za pri\u010dvr\u0161\u0107ivanje vodilice\/povodnika, otporan na koroziju i izuzetno lagan<\/li>\n<li>Cobra clip je proizvod poznate austrijske tvrtke Austrialpin koja proizvodi proizvode za planinarenje i ekstremne sportove<\/li>\n<li>Cobra kop\u010da ima najvi\u0161i certifikat \u010dvrsto\u0107e<\/li>\n<li>Cobra kop\u010da je dizajnirana za izvanredne izazove, prakti\u010dki je neuni\u0161tiva<\/li>\n<li>Kop\u010da Cobra ima CLICK mehanizam za brzo zaklju\u010davanje i brzo otvaranje<\/li>\n<li>Ogrlica ima udobnu, ergonomsku ru\u010dku koja vam omogu\u0107uje kratko dr\u017eanje psa ili brzo odvla\u010denje od mete (opcija s ru\u010dkom ili bez bira se prilikom ulaska u ko\u0161aru!)<\/li>\n<li>Iznimna izdr\u017eljivost i otpornost na jake mehani\u010dke mjere kao \u0161to su brza i duga povla\u010denja<\/li>\n<li>Parametri: \u0161irina 4cm, debelina 0,2cm<\/li>\n<li>Te\u017eina: 0,2kg<\/li>\n<\/ul>\n<p>Svrha ogrlice:<\/p>\n<ul>\n<li>trening pasa<\/li>\n<li>preporu\u010duje se i za patrolu, intervencije i obuku, kao \u0161to je obrana<\/li>\n<\/ul>\n","protected":false},"excerpt":{"rendered":"<p>DINGOGEAR profesionalna ogrlica za pse Cobra izra\u0111ena od polipropilenske trake dobila je ime po patentiranom proizvodu renomirane austrijske tvrtke Austrialpin &#8211; po kop\u010di za penjanje *COBRA*, koja se ne otvara i osigurava sigurnost u najekstremnijim uvjetima.<\/p>\n<div>Kop\u010da Cobra proizvod je renomirane austrijske tvrtke Austrialpin koja se koristi u visokim planinama i ekstremnim sportovima.<\/div>\n<div><\/div>\n<div>Savr\u0161ena ogrlica za njema\u010dkog ov\u010dara ili drugog velikog psa za obuku K9. Mo\u017ee se uspje\u0161no koristiti u normalnim svakodnevnim situacijama, kao i tijekom patroliranja ili intervencije. Dvoslojni \u0161av i Cobra penja\u010dka kop\u010da osiguravaju trajnost ogrlice. Napravili smo ga ru\u010dno s velikom pa\u017enjom i precizno\u0161\u0107u kako bismo osigurali sigurnost psa i njegovog vodi\u010da.<\/div>\n<div><\/div>\n<div>Ogrlica je dostupna u crnoj ili kojot boji iu dvije du\u017eine:<\/div>\n<div><\/div>\n<div>&#8211; 50 cm (38-48)<\/div>\n<div>&#8211; 62 cm (45-63)<\/div>\n<ul>\n<li>\n<\/li>\n<\/ul>\n","protected":false},"featured_media":18392,"comment_status":"open","ping_status":"closed","template":"","meta":{"_acf_changed":false},"product_brand":[2948],"product_cat":[815,803],"product_tag":[1240,753],"class_list":{"0":"post-18439","1":"product","2":"type-product","3":"status-publish","4":"has-post-thumbnail","6":"product_brand-dingo-gear","7":"product_cat-ogrlice","8":"product_cat-oprema-za-psa","9":"product_tag-obrana","10":"product_tag-ogrlice-i-davilice","11":"pa_barva-izdelka-crvena","12":"pa_barva-izdelka-narandzasta","13":"pa_barva-izdelka-pink-hr","14":"pa_barva-izdelka-plava","15":"pa_barva-ovratnice-crvena","16":"pa_barva-ovratnice-narancasta","17":"pa_barva-ovratnice-pink-hr","18":"pa_barva-ovratnice-plava","19":"pa_material-ovratnice-polipropilen-hr","20":"pa_posebnost-ovratnice-ogrlica-bez-rucke","21":"pa_posebnost-ovratnice-ogrlica-s-cobra-sponkom","22":"pa_velikost-ovratnice-4cm-x-50cm-opseg-38-48cm-hr","23":"pa_velikost-ovratnice-4cm-x-62cm-opseg-45-63cm-hr","25":"first","26":"instock","27":"featured","28":"taxable","29":"shipping-taxable","30":"purchasable","31":"product-type-variable"},"acf":[],"_links":{"self":[{"href":"https:\/\/dingogear.si\/hr\/wp-json\/wp\/v2\/product\/18439","targetHints":{"allow":["GET"]}}],"collection":[{"href":"https:\/\/dingogear.si\/hr\/wp-json\/wp\/v2\/product"}],"about":[{"href":"https:\/\/dingogear.si\/hr\/wp-json\/wp\/v2\/types\/product"}],"replies":[{"embeddable":true,"href":"https:\/\/dingogear.si\/hr\/wp-json\/wp\/v2\/comments?post=18439"}],"wp:featuredmedia":[{"embeddable":true,"href":"https:\/\/dingogear.si\/hr\/wp-json\/wp\/v2\/media\/18392"}],"wp:attachment":[{"href":"https:\/\/dingogear.si\/hr\/wp-json\/wp\/v2\/media?parent=18439"}],"wp:term":[{"taxonomy":"product_brand","embeddable":true,"href":"https:\/\/dingogear.si\/hr\/wp-json\/wp\/v2\/product_brand?post=18439"},{"taxonomy":"product_cat","embeddable":true,"href":"https:\/\/dingogear.si\/hr\/wp-json\/wp\/v2\/product_cat?post=18439"},{"taxonomy":"product_tag","embeddable":true,"href":"https:\/\/dingogear.si\/hr\/wp-json\/wp\/v2\/product_tag?post=18439"}],"curies":[{"name":"wp","href":"https:\/\/api.w.org\/{rel}","templated":true}]}}