{"id":18596,"date":"2023-11-30T00:00:00","date_gmt":"2024-12-17T13:08:15","guid":{"rendered":"https:\/\/dingogear.si\/prasak-za-zglobove-joint-powder-plus\/"},"modified":"2024-12-17T14:54:04","modified_gmt":"2024-12-17T13:54:04","slug":"prasak-za-zglobove-joint-powder-plus","status":"publish","type":"product","link":"https:\/\/dingogear.si\/hr\/prasak-za-zglobove-joint-powder-plus\/","title":{"rendered":"Pra\u0161ak za zglobove JOINT POWDER PLUS"},"content":{"rendered":"<div class=\"woocommerce-product-details__short-description\">\n<p><span class=\"VIiyi\" lang=\"sl\"><span class=\"JLqJ4b ChMk0b\" data-language-for-alternatives=\"sl\" data-language-to-translate-into=\"auto\" data-phrase-index=\"0\"><strong>Pra\u0161ak za zglobove Joint powder plus je specijalizirani 100% prirodan proizvod vrhunske kvalitete iz \u0160vedske. Blagotvorno<\/strong> <\/span> <span class=\"JLqJ4b ChMk0b\" data-language-for-alternatives=\"sl\" data-language-to-translate-into=\"auto\" data-phrase-index=\"2\"> iprotuupalno na zglobove i<\/span><span class=\"JLqJ4b ChMk0b\" data-language-for-alternatives=\"sl\" data-language-to-translate-into=\"auto\" data-phrase-index=\"4\"><strong>dovodi do ve\u0107e pokretljivosti kod pasa<\/strong> <strong>koji imaju problema s kretanjem, boluju od artritisa, displazije kuka ili lakta, i\u0161\u010da\u0161enja patele, <\/strong><\/span><strong><span class=\"JLqJ4b ChMk0b\" data-language-for-alternatives=\"sl\" data-language-to-translate-into=\"auto\" data-phrase-index=\"6\">poma\u017ee kod uko\u010denih, bolnih zglobova te vrlo uspje\u0161no <\/span><\/strong><span class=\"JLqJ4b ChMk0b\" data-language-for-alternatives=\"sl\" data-language-to-translate-into=\"auto\" data-phrase-index=\"8\"><strong>poti\u010de proces ozdravljenja nakon operacija<\/strong>, kao \u0161to su jer kri\u017eni ligament kida ligamente, diskus hernija i sli\u010dni mi\u0161i\u0107no-ko\u0161tani problemi. <\/span> <\/span><\/p>\n<p>Kombinacija i me\u0111udjelovanje svih kvalitetnih sastojaka u proizvodu prvenstveno djeluje ljekovito. Glukozamin, kondroitin i MSM (organski sumpor metilsulfonilmetan) va\u017ene su tvari koje tijelo treba za izgradnju ili obnovu zglobne hrskavice, ligamenata i stanica.<\/p>\n<\/div>\n<table>\n<tbody>\n<tr>\n<td width=\"577\"><strong>Sastojci za mjernu \u017eli\u010dicu 1,3 g (1,5 ml)<\/strong><\/td>\n<\/tr>\n<tr>\n<td width=\"577\">Glukozamin 2KCl \u2013 400 mg<\/td>\n<\/tr>\n<tr>\n<td width=\"577\">MSM \u2013 400 mg<\/td>\n<\/tr>\n<tr>\n<td width=\"577\">Zelenusna \u0161koljka &#8211; 250 mg<\/td>\n<\/tr>\n<tr>\n<td width=\"577\">Hondroitin sulfat \u2013 100 mg.<\/td>\n<\/tr>\n<tr>\n<td width=\"577\">Hidrolizat kolagena tipa II &#8211; 100 mg<\/td>\n<\/tr>\n<tr>\n<td width=\"577\">Hialuronska kiselina \u2013 15 mg<\/td>\n<\/tr>\n<tr>\n<td width=\"577\">Vitamin C \u2013 350mg<\/td>\n<\/tr>\n<tr>\n<td width=\"577\">Mangan \u2013 11mg<\/td>\n<\/tr>\n<\/tbody>\n<\/table>\n<p>&nbsp;<\/p>\n<table>\n<tbody>\n<tr>\n<td width=\"614\"><b>Doziranje &#8211; <\/b><b>pomije\u0161ajte s obrokom jednom dnevno (mjerna \u017eli\u010dica je uklju\u010dena).<\/b><\/td>\n<td width=\"614\"><\/td>\n<\/tr>\n<tr>\n<td width=\"307\">Manji psi\/ma\u010dke do 10 kg<\/td>\n<td width=\"307\">1 \u017eli\u010dica za mjerenje<\/td>\n<\/tr>\n<tr>\n<td width=\"307\">Psi 11-25kg<\/td>\n<td width=\"307\">2 \u017eli\u010dica za mjerenje<\/td>\n<\/tr>\n<tr>\n<td width=\"307\">Psi 26-40kg<\/td>\n<td width=\"307\">3 \u017eli\u010dice za mjerenje<\/td>\n<\/tr>\n<tr>\n<td width=\"307\">Psi 40 kg +<\/td>\n<td width=\"307\">4 \u017eli\u010dice za mjerenje<\/td>\n<\/tr>\n<\/tbody>\n<\/table>\n<p>&nbsp;<\/p>\n<table>\n<tbody>\n<tr>\n<td width=\"307\">Sadr\u017eaj proizvoda<\/td>\n<td width=\"307\">140g, 310g ili 620g u prahu<\/td>\n<\/tr>\n<\/tbody>\n<\/table>\n<p>&nbsp;<\/p>\n","protected":false},"excerpt":{"rendered":"<p>Joint powder plus <strong>namijenjen je psima koji imaju problema s kretanjem, boluju od artritisa, displazije lakta ili kukova te za potporu i lak\u0161i oporavak pasa nakon operacije zglobova.<br \/>\n<\/strong>Kod svih ovih problema, koji mogu ozbiljno utjecati na kvalitetu \u017eivota \u017eivotinje, kombinacija i me\u0111udjelovanje svih kvalitetnih sastojaka u proizvodu utje\u010du na ubla\u017eavanje ili ubrzavanje regeneracije zahva\u0107enih dijelova. Glukozamin, kondroitin i MSM, koji je prirodni izvor sumpora, va\u017ene su tvari potrebne tijelu za izgradnju i obnovu zglobne hrskavice, ligamenata i stanica.<\/p>\n","protected":false},"featured_media":16614,"comment_status":"closed","ping_status":"closed","template":"","meta":{"_acf_changed":false},"product_brand":[2953],"product_cat":[2920,2916],"product_tag":[],"class_list":{"0":"post-18596","1":"product","2":"type-product","3":"status-publish","4":"has-post-thumbnail","6":"product_brand-european-pet-pharmacy","7":"product_cat-ljekarna","8":"product_cat-prevencija-mobilnost-i-zglobovi","9":"pa_blagovna-znamka-european-pet-pharmacy-hr","10":"pa_primerno-za-prevencija","11":"pa_primerno-za-psi-s-akutnim-problemima","12":"pa_primerno-za-psi-svih-uzrasta","14":"first","15":"instock","16":"taxable","17":"shipping-taxable","18":"purchasable","19":"product-type-variable"},"acf":[],"_links":{"self":[{"href":"https:\/\/dingogear.si\/hr\/wp-json\/wp\/v2\/product\/18596","targetHints":{"allow":["GET"]}}],"collection":[{"href":"https:\/\/dingogear.si\/hr\/wp-json\/wp\/v2\/product"}],"about":[{"href":"https:\/\/dingogear.si\/hr\/wp-json\/wp\/v2\/types\/product"}],"replies":[{"embeddable":true,"href":"https:\/\/dingogear.si\/hr\/wp-json\/wp\/v2\/comments?post=18596"}],"wp:featuredmedia":[{"embeddable":true,"href":"https:\/\/dingogear.si\/hr\/wp-json\/wp\/v2\/media\/16614"}],"wp:attachment":[{"href":"https:\/\/dingogear.si\/hr\/wp-json\/wp\/v2\/media?parent=18596"}],"wp:term":[{"taxonomy":"product_brand","embeddable":true,"href":"https:\/\/dingogear.si\/hr\/wp-json\/wp\/v2\/product_brand?post=18596"},{"taxonomy":"product_cat","embeddable":true,"href":"https:\/\/dingogear.si\/hr\/wp-json\/wp\/v2\/product_cat?post=18596"},{"taxonomy":"product_tag","embeddable":true,"href":"https:\/\/dingogear.si\/hr\/wp-json\/wp\/v2\/product_tag?post=18596"}],"curies":[{"name":"wp","href":"https:\/\/api.w.org\/{rel}","templated":true}]}}