{"id":18601,"date":"2024-10-22T15:30:33","date_gmt":"2024-10-22T13:30:33","guid":{"rendered":"https:\/\/dingogear.si\/buffe-100-prirodni-pojacivac-okusa-za-pse-koji-ne-jedu\/"},"modified":"2025-09-09T12:00:31","modified_gmt":"2025-09-09T10:00:31","slug":"buffe-100-prirodni-pojacivac-okusa-za-pse-koji-ne-jedu","status":"publish","type":"product","link":"https:\/\/dingogear.si\/hr\/buffe-100-prirodni-pojacivac-okusa-za-pse-koji-ne-jedu\/","title":{"rendered":"BUFFE &#8211; 100% prirodni poja\u010diva\u010d okusa za pse koji ne jedu"},"content":{"rendered":"<p>Psi i ma\u010dke te\u0161ko \u0107e odoljeti prekrasnim mirisima na\u0161ih Buff\u00e9 proizvoda. Dostupno je nekoliko okusa: patka, govedina, pile\u0107i batak, ov\u010detina i sushi. Mo\u017ee se koristiti kao &#8220;za\u010din&#8221; u samom jelu ili se od praha mo\u017ee pomije\u0161ati s vodom i napraviti juhu te preliti hranu.<\/p>\n<p>Proizvod je pogodan za sve uzraste ma\u010daka i pasa.<\/p>\n<p>Sastojci:<\/p>\n<ul>\n<li>krumpirov \u0161krob 330 mg (66,6%)<\/li>\n<li>prirodne arome 110mg (22,3%)<\/li>\n<li>so 60mg (11,1%)<\/li>\n<\/ul>\n<p>Analiti\u010dki sastav:<\/p>\n<ul>\n<li>proteini 0%<\/li>\n<li>masti 0%<\/li>\n<li>pepeo 2.4%<\/li>\n<li>vlakna 0%<\/li>\n<\/ul>\n<p>&nbsp;<\/p>\n<p>Doziranje:<\/p>\n<p>ma\u010dka\/pas do 10 kg: 1 mjerica s 30 ml vode<\/p>\n<p>pas 20 kg: 2 mjerne \u017elice sa 60 ml vode<\/p>\n<p>pas 30 kg: 3 mjerne \u017elice s 90 ml vode<\/p>\n<p>pas 40 kg +: 4 mjerice sa 120 ml vode<\/p>\n<p>&nbsp;<\/p>\n<p>\u010cesto postavljana pitanja:<\/p>\n<p><em>Za\u0161to proizvod sadr\u017ei sol?<\/em><\/p>\n<p>Sam proizvod je vrlo koncentriran bez vode. Kada se pomije\u0161a s vodom, sadr\u017ei 0,3-0,4% soli.<\/p>\n<p><em>Za\u0161to proizvod sadr\u017ei krumpirov \u0161krob?<\/em><\/p>\n<p>Bez \u0161kroba proizvod bi bio previ\u0161e koncentriran i doziranje bi bilo gotovo nemogu\u0107e. Kada se pomije\u0161a s vodom, sadr\u017ei vrlo malo \u0161kroba.<\/p>\n<p><em>Proizvod ne sadr\u017ei proteine \u2013 mogu li ga koristiti i osobe sklone alergijama?<\/em><\/p>\n<p>Da, proizvod se sastoji od prirodnih aroma.<\/p>\n","protected":false},"excerpt":{"rendered":"<p>Buff\u00e9i su poja\u010diva\u010di arome i okusa te su stoga vrlo popularni proizvodi kod vlasnika izbirljivih i izbirljivih pasa ili ma\u010daka. Pra\u0161ak se mo\u017ee posipati nakon jela ili pomije\u0161ati s vodom. Ako \u017eelimo da na\u0161a \u017eivotinja pije vi\u0161e vode dnevno, ovo je tako\u0111er odli\u010dno rje\u0161enje!<\/p>\n","protected":false},"featured_media":18218,"comment_status":"closed","ping_status":"closed","template":"","meta":{"_acf_changed":false},"product_brand":[2953],"product_cat":[2920,2922,2923],"product_tag":[],"class_list":{"0":"post-18601","1":"product","2":"type-product","3":"status-publish","4":"has-post-thumbnail","6":"product_brand-european-pet-pharmacy","7":"product_cat-ljekarna","8":"product_cat-akutni-problemi","9":"product_cat-opce-zdravlje","10":"pa_okus-govedina-hr","11":"pa_okus-janjetina","12":"pa_okus-patka","13":"pa_okus-piletina","14":"pa_okus-sushi-hr","15":"pa_primerno-za-opce-zdravlje","16":"pa_primerno-za-psi-svih-uzrasta","18":"first","19":"instock","20":"taxable","21":"shipping-taxable","22":"purchasable","23":"product-type-variable"},"acf":[],"_links":{"self":[{"href":"https:\/\/dingogear.si\/hr\/wp-json\/wp\/v2\/product\/18601","targetHints":{"allow":["GET"]}}],"collection":[{"href":"https:\/\/dingogear.si\/hr\/wp-json\/wp\/v2\/product"}],"about":[{"href":"https:\/\/dingogear.si\/hr\/wp-json\/wp\/v2\/types\/product"}],"replies":[{"embeddable":true,"href":"https:\/\/dingogear.si\/hr\/wp-json\/wp\/v2\/comments?post=18601"}],"wp:featuredmedia":[{"embeddable":true,"href":"https:\/\/dingogear.si\/hr\/wp-json\/wp\/v2\/media\/18218"}],"wp:attachment":[{"href":"https:\/\/dingogear.si\/hr\/wp-json\/wp\/v2\/media?parent=18601"}],"wp:term":[{"taxonomy":"product_brand","embeddable":true,"href":"https:\/\/dingogear.si\/hr\/wp-json\/wp\/v2\/product_brand?post=18601"},{"taxonomy":"product_cat","embeddable":true,"href":"https:\/\/dingogear.si\/hr\/wp-json\/wp\/v2\/product_cat?post=18601"},{"taxonomy":"product_tag","embeddable":true,"href":"https:\/\/dingogear.si\/hr\/wp-json\/wp\/v2\/product_tag?post=18601"}],"curies":[{"name":"wp","href":"https:\/\/api.w.org\/{rel}","templated":true}]}}