{"id":18607,"date":"2023-11-30T00:00:00","date_gmt":"2023-11-29T23:00:00","guid":{"rendered":"https:\/\/dingogear.si\/dodatak-prehrani-blutpulver-za-snagu-i-izdrzljivost\/"},"modified":"2024-12-17T15:10:22","modified_gmt":"2024-12-17T14:10:22","slug":"dodatak-prehrani-blutpulver-za-snagu-i-izdrzljivost","status":"publish","type":"product","link":"https:\/\/dingogear.si\/hr\/dodatak-prehrani-blutpulver-za-snagu-i-izdrzljivost\/","title":{"rendered":"Dodatak prehrani BLUTPULVER za snagu i izdr\u017eljivost"},"content":{"rendered":"<p><span class=\"VIiyi\" lang=\"sl\"><span class=\"JLqJ4b ChMk0b\" data-language-for-alternatives=\"sl\" data-language-to-translate-into=\"en\" data-phrase-index=\"0\"><strong>Blutpulver<\/strong> ili krv u prahu je dodatak prehrani od gove\u0111e krvi. Hemoglobin, koji se nalazi u crvenim krvnim stanicama, tako\u0111er je sastavni dio krvi. <strong>Posao hemoglobina je prijenos kisika u krv va\u0161eg psa. <\/strong>Osim \u0161to je hemoglobin crveni pigment koji krvi daje crvenu boju, <strong>sadr\u017ei i \u017eeljezo<\/strong>. Ovo je va\u017eno znati, jer je upravo \u017eeljezo klju\u010dno za stvaranje hemoglobina. Budu\u0107i da aktivnije \u017eivotinje trebaju vi\u0161e hemoglobina, a time i vi\u0161e \u017eeljeza (kako bi se kisik u krvi mogao br\u017ee prenositi), <strong>blutpulver je izvrstan dodatak za vrlo aktivne pse,<\/strong> kao \u0161to su lova\u010dki ili sportski psi. Ve\u0107e koncentracije hemoglobina i \u017eeljeza u tijelu va\u0161eg ljubimca tako\u0111er doprinose snazi, izdr\u017eljivosti i op\u0107em blagostanju va\u0161eg ljubimca.<\/span><\/span><\/p>\n<p>Ostali minerali koji su, osim \u017eeljeza, prirodno prisutni u gove\u0111oj krvi u prahu su kalcij, fosfor, natrij, kalij, magnezij, bakar, mangan i cink. Svi ti minerali potrebni su za izgradnju tjelesnih stanica, stoga je <strong>Blutpulver idealan za poticanje ili regeneraciju mi\u0161i\u0107ne mase.<\/strong> Budu\u0107i da je krv, uz \u017eeljezo i druge minerale, izvrstan izvor izbjeljiva\u010da, <strong>blutpulver poti\u010de i rast ljep\u0161e, deblje i sjajnije kose<\/strong>, jer je kosa gra\u0111ena od keratina, koji je u osnovi protein. U<strong>pravo zbog sadr\u017eaja bjelan\u010devina, blutpulver se preporu\u010duje i kao dodatak hrani za pse koji ne jedu,<\/strong> jer tako lak\u0161e podmiruju dnevne potrebe za bjelan\u010devinama.<strong><br \/>\n<\/strong><br \/>\nZbog visokog udjela \u017eeljeza i drugih minerala sadr\u017eanih u krvnom prahu, <strong>prikladan je i kao dodatak prehrani \u017eenki u fazi parenja ili gravidnih \u017eenki. <\/strong>Preporu\u010damo da se s dodatkom po\u010dne otprilike tjedan dana prije o\u010dekivanog parenja i dodaje se svakodnevno oko dva mjeseca, sve dok se \u0161tenci ne okote.<\/p>\n<table>\n<tbody>\n<tr>\n<strong><\/p>\n<td width=\"307\">Sastojci:<\/td>\n<p><\/strong><\/p>\n<td width=\"307\">Gove\u0111a krv<\/td>\n<\/tr>\n<tr>\n<td width=\"307\">Sadr\u017eaj proizvoda<\/td>\n<td width=\"307\">800 g<\/td>\n<\/tr>\n<\/tbody>\n<\/table>\n<p>&nbsp;<\/p>\n<table>\n<tbody>\n<tr>\n<td width=\"307\"><strong>Doziranje<\/strong><\/td>\n<td width=\"307\"><\/td>\n<\/tr>\n<tr>\n<td width=\"307\">Kao dodatak prehrani ili poja\u010diva\u010d okusa<\/td>\n<td width=\"307\">1 do 2 \u017elice praha razrije\u0111ene s 2-5 dl vode (dodatni podaci na pakiranju)<\/td>\n<\/tr>\n<tr>\n<td width=\"307\">Za krvavi trag<\/td>\n<td width=\"307\">1 velika \u017elica razrije\u0111ena s 1-2 dl vode<\/td>\n<\/tr>\n<\/tbody>\n<\/table>\n","protected":false},"excerpt":{"rendered":"<p>BLUTPULVER krv u prahu je dodatak koji ima mnogo pozitivnih u\u010dinaka i mogu\u0107nosti primjene.<\/p>\n<p><strong>1. Izgradnja mi\u0161i\u0107a<\/strong> &#8211; poma\u017ee u izgradnji mi\u0161i\u0107a vrlo aktivnih ili mladih pasa koji su u fazi razvoja<span class=\"Apple-converted-space\"><br \/>\n<\/span><strong>2. Bolja dlaka<\/strong> &#8211;<span class=\"Apple-converted-space\">  <\/span>pobolj\u0161ava kvalitetu dlake koja postaje sjajnija, gu\u0161\u0107a i ja\u010da<br \/>\n<strong>3. Gravidne i dojilje <\/strong>&#8211; pogodan kao dohrana gravidnim kujama i kujama u laktaciji jer je odli\u010dan izvor \u017eeljeza i drugih va\u017enih minerala<br \/>\n<strong>4. Psi koji ne jedu <\/strong>&#8211; izvrstan dodatak za pse koji su izbirljivi u hrani i ne jedu dovoljno, jer poma\u017ee zadovoljiti potrebe za proteinima<br \/>\n<strong>5. Krvni trag <\/strong>&#8211; u lovnoj kinologiji mo\u017ee se koristiti krv u prahu (pomije\u0161ana s vodom) za krvni trag.<\/p>\n","protected":false},"featured_media":16290,"comment_status":"closed","ping_status":"closed","template":"","meta":{"_acf_changed":false},"product_brand":[2953],"product_cat":[2921,2920,2923],"product_tag":[],"class_list":{"0":"post-18607","1":"product","2":"type-product","3":"status-publish","4":"has-post-thumbnail","6":"product_brand-european-pet-pharmacy","7":"product_cat-aktivni-psi-oporavak-i-misicavost","8":"product_cat-ljekarna","9":"product_cat-opce-zdravlje","10":"pa_primerno-za-aktivni-psi","11":"pa_primerno-za-opce-zdravlje","13":"first","14":"instock","15":"purchasable","16":"product-type-simple"},"acf":[],"_links":{"self":[{"href":"https:\/\/dingogear.si\/hr\/wp-json\/wp\/v2\/product\/18607","targetHints":{"allow":["GET"]}}],"collection":[{"href":"https:\/\/dingogear.si\/hr\/wp-json\/wp\/v2\/product"}],"about":[{"href":"https:\/\/dingogear.si\/hr\/wp-json\/wp\/v2\/types\/product"}],"replies":[{"embeddable":true,"href":"https:\/\/dingogear.si\/hr\/wp-json\/wp\/v2\/comments?post=18607"}],"wp:featuredmedia":[{"embeddable":true,"href":"https:\/\/dingogear.si\/hr\/wp-json\/wp\/v2\/media\/16290"}],"wp:attachment":[{"href":"https:\/\/dingogear.si\/hr\/wp-json\/wp\/v2\/media?parent=18607"}],"wp:term":[{"taxonomy":"product_brand","embeddable":true,"href":"https:\/\/dingogear.si\/hr\/wp-json\/wp\/v2\/product_brand?post=18607"},{"taxonomy":"product_cat","embeddable":true,"href":"https:\/\/dingogear.si\/hr\/wp-json\/wp\/v2\/product_cat?post=18607"},{"taxonomy":"product_tag","embeddable":true,"href":"https:\/\/dingogear.si\/hr\/wp-json\/wp\/v2\/product_tag?post=18607"}],"curies":[{"name":"wp","href":"https:\/\/api.w.org\/{rel}","templated":true}]}}