{"id":18615,"date":"2023-11-30T00:00:00","date_gmt":"2024-12-17T14:40:44","guid":{"rendered":"https:\/\/dingogear.si\/probiotici-za-stabilizaciju-crijevne-flore\/"},"modified":"2024-12-17T15:40:44","modified_gmt":"2024-12-17T14:40:44","slug":"probiotici-za-stabilizaciju-crijevne-flore","status":"publish","type":"product","link":"https:\/\/dingogear.si\/hr\/probiotici-za-stabilizaciju-crijevne-flore\/","title":{"rendered":"PROBIOTICI za stabilizaciju crijevne flore"},"content":{"rendered":"<p><strong>Probiotici su, jednostavno re\u010deno, dobre bakterije koje osiguravaju odgovaraju\u0107i omjer mikroorganizama u crijevima i time osiguravaju dobrobit, pravilnu probavu i uravnote\u017eenu crijevnu floru.<\/strong> I mi ljudi koristimo probiotike kada imamo problema s probavom ili kada uzimamo antibiotike koji ubijaju sve; dobrih i lo\u0161ih bakterija. Zdrave probioti\u010dke bakterije nalaze se i u namirnicama poput jogurta, kiselog mlijeka i kefira.<br \/>\nProbioti\u010dke bakterije natje\u010du se za prostor s patogenim mikroorganizmima i tako sprje\u010davaju razmno\u017eavanje &#8220;lo\u0161ih&#8221; bakterija. Odre\u0111eni udio lo\u0161ih bakterija ostaje u probavnom traktu, va\u017ena \u010dinjenica je da govori u prilog probioti\u010dkih bakterija.  <\/p>\n<p><strong>Prednosti dodavanja probiotika va\u0161em psu:<\/strong><\/p>\n<ul>\n<li style=\"list-style-type: none;\">\n<ul>\n<li><strong>Poma\u017eu u odr\u017eavanju uravnote\u017eene probave<\/strong> (manje probavnih problema, nadutosti, vjetrova, proljeva, povra\u0107anja i sl.).<\/li>\n<li>Probiotici <strong>smanjuju mogu\u0107nost rijetke stolice.<\/strong><\/li>\n<li>Probiotici su <strong>odli\u010dna potpora probavnom sustavu pri promjeni hrane.<\/strong><\/li>\n<li>Probiotici <strong>ja\u010daju crijevnu sluznicu i tako poma\u017eu u blokiranju toksina i alergena.<\/strong><\/li>\n<li>Kod uzimanja antibiotika probiotici odr\u017eavaju crijevnu floru i na taj na\u010din <strong>sprje\u010davaju \u0161tetno djelovanje antibiotika.<\/strong><\/li>\n<li><strong>Probiotici osiguravaju ja\u010danje imunolo\u0161kog sustava.<\/strong> Velik broj stanica imunolo\u0161kog sustava nalazi se u gastrointestinalnom traktu; probiotici stimuliraju imunolo\u0161ki sustav stvaranjem za\u0161titnih stanica. \u010cak 70% svih imunolo\u0161kih stanica nalazi se u probavnom traktu. <\/li>\n<li>Do poreme\u0107aja crijevne flore mo\u017ee do\u0107i i zbog stresa, \u0161to mo\u017ee uzrokovati \u010de\u0161anje i gubitak kose. <strong>Probioticima uspostavljate ravnote\u017eu u crijevima i brinete za zdravu kosu i ko\u017eu.<\/strong><\/li>\n<li><strong>Probiotici pobolj\u0161avaju apsorpciju (upijanje) hranjivih tvari iz tankog crijeva u krv<\/strong>, \u0161to rezultira boljom probavom, manjim problemima s proljevom i povra\u0107anjem.<\/li>\n<\/ul>\n<\/li>\n<\/ul>\n<ul>\n<li style=\"list-style-type: none;\">\n<\/li>\n<\/ul>\n<p><strong>Mo\u017eemo ih koristiti za: <\/strong><\/p>\n<ul>\n<li style=\"list-style-type: none;\">\n<ul>\n<li><strong><span style=\"text-decoration: underline;\">Pretjerano linjanje i \u010de\u0161anje<\/span><\/strong> \u010dest je znak stresa, raznih alergija i lo\u0161e prehrane. Suha ko\u017ea s prhuti kod psa mo\u017ee se pojaviti zbog prekomjernog rasta gljivica &#8211; &#8220;lo\u0161ih bakterija&#8221; i neadekvatne prehrane. Do nekontroliranog i u\u010destalog \u010de\u0161anja dolazi i zbog prekomjernog rasta gljivica i alergija na hranu. Sve probleme najlak\u0161e \u0107ete rije\u0161iti promjenom prehrane, a &#8220;kura&#8221; probioticima olak\u0161at \u0107e vam posao i ubrzati proces regeneracije. <\/li>\n<li><strong><u>Ponavljaju\u0107e upale uha <\/u><\/strong>Infekcije uha kod pasa \u010desto nastaju zbog rasta &#8220;lo\u0161ih bakterija&#8221; u probavnom traktu. Probioticima regulirate crijevnu floru i uspostavljate ravnote\u017eu u korist \u201edobrih bakterija\u201c.<\/li>\n<li><strong><u>Probavne tegobe<\/u><\/strong> Probiotici mogu ubla\u017eiti i regulirati akutne probavne tegobe, kao \u0161to su npr. pojava mekane stolice, proljev (koji nastaje zbog razmno\u017eavanja patogenih bakterija), zatvor kod psa, nadutost, nadutost itd. <\/li>\n<li><span style=\"text-decoration: underline;\"><strong>Kori\u0161tenje antibiotika ili drugih lijekova<\/strong><\/span> Ako va\u0161e \u0161tene mora uzimati antibiotike ili neke druge lijekove koji mogu uni\u0161titi crijevnu floru, korisno je dodati probiotike. Ako se antibiotici i probiotici daju u istom razdoblju, probiotike psu ponudite s odgodom od nekoliko sati. Po\u017eeljno je da se i &#8220;kura&#8221; probioticima napravi nakon zavr\u0161enog antibiotskog lije\u010denja.  <\/li>\n<li><strong><span style=\"text-decoration: underline;\">Probiotici olak\u0161avaju prelazak na novu hranu<\/span><\/strong> Kod promjene hrane va\u017eno je postupno navikavati probavni sustav psa na druga\u010diju hranu. Ovo je posebno va\u017eno ako \u0107ete brikete mijenjati za hladno pre\u0161ane pelete ili za sirovu hranu. Probiotici potpoma\u017eu crijevnu floru da lak\u0161e prati te promjene, \u010dime se izbjegavaju proljevi, nadutost, vjetrovi koji se mogu javiti pri prelasku na novu hranu.  <\/li>\n<li><strong><span style=\"text-decoration: underline;\">Pasji zadah<\/span><\/strong> Pretjerano razmno\u017eavanje &#8220;lo\u0161ih bakterija&#8221; uzrokuje pse\u0107e mirise poput lo\u0161eg zadaha i vrlo smrdljive kakice. S probioticima uspostavljate ravnote\u017eu izme\u0111u dobrih i lo\u0161ih bakterija i tako utje\u010dete i na mirise va\u0161eg psa. <\/li>\n<\/ul>\n<\/li>\n<\/ul>\n<ul>\n<li style=\"list-style-type: none;\">\n<\/li>\n<\/ul>\n<table>\n<tbody>\n<tr>\n<td width=\"121\"><strong>Sastojci:<\/strong><\/td>\n<td width=\"494\"><\/td>\n<\/tr>\n<tr>\n<td colspan=\"2\" width=\"614\">gro\u017e\u0111ani \u0161e\u0107er<\/td>\n<\/tr>\n<tr>\n<td colspan=\"2\" width=\"614\">mannan-oligosaharidi (MOS)<\/td>\n<\/tr>\n<tr>\n<td colspan=\"2\" width=\"614\">pivski kvasac<\/td>\n<\/tr>\n<tr>\n<td colspan=\"2\" width=\"614\">inulin (FOS iz korijena cikorije)<\/td>\n<\/tr>\n<tr>\n<td colspan=\"2\" width=\"614\">pile\u0107i proteini<\/td>\n<\/tr>\n<tr>\n<td colspan=\"2\" width=\"614\">aminokiseline (taurin)<\/td>\n<\/tr>\n<tr>\n<td colspan=\"2\" width=\"614\">minerali (cinkov sulfat, magnezijev sulfat, kalijev jodid)<\/td>\n<\/tr>\n<tr>\n<td colspan=\"2\" width=\"614\">vitamini (DL-alfa tokoferil acetat (Vitamin E), retinil acetat (Vitamin A), klorokalciferol (vitamin D3, biotin (vitamin B kompleksa))<\/td>\n<\/tr>\n<tr>\n<td colspan=\"2\" width=\"614\">dodane \u017eivotinjske biokulture: Faecium enterococci (DSM 10663 NCIMB 10415\/4b1707. 1,8\u00d710(12) CFU\/kg <\/td>\n<\/tr>\n<\/tbody>\n<\/table>\n<p>&nbsp;<\/p>\n<table>\n<tbody>\n<tr>\n<td width=\"99\"><strong>Aditivi:<\/strong><\/td>\n<td width=\"144\"><\/td>\n<\/tr>\n<tr>\n<td colspan=\"2\" width=\"243\">E3a672a vitamin A 2000 IU\/kg<\/td>\n<\/tr>\n<tr>\n<td colspan=\"2\" width=\"243\">E3a671 vitamin D3 200 IU\/kg<\/td>\n<\/tr>\n<tr>\n<td colspan=\"2\" width=\"243\">E3a700 vitamin E 25 mg\/kg<\/td>\n<\/tr>\n<tr>\n<td colspan=\"2\" width=\"243\">E3a880 biotin 40 ug\/kg<\/td>\n<\/tr>\n<tr>\n<td colspan=\"2\" width=\"243\">E3a370 tavrin 600 mg\/kg<\/td>\n<\/tr>\n<tr>\n<td colspan=\"2\" width=\"243\">E2 jod 100 ug\/kg<\/td>\n<\/tr>\n<tr>\n<td colspan=\"2\" width=\"243\">E5 mangan 0.3 mg\/kg<\/td>\n<\/tr>\n<tr>\n<td colspan=\"2\" width=\"243\">E6 cink 0,8 mg\/kg<\/td>\n<\/tr>\n<\/tbody>\n<tbody>\n<tr>\n<td width=\"158\"><strong>Analiti\u010dki sastav:<\/strong><\/td>\n<td width=\"85\"><\/td>\n<\/tr>\n<tr>\n<td colspan=\"2\" width=\"243\">bjelan\u010devine 8,7%<\/td>\n<\/tr>\n<tr>\n<td colspan=\"2\" width=\"243\">masti 2,4%<\/td>\n<\/tr>\n<tr>\n<td colspan=\"2\" width=\"243\">pepeo 7,4 %<\/td>\n<\/tr>\n<tr>\n<td colspan=\"2\" width=\"243\">voda 1,2 %<\/td>\n<\/tr>\n<tr>\n<td colspan=\"2\" width=\"243\">energetska vrijednost 4 kcal\/g<\/td>\n<\/tr>\n<\/tbody>\n<tbody>\n<tr>\n<td width=\"614\">&nbsp;<\/p>\n<p><strong>Doziranje:<br \/>\nPomije\u0161ajte s obrokom i rasporedite dnevnu koli\u010dinu tijekom dana<\/strong> (mjerna \u017eli\u010dica je uklju\u010dena). Jedna mjerica sadr\u017ei 0,5 g praha i sadr\u017ei 900 milijuna bakterija mlije\u010dne kiseline. <strong><br \/>\n<\/strong><\/td>\n<td width=\"614\"><\/td>\n<\/tr>\n<tr>\n<td width=\"307\">Manji psi\/ma\u010dke do 5 kg<\/td>\n<td width=\"307\">1 mjerica<\/td>\n<\/tr>\n<tr>\n<td width=\"307\">Psi\/ma\u010dke od 6-15 kg<\/td>\n<td width=\"307\">2 mjerne \u017elice<\/td>\n<\/tr>\n<tr>\n<td width=\"307\">Psi 16-30kg<\/td>\n<td width=\"307\">3 mjerne \u017elice<\/td>\n<\/tr>\n<tr>\n<td width=\"307\">Psi 30 kg +<\/td>\n<td width=\"307\">4 mjerne \u017elice<\/td>\n<\/tr>\n<\/tbody>\n<tbody>\n<tr>\n<td width=\"307\">Sadr\u017eaj proizvoda<\/td>\n<td width=\"307\">40 g<\/td>\n<\/tr>\n<\/tbody>\n<\/table>\n","protected":false},"excerpt":{"rendered":"<p>Probiotici European Pet Pharmacy sastoje se od bakterija mlije\u010dne kiseline koje imaju dobar u\u010dinak i <strong>poma\u017eu stabilizirati crijevnu floru<\/strong>. <strong>Poma\u017eu <\/strong>k<strong>od proljeva, zatvora, stresnih situacija, prelaska na drugu hranu, prekomjernog gubitka kose, potpore imunolo\u0161kom sustavu ili lije\u010denju antibioticima.<\/strong> Zbog sastojaka koje proizvod sadr\u017ei, mogu se dodavati i \u0161tencima.<\/p>\n","protected":false},"featured_media":16320,"comment_status":"closed","ping_status":"closed","template":"","meta":{"_acf_changed":false},"product_brand":[2953],"product_cat":[2922,2920,2923],"product_tag":[],"class_list":{"0":"post-18615","1":"product","2":"type-product","3":"status-publish","4":"has-post-thumbnail","6":"product_brand-european-pet-pharmacy","7":"product_cat-akutni-problemi","8":"product_cat-ljekarna","9":"product_cat-opce-zdravlje","10":"pa_primerno-za-opce-zdravlje","11":"pa_primerno-za-psi-s-akutnim-problemima","12":"pa_primerno-za-psi-svih-uzrasta","14":"first","15":"instock","16":"purchasable","17":"product-type-simple"},"acf":[],"_links":{"self":[{"href":"https:\/\/dingogear.si\/hr\/wp-json\/wp\/v2\/product\/18615","targetHints":{"allow":["GET"]}}],"collection":[{"href":"https:\/\/dingogear.si\/hr\/wp-json\/wp\/v2\/product"}],"about":[{"href":"https:\/\/dingogear.si\/hr\/wp-json\/wp\/v2\/types\/product"}],"replies":[{"embeddable":true,"href":"https:\/\/dingogear.si\/hr\/wp-json\/wp\/v2\/comments?post=18615"}],"wp:featuredmedia":[{"embeddable":true,"href":"https:\/\/dingogear.si\/hr\/wp-json\/wp\/v2\/media\/16320"}],"wp:attachment":[{"href":"https:\/\/dingogear.si\/hr\/wp-json\/wp\/v2\/media?parent=18615"}],"wp:term":[{"taxonomy":"product_brand","embeddable":true,"href":"https:\/\/dingogear.si\/hr\/wp-json\/wp\/v2\/product_brand?post=18615"},{"taxonomy":"product_cat","embeddable":true,"href":"https:\/\/dingogear.si\/hr\/wp-json\/wp\/v2\/product_cat?post=18615"},{"taxonomy":"product_tag","embeddable":true,"href":"https:\/\/dingogear.si\/hr\/wp-json\/wp\/v2\/product_tag?post=18615"}],"curies":[{"name":"wp","href":"https:\/\/api.w.org\/{rel}","templated":true}]}}