{"id":18616,"date":"2023-11-30T00:00:00","date_gmt":"2024-12-18T09:50:38","guid":{"rendered":"https:\/\/dingogear.si\/dodatak-prehrani-juniorflex-za-pomoc-u-stvaranju-zglobne-hrskavice\/"},"modified":"2024-12-18T10:50:38","modified_gmt":"2024-12-18T09:50:38","slug":"dodatak-prehrani-juniorflex-za-pomoc-u-stvaranju-zglobne-hrskavice","status":"publish","type":"product","link":"https:\/\/dingogear.si\/hr\/dodatak-prehrani-juniorflex-za-pomoc-u-stvaranju-zglobne-hrskavice\/","title":{"rendered":"Dodatak prehrani JUNIORFLEX za pomo\u0107 u stvaranju zglobne hrskavice"},"content":{"rendered":"<p><strong>Dodatak prehrani Juniorflex<\/strong> posebno je kreiran <strong>za \u0161tence u dobi od 5-18 mjeseci.<\/strong> <strong>Sadr\u017ei zelenousnu dagnju koja je jedna od najva\u017enijih komponenti za stvaranje zglobne hrskavice i sinovijalne teku\u0107ine. Dodan je i vitamin C koji osigurava bolju probavu i ja\u010da imunolo\u0161ki sustav. <\/strong><\/p>\n<p><span class=\"VIiyi\" lang=\"sl\"><span class=\"JLqJ4b\" data-language-for-alternatives=\"sl\" data-language-to-translate-into=\"auto\" data-phrase-index=\"0\">Green Lipped Mussel je prirodni proizvod s Novog Zelanda koji sadr\u017ei mnoge hranjive tvari korisne za zdravlje zglobova kod mladih pasa, kao \u0161to su glukozamin i kondroitin, nezasi\u0107ene masti, omega 3 ETA, -6, -9 i razne druge minerale. Zelenusna dagnja poti\u010de normalan rad zglobova kod pasa i poma\u017ee u ubla\u017eavanju problema s uko\u010denim i bolnim zglobovima, koji su \u010desti kod mladih pasa i pasa u razvoju. Kao prirodni izvor kondroitina, va\u017ean je gradivni blok za zglobnu hrskavicu.   <\/span><\/span><\/p>\n<p><span class=\"VIiyi\" lang=\"sl\"><span class=\"JLqJ4b\" data-language-for-alternatives=\"sl\" data-language-to-translate-into=\"auto\" data-phrase-index=\"0\">Vitamin C podr\u017eava \u0161irok raspon funkcija u tijelu pasa. Poti\u010de sna\u017ean imunolo\u0161ki sustav i sadr\u017ei antioksidanse koji \u0161tite tijelo od slobodnih radikala koje proizvodi tjelesni metabolizam. Vitamin C tako\u0111er poma\u017ee u stvaranju kolagena (sna\u017ena, spu\u017evasta vlakna hrskavice, ligamenata, tetiva i kostiju), koji je neophodan za zdrav rast zglobova. \u0160tenci i mladi psi \u010desto do\u017eivljavaju stres, bolesti i ozljede, a poznato je da se u tom razdoblju prirodne zalihe vitamina C u psu iscrpljuju, pa se preporu\u010da dodavati samo onoliko koliko je tijelu stvarno potrebno. Vitamin C European Pet Pharmacy je u obliku kalcijevog askorbata koji se odli\u010dno apsorbira u tijelu, a istovremeno ima vrlo nje\u017ean u\u010dinak na probavni sustav, pa je pogodan i za pse s osjetljivim \u017eelucem.     <\/span><\/span><\/p>\n<p>&nbsp;<\/p>\n<table>\n<tbody>\n<tr>\n<td width=\"92\"><strong>Sastojci:<\/strong><\/td>\n<td colspan=\"2\" width=\"401\"><\/td>\n<\/tr>\n<tr>\n<td colspan=\"3\" width=\"493\">Liofilizirani prah zelenousne dagnje s Novog Zelanda<\/td>\n<\/tr>\n<tr>\n<td colspan=\"3\" width=\"493\">Kalcijev askorbat<\/td>\n<\/tr>\n<tr>\n<td colspan=\"2\" width=\"216\">Sadr\u017eaj proizvoda:<\/td>\n<td width=\"277\">204 g<\/td>\n<\/tr>\n<\/tbody>\n<\/table>\n<p>&nbsp;<\/p>\n<table>\n<tbody>\n<tr>\n<td colspan=\"2\" width=\"614\"><strong>Doziranje<br \/>\nPomije\u0161ajte s obrokom jednom dnevno (mjerna \u017eli\u010dica je uklju\u010dena).<\/strong><\/td>\n<\/tr>\n<tr>\n<td width=\"307\">Mali psi\/ma\u010dke do 10 kg<\/td>\n<td width=\"307\">1 mjerica<\/td>\n<\/tr>\n<tr>\n<td width=\"307\">Psi 10-20kg<\/td>\n<td width=\"307\">2 mjerice<\/td>\n<\/tr>\n<tr>\n<td width=\"307\">Psi 20-30kg<\/td>\n<td width=\"307\">3 mjerice<\/td>\n<\/tr>\n<tr>\n<td width=\"307\">Psi 30 -40 kg +<\/td>\n<td width=\"307\">4 mjerice<\/td>\n<\/tr>\n<\/tbody>\n<\/table>\n<p>&nbsp;<\/p>\n","protected":false},"excerpt":{"rendered":"<p>Juniorflex je dodatak koji <strong>poma\u017ee u stvaranju zglobne hrskavice i zglobne teku\u0107ine, ja\u010da imunolo\u0161ki sustav i osigurava bolju probavu.<\/strong> Napravljen je posebno za \u0161tence i mlade pse od 5 do 18 mjeseci. U ovom dobnom razdoblju pas najintenzivnije raste i razvija se, stoga je vrlo va\u017eno da ima na raspolaganju dovoljno odgovaraju\u0107ih hranjivih tvari za zdrav fizi\u010dki razvoj. Zbog optimalnog omjera sastojaka, Juniorflex zadovoljava potrebe organizma u ovim<\/p>\n<p>  <span class=\"Apple-converted-space\">  <\/span>kriti\u010dnim mjesecima.<\/p>\n","protected":false},"featured_media":16296,"comment_status":"closed","ping_status":"closed","template":"","meta":{"_acf_changed":false},"product_brand":[2953],"product_cat":[2920,2916],"product_tag":[],"class_list":{"0":"post-18616","1":"product","2":"type-product","3":"status-publish","4":"has-post-thumbnail","6":"product_brand-european-pet-pharmacy","7":"product_cat-ljekarna","8":"product_cat-prevencija-mobilnost-i-zglobovi","9":"pa_blagovna-znamka-european-pet-pharmacy-hr","10":"pa_primerno-za-prevencija","11":"pa_primerno-za-stenci-od-5-do-18-mjeseci-starosti","13":"first","14":"instock","15":"purchasable","16":"product-type-simple"},"acf":[],"_links":{"self":[{"href":"https:\/\/dingogear.si\/hr\/wp-json\/wp\/v2\/product\/18616","targetHints":{"allow":["GET"]}}],"collection":[{"href":"https:\/\/dingogear.si\/hr\/wp-json\/wp\/v2\/product"}],"about":[{"href":"https:\/\/dingogear.si\/hr\/wp-json\/wp\/v2\/types\/product"}],"replies":[{"embeddable":true,"href":"https:\/\/dingogear.si\/hr\/wp-json\/wp\/v2\/comments?post=18616"}],"wp:featuredmedia":[{"embeddable":true,"href":"https:\/\/dingogear.si\/hr\/wp-json\/wp\/v2\/media\/16296"}],"wp:attachment":[{"href":"https:\/\/dingogear.si\/hr\/wp-json\/wp\/v2\/media?parent=18616"}],"wp:term":[{"taxonomy":"product_brand","embeddable":true,"href":"https:\/\/dingogear.si\/hr\/wp-json\/wp\/v2\/product_brand?post=18616"},{"taxonomy":"product_cat","embeddable":true,"href":"https:\/\/dingogear.si\/hr\/wp-json\/wp\/v2\/product_cat?post=18616"},{"taxonomy":"product_tag","embeddable":true,"href":"https:\/\/dingogear.si\/hr\/wp-json\/wp\/v2\/product_tag?post=18616"}],"curies":[{"name":"wp","href":"https:\/\/api.w.org\/{rel}","templated":true}]}}