{"id":18619,"date":"2023-11-30T00:00:00","date_gmt":"2023-11-29T23:00:00","guid":{"rendered":"https:\/\/dingogear.si\/multiflex-za-vzdrzevanje-delovanja-sklepov\/"},"modified":"2024-12-19T10:29:12","modified_gmt":"2024-12-19T09:29:12","slug":"multiflex-za-vzdrzevanje-delovanja-sklepov","status":"publish","type":"product","link":"https:\/\/dingogear.si\/hr\/multiflex-za-vzdrzevanje-delovanja-sklepov\/","title":{"rendered":"MULTIFLEX za odr\u017eavanje funkcije zglobova"},"content":{"rendered":"<p><strong>Multiflex je pomno odabrana mje\u0161avina sna\u017enih hranjivih tvari neophodnih za odr\u017eavanje zdravih i potpuno funkcionalnih zglobova tijekom cijelog \u017eivota aktivnog psa. <\/strong>Ima brze i u\u010dinkovite rezultate, radi na za\u0161titi i njezi zdrave strukture zglobova, uklju\u010duju\u0107i hrskavicu, tetive, ligamente i ko\u0161tane stanice, pridonose\u0107i aktivnom i bezbolnom \u017eivotu va\u0161eg ljubimca.<\/p>\n<p><span class=\"VIiyi\" lang=\"sl\"><span class=\"JLqJ4b ChMk0b\" data-language-for-alternatives=\"sl\" data-language-to-translate-into=\"auto\" data-phrase-index=\"2\">Multiflex proizvod je dizajniran tako da se sastojci mije\u0161aju u optimalnim koli\u010dinama, za maksimalnu apsorpciju u organizam uz minimalne gubitke. Stoga mo\u017eete biti sigurni da \u0107e va\u0161i ljubimci imati koristi od svih pozitivnih elemenata u na\u0161oj mje\u0161avini. <\/span><\/span><\/p>\n<p>Multiflex se preporu\u010da odraslim psima od 1,5 do 7 godina i aktivnim psima, jer sprje\u010dava i ubla\u017eava bolove u zglobovima uslijed vrlo aktivnog kretanja, igre ili op\u0107enito fizi\u010dkog napora zglobova.<\/p>\n<p>&nbsp;<\/p>\n<table>\n<tbody>\n<tr>\n<td width=\"74\"><strong>Sastojci:<\/strong><\/td>\n<td width=\"363\"><\/td>\n<\/tr>\n<tr>\n<td colspan=\"2\" width=\"437\">Glukozamin sulfat 2kcl<\/td>\n<\/tr>\n<tr>\n<td colspan=\"2\" width=\"437\">Metilsulfonilmetan<\/td>\n<\/tr>\n<tr>\n<td colspan=\"2\" width=\"437\">Liofilizirani prah zelenousne dagnje<\/td>\n<\/tr>\n<tr>\n<td colspan=\"2\" width=\"437\">L-arginin<\/td>\n<\/tr>\n<tr>\n<td colspan=\"2\" width=\"437\">Hondroitin sulfat<\/td>\n<\/tr>\n<tr>\n<td colspan=\"2\" width=\"437\">Kalcijev askorbat (vitamin C)<\/td>\n<\/tr>\n<tr>\n<td colspan=\"2\" width=\"437\">Mangan<\/td>\n<\/tr>\n<\/tbody>\n<\/table>\n<p>&nbsp;<\/p>\n<table>\n<tbody>\n<tr>\n<td width=\"312\"><strong>Koli\u010dina po mjernoj \u017eli\u010dici &#8211; 1,4 g (2 ml)<\/strong><\/td>\n<td width=\"249\"><\/td>\n<\/tr>\n<tr>\n<td colspan=\"2\" width=\"561\">Glukozamin \u2013 400 mg<\/td>\n<\/tr>\n<tr>\n<td colspan=\"2\" width=\"561\">MSM \u2013 400 mg<\/td>\n<\/tr>\n<tr>\n<td colspan=\"2\" width=\"561\">Zelenusna \u0161koljka &#8211; 250 mg<\/td>\n<\/tr>\n<tr>\n<td colspan=\"2\" width=\"561\">L \u2013 arginin \u2013 200 mg<\/td>\n<\/tr>\n<tr>\n<td colspan=\"2\" width=\"561\">Vitamin C \u2013 50 mg<\/td>\n<\/tr>\n<tr>\n<td colspan=\"2\" width=\"561\">Mangan &#8211; 11 mg<\/td>\n<\/tr>\n<\/tbody>\n<\/table>\n<p>&nbsp;<\/p>\n<table>\n<tbody>\n<tr>\n<td colspan=\"2\" width=\"614\"><strong>Doziranje<br \/>\nPomije\u0161ajte s obrokom jednom dnevno (mjerna \u017eli\u010dica je uklju\u010dena).<\/strong><\/td>\n<\/tr>\n<tr>\n<td width=\"307\">Mali psi\/ma\u010dke do 10 kg<\/td>\n<td width=\"307\">1 mjerica<\/td>\n<\/tr>\n<tr>\n<td width=\"307\">Psi 10-20kg<\/td>\n<td width=\"307\">2 mjerice<\/td>\n<\/tr>\n<tr>\n<td width=\"307\">Psi 20-30kg<\/td>\n<td width=\"307\">3 mjerice<\/td>\n<\/tr>\n<tr>\n<td width=\"307\">Psi 30 -40 kg +<\/td>\n<td width=\"307\">4 mjerice<\/td>\n<\/tr>\n<\/tbody>\n<\/table>\n<p>&nbsp;<\/p>\n<table>\n<tbody>\n<tr>\n<td width=\"307\">Sadr\u017eaj produkta<\/td>\n<td width=\"307\">140 g<\/td>\n<\/tr>\n<\/tbody>\n<\/table>\n","protected":false},"excerpt":{"rendered":"<p><strong>Multiflex je proizvod koji poma\u017ee u odr\u017eavanju zdravih i potpuno funkcionalnih zglobova, uklju\u010duju\u0107i hrskavicu, tetive, ligamente i ko\u0161tane stanice, odnosno odr\u017eavanju dobrog stanja mi\u0161i\u0107no-ko\u0161tanog sustava op\u0107enito.<\/strong> <br \/>Uglavnom je namijenjen <strong>odraslim psima od oko 18 mjeseci do 7 godina<\/strong>. Pogodan je za sve pse, kako za aktivne i natjecateljske tako i za obiteljske pse. Kod bla\u017eih bolova u zglobovima multiflex mo\u017ee djelovati i ljekovito, jer ubla\u017eava simptome i daje o\u010dite rezultate. <span class=\"Apple-converted-space\"> <\/span><\/p>\n","protected":false},"featured_media":16299,"comment_status":"closed","ping_status":"closed","template":"","meta":{"_acf_changed":false},"product_brand":[2953],"product_cat":[2920,2916],"product_tag":[],"class_list":{"0":"post-18619","1":"product","2":"type-product","3":"status-publish","4":"has-post-thumbnail","6":"product_brand-european-pet-pharmacy","7":"product_cat-ljekarna","8":"product_cat-prevencija-mobilnost-i-zglobovi","9":"pa_primerno-za-od-18-mjeseci-do-7-godina-starosti","10":"pa_primerno-za-prevencija","12":"first","13":"instock","14":"taxable","15":"shipping-taxable","16":"purchasable","17":"product-type-variable"},"acf":[],"_links":{"self":[{"href":"https:\/\/dingogear.si\/hr\/wp-json\/wp\/v2\/product\/18619","targetHints":{"allow":["GET"]}}],"collection":[{"href":"https:\/\/dingogear.si\/hr\/wp-json\/wp\/v2\/product"}],"about":[{"href":"https:\/\/dingogear.si\/hr\/wp-json\/wp\/v2\/types\/product"}],"replies":[{"embeddable":true,"href":"https:\/\/dingogear.si\/hr\/wp-json\/wp\/v2\/comments?post=18619"}],"wp:featuredmedia":[{"embeddable":true,"href":"https:\/\/dingogear.si\/hr\/wp-json\/wp\/v2\/media\/16299"}],"wp:attachment":[{"href":"https:\/\/dingogear.si\/hr\/wp-json\/wp\/v2\/media?parent=18619"}],"wp:term":[{"taxonomy":"product_brand","embeddable":true,"href":"https:\/\/dingogear.si\/hr\/wp-json\/wp\/v2\/product_brand?post=18619"},{"taxonomy":"product_cat","embeddable":true,"href":"https:\/\/dingogear.si\/hr\/wp-json\/wp\/v2\/product_cat?post=18619"},{"taxonomy":"product_tag","embeddable":true,"href":"https:\/\/dingogear.si\/hr\/wp-json\/wp\/v2\/product_tag?post=18619"}],"curies":[{"name":"wp","href":"https:\/\/api.w.org\/{rel}","templated":true}]}}