{"id":18753,"date":"2025-02-07T12:21:44","date_gmt":"2025-02-07T11:21:44","guid":{"rendered":"https:\/\/dingogear.si\/?post_type=product&#038;p=18753"},"modified":"2025-09-09T11:51:42","modified_gmt":"2025-09-09T09:51:42","slug":"aport-puck-pak-s-ruckom-od-30-cm-kopija","status":"publish","type":"product","link":"https:\/\/dingogear.si\/hr\/aport-puck-pak-s-ruckom-od-30-cm-kopija\/","title":{"rendered":"Aport KOCKA CUBE 10x10cm"},"content":{"rendered":"<p><a href=\"https:\/\/dingogear.si\/wp-content\/uploads\/2018\/11\/\u017eoga_RING_VEL.jpg\"><img decoding=\"async\" class=\"aligncenter size-full wp-image-3358\" src=\"https:\/\/dingogear.si\/wp-content\/uploads\/2018\/11\/\u017eoga_RING_VEL.jpg\" alt=\"\" width=\"1563\" height=\"772\" title=\"\" srcset=\"https:\/\/dingogear.si\/wp-content\/uploads\/2018\/11\/\u017eoga_RING_VEL.jpg 1563w, https:\/\/dingogear.si\/wp-content\/uploads\/2018\/11\/\u017eoga_RING_VEL-300x148.jpg 300w, https:\/\/dingogear.si\/wp-content\/uploads\/2018\/11\/\u017eoga_RING_VEL-768x379.jpg 768w, https:\/\/dingogear.si\/wp-content\/uploads\/2018\/11\/\u017eoga_RING_VEL-1024x506.jpg 1024w, https:\/\/dingogear.si\/wp-content\/uploads\/2018\/11\/\u017eoga_RING_VEL-200x99.jpg 200w, https:\/\/dingogear.si\/wp-content\/uploads\/2018\/11\/\u017eoga_RING_VEL-400x198.jpg 400w, https:\/\/dingogear.si\/wp-content\/uploads\/2018\/11\/\u017eoga_RING_VEL-600x296.jpg 600w, https:\/\/dingogear.si\/wp-content\/uploads\/2018\/11\/\u017eoga_RING_VEL-800x395.jpg 800w, https:\/\/dingogear.si\/wp-content\/uploads\/2018\/11\/\u017eoga_RING_VEL-1200x593.jpg 1200w, https:\/\/dingogear.si\/wp-content\/uploads\/2018\/11\/\u017eoga_RING_VEL-500x247.jpg 500w, https:\/\/dingogear.si\/wp-content\/uploads\/2018\/11\/\u017eoga_RING_VEL-700x346.jpg 700w\" sizes=\"(max-width: 1563px) 100vw, 1563px\" \/><\/a><\/p>\n","protected":false},"excerpt":{"rendered":"<p>Aport KOCKA CUBE veli\u010dine 10x10cm<\/p>\n<p>Kocka je odli\u010dna za u\u010denje aportiranja. U usporedbi s loptom prikladnija je veli\u010dinom (stane izravno u prostor izme\u0111u glava drvenog retrivera) i oblikom (psu ju je lak\u0161e uhvatiti nego loptu). Mnogima je korisnija od loptice jer ostaje na tlu i nema tendenciju otkotrljati se kada se podigne (pas je lak\u0161e zgrabi zajedno s hvataljkom).  <\/p>\n<p>Tako\u0111er je lak\u0161e dr\u017eati pod bradom (ljudi). U usporedbi s valjkom, za mnoge je bolji izbor jer kako god da padne na pod, le\u017ei ravno i lako ga je podi\u0107i. <\/p>\n","protected":false},"featured_media":18759,"comment_status":"open","ping_status":"closed","template":"","meta":{"_acf_changed":false},"product_brand":[2948],"product_cat":[809,807,1831,803,819,823],"product_tag":[747,1858,1238],"class_list":{"0":"post-18753","1":"product","2":"type-product","3":"status-publish","4":"has-post-thumbnail","6":"product_brand-dingo-gear","7":"product_cat-igra-uz-trening","8":"product_cat-kobasice-aporti","9":"product_cat-loptice","10":"product_cat-oprema-za-psa","11":"product_cat-pomagala-za-trening","12":"product_cat-trening-vodljivosti","13":"product_tag-igra-hr","14":"product_tag-trening-mladih-pasa","15":"product_tag-vodljivost","16":"pa_barva-aporta-crvena","17":"pa_barva-aporta-narancasta","18":"pa_barva-aporta-pink-hr","19":"pa_barva-aporta-plava","20":"pa_barva-izdelka-crvena","21":"pa_barva-izdelka-narandzasta","22":"pa_barva-izdelka-pink-hr","23":"pa_barva-izdelka-plava","24":"pa_material-aporta-french-ring-nylcot-hr","25":"pa_material-zoge-french-ring-nylcot-hr","26":"pa_oblika-aporta-kocka-hr","28":"first","29":"onbackorder","30":"taxable","31":"shipping-taxable","32":"purchasable","33":"product-type-variable"},"acf":[],"_links":{"self":[{"href":"https:\/\/dingogear.si\/hr\/wp-json\/wp\/v2\/product\/18753","targetHints":{"allow":["GET"]}}],"collection":[{"href":"https:\/\/dingogear.si\/hr\/wp-json\/wp\/v2\/product"}],"about":[{"href":"https:\/\/dingogear.si\/hr\/wp-json\/wp\/v2\/types\/product"}],"replies":[{"embeddable":true,"href":"https:\/\/dingogear.si\/hr\/wp-json\/wp\/v2\/comments?post=18753"}],"wp:featuredmedia":[{"embeddable":true,"href":"https:\/\/dingogear.si\/hr\/wp-json\/wp\/v2\/media\/18759"}],"wp:attachment":[{"href":"https:\/\/dingogear.si\/hr\/wp-json\/wp\/v2\/media?parent=18753"}],"wp:term":[{"taxonomy":"product_brand","embeddable":true,"href":"https:\/\/dingogear.si\/hr\/wp-json\/wp\/v2\/product_brand?post=18753"},{"taxonomy":"product_cat","embeddable":true,"href":"https:\/\/dingogear.si\/hr\/wp-json\/wp\/v2\/product_cat?post=18753"},{"taxonomy":"product_tag","embeddable":true,"href":"https:\/\/dingogear.si\/hr\/wp-json\/wp\/v2\/product_tag?post=18753"}],"curies":[{"name":"wp","href":"https:\/\/api.w.org\/{rel}","templated":true}]}}