{"id":18972,"date":"2025-03-11T10:51:09","date_gmt":"2025-03-11T09:51:09","guid":{"rendered":"https:\/\/dingogear.si\/?post_type=product&#038;p=18972"},"modified":"2025-05-16T09:47:06","modified_gmt":"2025-05-16T07:47:06","slug":"tailswingers-dimljene-kobasice-50kos-375g-kopija-kopija-kopija-kopija-kopija-2","status":"publish","type":"product","link":"https:\/\/dingogear.si\/hr\/tailswingers-dimljene-kobasice-50kos-375g-kopija-kopija-kopija-kopija-kopija-2\/","title":{"rendered":"Poslastica za pse su\u0161eni gove\u0111i repovi s ko\u017eom 1kg"},"content":{"rendered":"<p>Poslastica za pse &#8211; su\u0161eni gove\u0111i repovi sa ko\u017eom, cca 15cm &#8211; 1000g<\/p>\n<p>Osu\u0161eni gove\u0111i rep za pse prirodna je poslastica s visokim udjelom bjelan\u010devina prepuna esencijalnih hranjivih tvari za potporu cjelokupnom zdravlju i dobrobiti va\u0161eg psa. Na\u0161e su\u0161ene poslastice izra\u0111ene su od 100% gove\u0111eg repa i bogate su proteinima i drugim vitalnim nutrijentima, \u0161to ih \u010dini idealnim izborom za pse svih veli\u010dina i \u017eivotnih faza. Oni su nutritivno bogat izvor proteina koji je bogat esencijalnim aminokiselinama, mineralima i vitaminima. Tako\u0111er je dobar izvor zdravih masti, uklju\u010duju\u0107i omega-3 i omega-6 masne kiseline, koje su neophodne za odr\u017eavanje zdrave kose i ko\u017ee.   <\/p>\n<p>Ovi prirodno su\u0161eni gove\u0111i repovi ne sadr\u017ee umjetne aditive ni konzervanse, \u0161to ih \u010dini sigurnima i hranjivima. Osim toga, grickalica ima nizak udio masti i visok udio proteina, \u0161to ga \u010dini izvrsnim izvorom energije. Beef Tail Chew tako\u0111er je odli\u010dan za zube i desni va\u0161eg psa jer uklanja naslage koje prekrivaju zube dok \u017eva\u010du. To ga \u010dini ne samo ugodnim za \u017evakanje za va\u0161eg psa, ve\u0107 i korisnim doprinosom njegovoj oralnoj higijeni.   <\/p>\n<p>Prednosti:<br \/>\n100% prirodna i zdrava \u017evaka\u0107a hrana za pse<br \/>\nProizvedeno od osu\u0161enih volovskih repova bez umjetnih dodataka i konzervansa<br \/>\nPoma\u017ee u \u010di\u0161\u0107enju zuba i desni<br \/>\nNizak udio masti i visok sadr\u017eaj proteina za dodatnu energiju<br \/>\nUvijek osigurajte dovoljno vode za pi\u0107e. Opskrba pod kontrolom.Prednosti:<br \/>100% naravna in zdrava \u017eve\u010dilka za pse<br \/>Narejeno iz posu\u0161enih govejih repov brez umetnih dodatkov in konzervansov<br \/>Pomaga pri \u010di\u0161\u010denju zob in dlesni<br \/>Nizka vsebnost ma\u0161\u010dob in visoka vsebnost beljakovin za dodatno energijo<br \/>Vedno zagotovite dovolj pitne vode. Zagotavljanje pod nadzorom. <\/p>\n<p>&nbsp;<\/p>\n<p>Analiti\u010dke komponente:<br \/>\nSirovi proteini: 78,1%<br \/>\nSirovi pepeo: 2,2%<br \/>\nSirove masti: 1,1%<br \/>\nSirova vlakna: 2,8%<br \/>\nVla\u017enost: 10%<\/p>\n","protected":false},"excerpt":{"rendered":"<p>Poslastica za pse &#8211; su\u0161eni gove\u0111i repovi sa ko\u017eom, cca 15cm &#8211; 1000g<\/p>\n<p>Osu\u0161eni gove\u0111i rep za pse prirodna je poslastica s visokim udjelom bjelan\u010devina prepuna esencijalnih hranjivih tvari za potporu cjelokupnom zdravlju i dobrobiti va\u0161eg psa. Na\u0161e su\u0161ene poslastice izra\u0111ene su od 100% gove\u0111eg repa i bogate su proteinima i drugim vitalnim nutrijentima, \u0161to ih \u010dini idealnim izborom za pse svih veli\u010dina i \u017eivotnih faza. Oni su nutritivno bogat izvor proteina koji je bogat esencijalnim aminokiselinama, mineralima i vitaminima. Tako\u0111er je dobar izvor zdravih masti, uklju\u010duju\u0107i omega-3 i omega-6 masne kiseline, koje su neophodne za odr\u017eavanje zdrave kose i ko\u017ee.   <\/p>\n<p>Prednosti:<br \/>\n100% prirodna i zdrava \u017evaka\u0107a hrana za pse<br \/>\nProizvedeno od osu\u0161enih volovskih repova bez umjetnih dodataka i konzervansa<br \/>\nPoma\u017ee u \u010di\u0161\u0107enju zuba i desni<br \/>\nNizak udio masti i visok sadr\u017eaj proteina za dodatnu energiju<br \/>\nUvijek osigurajte dovoljno vode za pi\u0107e. Opskrba pod kontrolom.Prednosti:<br \/>100% naravna in zdrava \u017eve\u010dilka za pse<br \/>Narejeno iz posu\u0161enih govejih repov brez umetnih dodatkov in konzervansov<br \/>Pomaga pri \u010di\u0161\u010denju zob in dlesni<br \/>Nizka vsebnost ma\u0161\u010dob in visoka vsebnost beljakovin za dodatno energijo<br \/>Vedno zagotovite dovolj pitne vode. Zagotavljanje pod nadzorom. <\/p>\n","protected":false},"featured_media":18980,"comment_status":"open","ping_status":"closed","template":"","meta":{"_acf_changed":false},"product_brand":[2951],"product_cat":[817,819,827],"product_tag":[747,755,2887],"class_list":{"0":"post-18972","1":"product","2":"type-product","3":"status-publish","4":"has-post-thumbnail","6":"product_brand-topmast","7":"product_cat-oprema-za-vodica","8":"product_cat-pomagala-za-trening","9":"product_cat-poslastice-za-trening","10":"product_tag-igra-hr","11":"product_tag-poslastice-za-trening","12":"product_tag-suhomesnate-poslastice","13":"pa_okus-govedina-hr","15":"first","16":"outofstock","17":"taxable","18":"shipping-taxable","19":"purchasable","20":"product-type-simple"},"acf":[],"_links":{"self":[{"href":"https:\/\/dingogear.si\/hr\/wp-json\/wp\/v2\/product\/18972","targetHints":{"allow":["GET"]}}],"collection":[{"href":"https:\/\/dingogear.si\/hr\/wp-json\/wp\/v2\/product"}],"about":[{"href":"https:\/\/dingogear.si\/hr\/wp-json\/wp\/v2\/types\/product"}],"replies":[{"embeddable":true,"href":"https:\/\/dingogear.si\/hr\/wp-json\/wp\/v2\/comments?post=18972"}],"wp:featuredmedia":[{"embeddable":true,"href":"https:\/\/dingogear.si\/hr\/wp-json\/wp\/v2\/media\/18980"}],"wp:attachment":[{"href":"https:\/\/dingogear.si\/hr\/wp-json\/wp\/v2\/media?parent=18972"}],"wp:term":[{"taxonomy":"product_brand","embeddable":true,"href":"https:\/\/dingogear.si\/hr\/wp-json\/wp\/v2\/product_brand?post=18972"},{"taxonomy":"product_cat","embeddable":true,"href":"https:\/\/dingogear.si\/hr\/wp-json\/wp\/v2\/product_cat?post=18972"},{"taxonomy":"product_tag","embeddable":true,"href":"https:\/\/dingogear.si\/hr\/wp-json\/wp\/v2\/product_tag?post=18972"}],"curies":[{"name":"wp","href":"https:\/\/api.w.org\/{rel}","templated":true}]}}