{"id":19991,"date":"2025-07-14T11:34:33","date_gmt":"2025-07-14T09:34:33","guid":{"rendered":"https:\/\/dingogear.si\/gumijasta-lopta-starmark-chew\/"},"modified":"2025-09-09T11:38:13","modified_gmt":"2025-09-09T09:38:13","slug":"gumijasta-lopta-starmark-chew","status":"publish","type":"product","link":"https:\/\/dingogear.si\/hr\/gumijasta-lopta-starmark-chew\/","title":{"rendered":"Gumijasta Lopta Starmark Chew"},"content":{"rendered":"<p>Gumijasta lopta Starmark Chew je izdr\u017eljiva, ali mekana loptica koju mo\u017eete napuniti raznim poslasticama kako biste zaokupili svog krznenog prijatelja i motivirali ga da ih osvoji.<\/p>\n<p>Izra\u0111eno od posebnog elasti\u010dnog materijala koji je nje\u017ean za nju\u0161ku va\u0161eg psa. Materijal je ja\u010di od gume i ne sadr\u017ei lateks, vinil ili ftalate. <\/p>\n<p>\u0160upljina u lopti je dovoljno velika da sakrije cijeli obrok od va\u0161eg psa &#8211; neka se trudi za svoju hranu.<br \/>\nOtvor je dizajniran kako bi omogu\u0107io kori\u0161tenje poslastica razli\u010ditih veli\u010dina koje ne\u0107e samo tako ispasti.<br \/>\nIzvrstan alat za pse koji trebaju smr\u0161avjeti.<\/p>\n<p>Zaokupite psa satima &#8211; napunite mu lopticu poslasticama ili hranom i pustite ga da je sam izvadi.<\/p>\n<p>Veli\u010dina M = cca. 7 cm<br \/>\nVeli\u010dina M\/L = cca. 8,3 cm<br \/>\nVeli\u010dina L = 10,2 cm<\/p>\n<p>Kroz igru \u200b\u200bse tako\u0111er smanjuje anksioznost i pona\u0161anja povezana s dosadom.<\/p>\n<p>&nbsp;<\/p>\n","protected":false},"excerpt":{"rendered":"<p>Starmark \u017evaka\u0107a loptica je izdr\u017eljiva, ali mekana loptica koju mo\u017eete napuniti raznim poslasticama kako biste zaokupili svog krznenog prijatelja i motivirali ga da ih uzme. Izra\u0111ena je od posebnog elasti\u010dnog materijala koji je prijazan nju\u0161ci va\u0161eg psa. Materijal je ja\u010di od gume i <strong>ne sadr\u017ei lateks, vinil ili ftalate.<\/strong>  <\/p>\n<p>\u0160upljina u kugli je dovoljno velika da sakrije cijeli obrok od va\u0161eg psa &#8211; pustite ga da se bori za svoju hranu.<br \/>\nOtvor je dizajniran kako bi omogu\u0107io kori\u0161tenje poslastica razli\u010ditih veli\u010dina koje ne\u0107e samo ispasti.<br \/>\nIzvrstan alat za pse koji trebaju smr\u0161avjeti.<\/p>\n<p>Zaokupite psa satima \u2013 napunite lopticu poslasticama ili hranom i pustite ga da je sam izvadi. Kroz igru \u200b\u200bse tako\u0111er smanjuje anksioznost i pona\u0161anja povezana s dosadom. <\/p>\n<p>Veli\u010dina M = cca. 7 cm<br \/>\nVeli\u010dina M\/L = cca. 8,3 cm<br \/>\nVeli\u010dina L = 10,2 cm<\/p>\n<p>SAVJET: Lopte su namijenjene za zabavu i trening uz pomo\u0107 vodi\u010da, ne ostavljajte loptu i psa bez nadzora, jer to za psa ne zna\u010di igru \u200b\u200bi u\u010denje.<\/p>\n","protected":false},"featured_media":19519,"comment_status":"closed","ping_status":"closed","template":"","meta":{"_acf_changed":false},"product_brand":[2952],"product_cat":[809,1831,803,819,823],"product_tag":[747,1860],"class_list":{"0":"post-19991","1":"product","2":"type-product","3":"status-publish","4":"has-post-thumbnail","6":"product_brand-starmark","7":"product_cat-igra-uz-trening","8":"product_cat-loptice","9":"product_cat-oprema-za-psa","10":"product_cat-pomagala-za-trening","11":"product_cat-trening-vodljivosti","12":"product_tag-igra-hr","13":"product_tag-trening-hr","14":"pa_oblika-velikost-zoge-okrugla-large-102-cm","15":"pa_oblika-velikost-zoge-okrugla-medium-large-83-cm","17":"first","18":"instock","19":"taxable","20":"shipping-taxable","21":"purchasable","22":"product-type-variable"},"acf":[],"_links":{"self":[{"href":"https:\/\/dingogear.si\/hr\/wp-json\/wp\/v2\/product\/19991","targetHints":{"allow":["GET"]}}],"collection":[{"href":"https:\/\/dingogear.si\/hr\/wp-json\/wp\/v2\/product"}],"about":[{"href":"https:\/\/dingogear.si\/hr\/wp-json\/wp\/v2\/types\/product"}],"replies":[{"embeddable":true,"href":"https:\/\/dingogear.si\/hr\/wp-json\/wp\/v2\/comments?post=19991"}],"wp:featuredmedia":[{"embeddable":true,"href":"https:\/\/dingogear.si\/hr\/wp-json\/wp\/v2\/media\/19519"}],"wp:attachment":[{"href":"https:\/\/dingogear.si\/hr\/wp-json\/wp\/v2\/media?parent=19991"}],"wp:term":[{"taxonomy":"product_brand","embeddable":true,"href":"https:\/\/dingogear.si\/hr\/wp-json\/wp\/v2\/product_brand?post=19991"},{"taxonomy":"product_cat","embeddable":true,"href":"https:\/\/dingogear.si\/hr\/wp-json\/wp\/v2\/product_cat?post=19991"},{"taxonomy":"product_tag","embeddable":true,"href":"https:\/\/dingogear.si\/hr\/wp-json\/wp\/v2\/product_tag?post=19991"}],"curies":[{"name":"wp","href":"https:\/\/api.w.org\/{rel}","templated":true}]}}