{"id":19995,"date":"2025-05-21T12:52:57","date_gmt":"2025-05-21T10:52:57","guid":{"rendered":"https:\/\/dingogear.si\/gumena-lopta-sa-trakom-starmark-gripcord-durafoam-loop\/"},"modified":"2025-09-09T11:50:18","modified_gmt":"2025-09-09T09:50:18","slug":"gumena-lopta-sa-trakom-starmark-gripcord-durafoam-loop","status":"publish","type":"product","link":"https:\/\/dingogear.si\/hr\/gumena-lopta-sa-trakom-starmark-gripcord-durafoam-loop\/","title":{"rendered":"Gumena lopta sa trakom Starmark GripCord Durafoam Loop"},"content":{"rendered":"<div>Gumena lopta sa trakom Starmark GripCord Durafoam Loop. Savr\u0161ena igra\u010dka za dresuru i igru \u200b\u200bs va\u0161im psom. Zbog svoje visokokvalitetne izrade, igra\u010dka je prikladna ne samo za bacanje i dono\u0161enje, ve\u0107 i za povla\u010denje i vu\u010denje. Idealna za dresuru pasa s puno energije.   <\/div>\n<div><\/div>\n<ul>\n<li>Dvije veli\u010dine: srednja 6,5 \u200b\u200bcm i velika 9 cm<\/li>\n<li>Petlja za <strong>lak\u0161e dr\u017eanje<\/strong><\/li>\n<li>Vrvica za bacanje <strong>na velike udaljenosti<\/strong><\/li>\n<li>Gotovo <strong>neuni\u0161tiva <\/strong>lopta<\/li>\n<li><strong>Dvostruki \u0161avovi <\/strong>za dodatnu izdr\u017eljivost<\/li>\n<li><strong>Pliva<\/strong> na vodi<\/li>\n<li><strong>Sigurno<\/strong> za zube i desni<\/li>\n<\/ul>\n<p>Lopta je prikladna za sve krznene prijatelje koji vole igrati se dono\u0161enja ili povla\u010denja i za one koji najvi\u0161e u\u017eivaju u vodenim igrama. Povrh toga, napravljen je od nevjerojatno mekanog materijala koji je nje\u017ean prema pse\u0107im zubima, ali je u isto vrijeme izdr\u017eljiv i dugotrajan.<\/p>\n<p><strong>Ne ostavljajte psa ili igra\u010dke za pse bez nadzora. Preporu\u010duje se redovita provjera o\u0161te\u0107enja i zamjena o\u0161te\u0107enih elemenata.  Ina\u010de se ne mo\u017ee isklju\u010diti ozljeda \u017eivotinje.<\/strong><\/p>\n","protected":false},"excerpt":{"rendered":"<p>Gumena loptica Starmark GripCord Durafoam Loop odli\u010dan je dodatak za zadovoljavanje instinkta va\u0161eg psa za igrom i lovom. Loptica je prikladna za sve krznene prijatelje koji vole igrati dono\u0161enja ili povla\u010denja, te za one koji najvi\u0161e u\u017eivaju u vodenim igrama.  Povrh toga, napravljen je od nevjerojatno mekanog materijala koji je nje\u017ean prema pse\u0107im zubima, ali je u isto vrijeme izdr\u017eljiv i dugotrajan.<\/p>\n<p>Lopta GripCord Durafoam Loop izuzetno je izdr\u017eljiva igra\u010dka. Lopta je izra\u0111ena od posebnog, izuzetno otpornog materijala koji mo\u017ee izdr\u017eati \u010dak i vrlo jake ugrize. Igra\u010dka ima miris vanilije.  <\/p>\n<ul>\n<li>pogodno <strong>za igre dono\u0161enja ili povla\u010denja ili igre u vodi<\/strong><\/li>\n<li>izvrstna za <strong>higijenu zuba \u0161teneta<\/strong><\/li>\n<li> materijal koji je <strong>ugodan za zube<\/strong><\/li>\n<li>poseban oblik omogu\u0107uje <strong>dugo bacanje<\/strong> lopte u igri dona\u0161anja<\/li>\n<li><strong>pluta na vodi<\/strong><\/li>\n<li><strong>dostupna u dvije veli\u010dine<\/strong><\/li>\n<\/ul>\n<p>SAVJET: Lopte su namijenjene za zabavu i trening uz pomo\u0107 vodi\u010da, ne ostavljajte loptu i psa bez nadzora, jer to za psa ne zna\u010di igru \u200b\u200bi u\u010denje.<\/p>\n","protected":false},"featured_media":19341,"comment_status":"closed","ping_status":"closed","template":"","meta":{"_acf_changed":false},"product_brand":[2952],"product_cat":[809,1831,803,819,823],"product_tag":[747,1860],"class_list":{"0":"post-19995","1":"product","2":"type-product","3":"status-publish","4":"has-post-thumbnail","6":"product_brand-starmark","7":"product_cat-igra-uz-trening","8":"product_cat-loptice","9":"product_cat-oprema-za-psa","10":"product_cat-pomagala-za-trening","11":"product_cat-trening-vodljivosti","12":"product_tag-igra-hr","13":"product_tag-trening-hr","14":"pa_oblika-velikost-zoge-okrugla-promjer-89-cm","15":"pa_oblika-velikost-zoge-okrugla-promjer-64-cm","17":"first","18":"instock","19":"taxable","20":"shipping-taxable","21":"purchasable","22":"product-type-variable"},"acf":[],"_links":{"self":[{"href":"https:\/\/dingogear.si\/hr\/wp-json\/wp\/v2\/product\/19995","targetHints":{"allow":["GET"]}}],"collection":[{"href":"https:\/\/dingogear.si\/hr\/wp-json\/wp\/v2\/product"}],"about":[{"href":"https:\/\/dingogear.si\/hr\/wp-json\/wp\/v2\/types\/product"}],"replies":[{"embeddable":true,"href":"https:\/\/dingogear.si\/hr\/wp-json\/wp\/v2\/comments?post=19995"}],"wp:featuredmedia":[{"embeddable":true,"href":"https:\/\/dingogear.si\/hr\/wp-json\/wp\/v2\/media\/19341"}],"wp:attachment":[{"href":"https:\/\/dingogear.si\/hr\/wp-json\/wp\/v2\/media?parent=19995"}],"wp:term":[{"taxonomy":"product_brand","embeddable":true,"href":"https:\/\/dingogear.si\/hr\/wp-json\/wp\/v2\/product_brand?post=19995"},{"taxonomy":"product_cat","embeddable":true,"href":"https:\/\/dingogear.si\/hr\/wp-json\/wp\/v2\/product_cat?post=19995"},{"taxonomy":"product_tag","embeddable":true,"href":"https:\/\/dingogear.si\/hr\/wp-json\/wp\/v2\/product_tag?post=19995"}],"curies":[{"name":"wp","href":"https:\/\/api.w.org\/{rel}","templated":true}]}}