{"id":20151,"date":"2025-10-08T15:30:10","date_gmt":"2025-10-08T13:30:10","guid":{"rendered":"https:\/\/dingogear.si\/?post_type=product&#038;p=20151"},"modified":"2026-01-22T16:49:57","modified_gmt":"2026-01-22T15:49:57","slug":"100-konjska-mast-poslastice-za-pse-350-g","status":"publish","type":"product","link":"https:\/\/dingogear.si\/hr\/100-konjska-mast-poslastice-za-pse-350-g\/","title":{"rendered":"100% konjska mast &#8211; poslastice za pse 350 g"},"content":{"rendered":"<h3 data-start=\"258\" data-end=\"301\">\ud83e\uddb4 Za\u0161to je DUO Dog Snack dobar za pse?<\/h3>\n<p data-start=\"303\" data-end=\"501\"><strong data-start=\"303\" data-end=\"320\">DUO Dog Snack<\/strong> nije samo ukusna poslastica, ve\u0107 i <strong data-start=\"355\" data-end=\"390\">prirodni izvor zdravlja i energije<\/strong> za svakog psa. Napravljen od <strong data-start=\"425\" data-end=\"456\">100% \u010diste konjske masti<\/strong>, nudi brojne prednosti za zdravlje va\u0161eg psa:<\/p>\n<h4 data-start=\"503\" data-end=\"532\">\u2705 Prirodni izvor energije<\/h4>\n<p data-start=\"533\" data-end=\"711\">Konjska mast bogata je zdravim masnim kiselinama koje va\u0161em psu pru\u017eaju odr\u017eivu energiju &#8211; posebno korisno za aktivne pse, sportske pasmine i pse u oporavku.<\/p>\n<h4 data-start=\"713\" data-end=\"757\">\u2705 Podr\u017eava zdravu ko\u017eu i sjajnu dlaku<\/h4>\n<p data-start=\"758\" data-end=\"915\">Masne kiseline (omega 3 i omega 6) poma\u017eu u <strong data-start=\"809\" data-end=\"826\">vla\u017eenju ko\u017ee<\/strong>, smanjuju <strong data-start=\"840\" data-end=\"852\">svrbe\u017e <\/strong>i <strong data-start=\"856\" data-end=\"875\">gubitak dlake<\/strong> te osiguravaju sjajnu i zdravu dlaku.<\/p>\n<h4 data-start=\"917\" data-end=\"947\">\u2705 Izvrsna probavljivost<\/h4>\n<p data-start=\"948\" data-end=\"1067\">Konjska mast je<strong data-start=\"967\" data-end=\"988\"> lako probavljiva<\/strong>, pa je pogodna i za pse s osjetljivim \u017eelucem ili probavnim problemima.<\/p>\n<h4 data-start=\"1069\" data-end=\"1098\">\u2705 Hipoalergeni sastav<\/h4>\n<p data-start=\"1099\" data-end=\"1273\">Budu\u0107i da sadr\u017ei <strong data-start=\"1111\" data-end=\"1148\">samo jedan izvor \u017eivotinjske masti (konjsko meso)<\/strong>, DUO Dog Snack je <strong data-start=\"1167\" data-end=\"1236\">pogodan za pse s alergijama ili intolerancijom na druge proteine<\/strong> \u200b\u200b(npr. piletinu, govedinu, svinjetinu).<\/p>\n<h4 data-start=\"1275\" data-end=\"1305\">\u2705 Bez umjetnih dodataka<\/h4>\n<p data-start=\"1306\" data-end=\"1453\">Proizvod se priprema tradicionalnim metodama i <strong data-start=\"1358\" data-end=\"1423\">ne sadr\u017ei umjetne boje, konzervanse ili poja\u010diva\u010de okusa<\/strong> &#8211; samo \u010dista, prirodna kvaliteta.<\/p>\n<h4 data-start=\"1455\" data-end=\"1499\">\u2705 Odli\u010dan izbor u hladnijim mjesecima<\/h4>\n<p data-start=\"1500\" data-end=\"1635\">Masno\u0107a poma\u017ee psu da <strong data-start=\"1519\" data-end=\"1548\">odr\u017ei tjelesnu toplinu<\/strong> i dodatnu energiju zimi, pa je poslastica posebno korisna tijekom hladnih razdoblja.<\/p>\n<hr data-start=\"1637\" data-end=\"1640\" \/>\n<p data-start=\"1642\" data-end=\"1809\">\ud83d\udca1 <strong data-start=\"1645\" data-end=\"1667\">Upute za uporabu:<\/strong><br data-start=\"1667\" data-end=\"1670\" \/>DUO Dog Snack mo\u017ee se ponuditi kao poslastica izme\u0111u obroka ili kao poticaj energije tijekom napornog vje\u017ebanja. \u010cuvati na hladnom i suhom mjestu.<\/p>\n","protected":false},"excerpt":{"rendered":"<div>Poslastice za pse napravljene od 100% konjske masti koja je pr\u017eena i proizvedena tradicionalnim metodama. DUO pse\u0107e poslastice prikladne su za sve pasmine pasa, a idealna su i za pse na hipoalergenskoj prehrani!<\/div>\n<div>Konjska mast bogata je zdravim masnim kiselinama koje va\u0161em psu pru\u017eaju <strong data-start=\"612\" data-end=\"631\">odr\u017eivu energiju<\/strong> &#8211; <strong>posebno korisno za aktivne pse, sportske pasmine i pse u oporavku.<\/strong><\/div>\n<div>Pohrana<\/div>\n<div>Proizvod \u010duvajte na hladnom mjestu (ne u hladnjaku).<\/div>\n<div><\/div>\n<div>Sadr\u017eaj<\/div>\n<div>Otprilike 350 g<\/div>\n","protected":false},"featured_media":20157,"comment_status":"open","ping_status":"closed","template":"","meta":{"_acf_changed":false},"product_brand":[],"product_cat":[817,819,827],"product_tag":[747,2886,755],"class_list":{"0":"post-20151","1":"product","2":"type-product","3":"status-publish","4":"has-post-thumbnail","6":"product_cat-oprema-za-vodica","7":"product_cat-pomagala-za-trening","8":"product_cat-poslastice-za-trening","9":"product_tag-igra-hr","10":"product_tag-poslastice-za-trag","11":"product_tag-poslastice-za-trening","13":"first","14":"instock","15":"taxable","16":"shipping-taxable","17":"purchasable","18":"product-type-simple"},"acf":[],"_links":{"self":[{"href":"https:\/\/dingogear.si\/hr\/wp-json\/wp\/v2\/product\/20151","targetHints":{"allow":["GET"]}}],"collection":[{"href":"https:\/\/dingogear.si\/hr\/wp-json\/wp\/v2\/product"}],"about":[{"href":"https:\/\/dingogear.si\/hr\/wp-json\/wp\/v2\/types\/product"}],"replies":[{"embeddable":true,"href":"https:\/\/dingogear.si\/hr\/wp-json\/wp\/v2\/comments?post=20151"}],"wp:featuredmedia":[{"embeddable":true,"href":"https:\/\/dingogear.si\/hr\/wp-json\/wp\/v2\/media\/20157"}],"wp:attachment":[{"href":"https:\/\/dingogear.si\/hr\/wp-json\/wp\/v2\/media?parent=20151"}],"wp:term":[{"taxonomy":"product_brand","embeddable":true,"href":"https:\/\/dingogear.si\/hr\/wp-json\/wp\/v2\/product_brand?post=20151"},{"taxonomy":"product_cat","embeddable":true,"href":"https:\/\/dingogear.si\/hr\/wp-json\/wp\/v2\/product_cat?post=20151"},{"taxonomy":"product_tag","embeddable":true,"href":"https:\/\/dingogear.si\/hr\/wp-json\/wp\/v2\/product_tag?post=20151"}],"curies":[{"name":"wp","href":"https:\/\/api.w.org\/{rel}","templated":true}]}}