{"id":20369,"date":"2025-11-21T11:04:23","date_gmt":"2025-11-21T10:04:23","guid":{"rendered":"https:\/\/dingogear.si\/?post_type=product&#038;p=20369"},"modified":"2026-01-22T17:09:16","modified_gmt":"2026-01-22T16:09:16","slug":"transportni-boks-travelaire-premium-iata","status":"publish","type":"product","link":"https:\/\/dingogear.si\/hr\/transportni-boks-travelaire-premium-iata\/","title":{"rendered":"Transportni boks TravelAire Premium IATA"},"content":{"rendered":"<div>\n<p>Transportni boks TravelAire IATA<span style=\"color: #555555; font-size: 14.4px;\"> pogodan je za putovanje avionom jer zadovoljava propisane standarde. Za vas i va\u0161eg ljubimca vi\u0161e nema ograni\u010denja!<\/span><\/p>\n<ul>\n<li>U skladu s IATA zrakoplovnim propisima<\/li>\n<li>Izuzetno tvrda plasti\u010dna i metalna vrata<\/li>\n<li>Posebne brave sa bravom i posudama za vodu i hranu<\/li>\n<li>Opremljen s \u010detiri okretna kota\u010da za jednostavno pomicanje.<\/li>\n<\/ul>\n<p>Automobilom, autobusom, vlakom ili avionom. Putovanje u stranu zemlju \u010desto zna biti vrlo stresno, kako za vlasnike tako i za njihove \u010detverono\u017ene prijatelje. Prikladna kutija rje\u0161ava ove probleme!<\/p>\n<p>Transportni sanduk ima propisane <strong>dimenzije za zra\u010dni promet<\/strong> . Me\u0111unarodno udru\u017eenje zra\u010dnog prometa <strong>(IATA)<\/strong> okuplja sve europske i veliku ve\u0107inu neeuropskih zra\u010dnih prijevoznika. Usvojili su univerzalna pravila koja vrijede za sve zrakoplovne tvrtke. Izme\u0111u ostalog, i pravilnik o dimenzijama transportnih boksova u kojima se mogu prevoziti ku\u0107ni ljubimci. Transporteri su dizajnirani prema ovim pravilima i s njima ne\u0107ete imati problema u zra\u010dnoj luci.<\/p>\n<p><strong>Za\u0161to odabrati IATA prijevoznika:<\/strong><\/p>\n<ul>\n<li><strong>Prikladno za putovanja zrakoplovom:<\/strong> svi nosa\u010di su <strong>dimenzija koje propisuje Me\u0111unarodno udru\u017eenje zra\u010dnih prijevoznika (IATA)<\/strong> i prihva\u0107aju ih sve europske zrakoplovne tvrtke.<\/li>\n<li><strong>Otvori za ventilaciju:<\/strong> tako da va\u0161 krzneni prijatelj uvijek ima <strong>izda\u0161nu koli\u010dinu zraka<\/strong> , \u0161to putovanje \u010dini ugodnijim.<\/li>\n<li><strong>Sigurnosna brava:<\/strong> za <strong>sigurnost<\/strong> ljubimca, \u010dak i kada niste u blizini.<\/li>\n<\/ul>\n<p><strong>Dimenzije:<\/strong><\/p>\n<ul>\n<li>Veli\u010dina 1 &#8211;<strong> 51x34x33cm<\/strong><\/li>\n<li>Veli\u010dina 2 &#8211; <strong class=\"product-item-name\">61x40x41cm<\/strong><\/li>\n<li>Veli\u010dina 3 &#8211; <strong class=\"product-item-name\">68x51x47cm<\/strong><\/li>\n<li>Veli\u010dina 4 &#8211; <strong class=\"product-item-name\">81x56x59cm + kota\u010di<\/strong><\/li>\n<li>Veli\u010dina 5 &#8211; <strong class=\"product-item-name\">90 x60 x 68 cm + kota\u010di<\/strong><\/li>\n<li>Veli\u010dina 6 &#8211; <strong>100x67x75cm + kota\u010di<\/strong><\/li>\n<li>Veli\u010dina 7 &#8211; <strong class=\"product-item-name\">121x82x90cm + kota\u010di<\/strong><\/li>\n<\/ul>\n<p><strong>Kako odabrati pravu veli\u010dinu sanduka za svog psa?<\/strong><br \/>\nBoks uvijek treba biti ve\u0107i od psa. U idealnom boksu va\u0161 pas ima dovoljno prostora da se normalno okrene, ustane i udobno legne.<br \/>\nIzmjerite psa od nosa do repa i od tla do vrha glave, dodajte nekoliko centimetara i dobit \u0107ete idealnu veli\u010dinu kaveza!<\/p>\n<\/div>\n<div>\n<table style=\"height: 230px;\" width=\"391\">\n<tbody>\n<tr>\n<td width=\"190\">Te\u017eina psa (orientacijski podaci)<\/td>\n<td width=\"64\">Te\u017eina boksa<\/td>\n<\/tr>\n<tr>\n<td>Do 5 kg (veli\u010dina 1)<\/td>\n<td>2,13 kg<\/td>\n<\/tr>\n<tr>\n<td>Do 10 kg (veli\u010dina 2)<\/td>\n<td>2,93 kg<\/td>\n<\/tr>\n<tr>\n<td>Do 15 kg (veli\u010dina 3)<\/td>\n<td>4,62 kg<\/td>\n<\/tr>\n<tr>\n<td>Do 25 kg (veli\u010dina 4)<\/td>\n<td>6,94 kg<\/td>\n<\/tr>\n<tr>\n<td>Do 35 kg (veli\u010dina 5)<\/td>\n<td>9,13 kg<\/td>\n<\/tr>\n<tr>\n<td>Do 45 kg (veli\u010dina 6)<\/td>\n<td>11,58 kg<\/td>\n<\/tr>\n<tr>\n<td>Do 65 kg (veli\u010dina 7) \u200b\u200b<\/td>\n<td>19,28 kg<\/td>\n<\/tr>\n<\/tbody>\n<\/table>\n<\/div>\n<div><span data-text-color=\"alert\">Napomena: Izmjerite to\u010dno koliko prostora imate u prtlja\u017eniku i koje dimenzije kutije mo\u017eete staviti u svoj automobil. Ne prihva\u0107amo povrat ve\u0107 montiranih kutija jer prilikom rastavljanja ostaju tragovi kori\u0161tenja.<\/span><\/div>\n","protected":false},"excerpt":{"rendered":"<p>Transportni boks TravelAire Premium IATA<span style=\"color: #555555; font-size: 14.4px;\"> pogodan je za putovanje avionom jer zadovoljava propisane standarde. Rije\u010d je o visokokvalitetnom transportnom boksu dizajniranom za sigurno i udobno putovanje va\u0161ih ku\u0107nih ljubimaca. Ovaj transportni kavez prikladan je i za pse i za ma\u010dke te ima posebne sigurnosne brave koje osiguravaju sigurnost va\u0161eg ljubimca tijekom transporta. <\/span><\/p>\n<ul>\n<li>U skladu s IATA zrakoplovnim propisima<\/li>\n<li>Izuzetno tvrda plasti\u010dna i metalna vrata<\/li>\n<li>Posebne brave sa bravom i posudama za vodu i hranu<\/li>\n<li>uklju\u010deni kota\u010di za lak\u0161e manevriranje s kutijom<\/li>\n<\/ul>\n<p><span data-text-color=\"alert\">Napomena: Izmjerite to\u010dno koliko prostora imate u prtlja\u017eniku i koje dimenzije kutije mo\u017eete staviti u svoj automobil. Ne prihva\u0107amo povrat ve\u0107 montiranih kutija jer prilikom rastavljanja ostaju tragovi kori\u0161tenja.<\/span><\/p>\n","protected":false},"featured_media":20389,"comment_status":"open","ping_status":"closed","template":"","meta":{"_acf_changed":false},"product_brand":[2951],"product_cat":[2687,2530,2686],"product_tag":[],"class_list":{"0":"post-20369","1":"product","2":"type-product","3":"status-publish","4":"has-post-thumbnail","6":"product_brand-topmast","7":"product_cat-transportni-alu-boksovi","8":"product_cat-dodatci-za-auto","9":"product_cat-transport-hr","10":"pa_mere-transportnega-boksa-velicina-1-51x34x33cm-ne-ukljucuje-kotace","11":"pa_mere-transportnega-boksa-velicina-2-61x40x41cm-ne-ukljucuje-kotace","12":"pa_mere-transportnega-boksa-velicina-3-68x51x47cm-ne-ukljucuje-kotace","13":"pa_mere-transportnega-boksa-velicina-4-81x56x59cm-kotaci","14":"pa_mere-transportnega-boksa-velicina-5-90-x60x68-cm-kotaci","15":"pa_mere-transportnega-boksa-velicina-6-100x67x75cm-kotaci","16":"pa_mere-transportnega-boksa-velicina-7-121x82x90cm-kotaci","17":"pa_mere-transportnega-boksa-za-1-psa-hr","19":"first","20":"onbackorder","21":"taxable","22":"shipping-taxable","23":"purchasable","24":"product-type-variable"},"acf":[],"_links":{"self":[{"href":"https:\/\/dingogear.si\/hr\/wp-json\/wp\/v2\/product\/20369","targetHints":{"allow":["GET"]}}],"collection":[{"href":"https:\/\/dingogear.si\/hr\/wp-json\/wp\/v2\/product"}],"about":[{"href":"https:\/\/dingogear.si\/hr\/wp-json\/wp\/v2\/types\/product"}],"replies":[{"embeddable":true,"href":"https:\/\/dingogear.si\/hr\/wp-json\/wp\/v2\/comments?post=20369"}],"wp:featuredmedia":[{"embeddable":true,"href":"https:\/\/dingogear.si\/hr\/wp-json\/wp\/v2\/media\/20389"}],"wp:attachment":[{"href":"https:\/\/dingogear.si\/hr\/wp-json\/wp\/v2\/media?parent=20369"}],"wp:term":[{"taxonomy":"product_brand","embeddable":true,"href":"https:\/\/dingogear.si\/hr\/wp-json\/wp\/v2\/product_brand?post=20369"},{"taxonomy":"product_cat","embeddable":true,"href":"https:\/\/dingogear.si\/hr\/wp-json\/wp\/v2\/product_cat?post=20369"},{"taxonomy":"product_tag","embeddable":true,"href":"https:\/\/dingogear.si\/hr\/wp-json\/wp\/v2\/product_tag?post=20369"}],"curies":[{"name":"wp","href":"https:\/\/api.w.org\/{rel}","templated":true}]}}