{"id":20434,"date":"2025-12-03T09:59:36","date_gmt":"2025-12-03T08:59:36","guid":{"rendered":"https:\/\/dingogear.si\/?post_type=product&#038;p=20434"},"modified":"2026-01-22T16:58:52","modified_gmt":"2026-01-22T15:58:52","slug":"poslastica-za-pse-od-susenih-govedih-pluca-1000-g","status":"publish","type":"product","link":"https:\/\/dingogear.si\/hr\/poslastica-za-pse-od-susenih-govedih-pluca-1000-g\/","title":{"rendered":"Poslastica za pse od su\u0161enih gove\u0111ih plu\u0107a 1000 g"},"content":{"rendered":"<p>Poslastica za pse od su\u0161enih gove\u0111ih plu\u0107a 1000 g 1000g (15cm &#8211; 1kg)<\/p>\n<p>Napravljena od 100% prirodnih gove\u0111ih plu\u0107a, na\u0161a su\u0161ena plu\u0107a imaju visok udio proteina i nizak udio masti, \u0161to ih \u010dini savr\u0161enom poslasticom za pse svih veli\u010dina. Na\u0161 jedinstveni proces su\u0161enja \u010duva okus i hranjive tvari plu\u0107a, a istovremeno uklanja svu vlagu, osiguravaju\u0107i dug rok trajanja i jednostavno skladi\u0161tenje. Po\u010dastite svog psa poslasticom koju \u0107e obo\u017eavati.<\/p>\n<p>Ove poslastice su savr\u0161ene za trening, kao nagrada ili samo kao ukusan me\u0111uobrok! Tako\u0111er ne sadr\u017ee umjetne konzervanse, bojila i arome.<\/p>\n<p>Analiti\u010dki sastojci:<br \/>\nProteini: 54%<br \/>\nPepeo: 2,9%<br \/>\nMasti: 3%<br \/>\nBra\u0161no: 2%<br \/>\nVlaga: 12%<\/p>\n","protected":false},"excerpt":{"rendered":"<p>Poslastica za pse od su\u0161enih gove\u0111ih plu\u0107a 1000 g 1000g (15cm &#8211; 1kg)<\/p>\n<p>Napravljena od 100% prirodnih gove\u0111ih plu\u0107a, na\u0161a su\u0161ena plu\u0107a imaju visok udio proteina i nizak udio masti, \u0161to ih \u010dini savr\u0161enom poslasticom za pse svih veli\u010dina. Na\u0161 jedinstveni proces su\u0161enja \u010duva okus i hranjive tvari plu\u0107a, a istovremeno uklanja svu vlagu, osiguravaju\u0107i dug rok trajanja i jednostavno skladi\u0161tenje. Po\u010dastite svog psa poslasticom koju \u0107e obo\u017eavati.<\/p>\n<p>Ove poslastice su savr\u0161ene za trening, kao nagrada ili samo kao ukusan me\u0111uobrok! Tako\u0111er ne sadr\u017ee umjetne konzervanse, bojila i arome.<\/p>\n<p>Analiti\u010dki sastojci:<br \/>\nProteini: 54%<br \/>\nPepeo: 2,9%<br \/>\nMasti: 3%<br \/>\nBra\u0161no: 2%<br \/>\nVlaga: 12%<\/p>\n<p>Kada u\u010dite psa, nagradite ga igrom i poslasticama. Toplo preporu\u010dujemo da izbjegavate hrenovke i posebne kobasice, jer za\u010dini i konzervansi u &#8216;ljudskoj&#8217; hrani mogu izazvati alergijske reakcije kod mnogih pasa. Grebanje i grizenje tako\u0111er su neugodni i za psa i za vodi\u010da pri radu sa psom.<\/p>\n<p>Dehidrirane pse\u0107e poslastice s prirodnim okusom idealna su zamjena za hrenovke i druge vrlo mirisne poslastice.<\/p>\n<p><b>Bez \u0161e\u0107era, bez glutena, bez \u017eitarica!<\/b><\/p>\n<p>1000g (1kg)<\/p>\n","protected":false},"featured_media":20440,"comment_status":"open","ping_status":"closed","template":"","meta":{"_acf_changed":false},"product_brand":[2951],"product_cat":[827,817,819],"product_tag":[747,755,2887],"class_list":{"0":"post-20434","1":"product","2":"type-product","3":"status-publish","4":"has-post-thumbnail","6":"product_brand-topmast","7":"product_cat-poslastice-za-trening","8":"product_cat-oprema-za-vodica","9":"product_cat-pomagala-za-trening","10":"product_tag-igra-hr","11":"product_tag-poslastice-za-trening","12":"product_tag-suhomesnate-poslastice","13":"pa_okus-govedina-hr","15":"first","16":"instock","17":"taxable","18":"shipping-taxable","19":"purchasable","20":"product-type-simple"},"acf":[],"_links":{"self":[{"href":"https:\/\/dingogear.si\/hr\/wp-json\/wp\/v2\/product\/20434","targetHints":{"allow":["GET"]}}],"collection":[{"href":"https:\/\/dingogear.si\/hr\/wp-json\/wp\/v2\/product"}],"about":[{"href":"https:\/\/dingogear.si\/hr\/wp-json\/wp\/v2\/types\/product"}],"replies":[{"embeddable":true,"href":"https:\/\/dingogear.si\/hr\/wp-json\/wp\/v2\/comments?post=20434"}],"wp:featuredmedia":[{"embeddable":true,"href":"https:\/\/dingogear.si\/hr\/wp-json\/wp\/v2\/media\/20440"}],"wp:attachment":[{"href":"https:\/\/dingogear.si\/hr\/wp-json\/wp\/v2\/media?parent=20434"}],"wp:term":[{"taxonomy":"product_brand","embeddable":true,"href":"https:\/\/dingogear.si\/hr\/wp-json\/wp\/v2\/product_brand?post=20434"},{"taxonomy":"product_cat","embeddable":true,"href":"https:\/\/dingogear.si\/hr\/wp-json\/wp\/v2\/product_cat?post=20434"},{"taxonomy":"product_tag","embeddable":true,"href":"https:\/\/dingogear.si\/hr\/wp-json\/wp\/v2\/product_tag?post=20434"}],"curies":[{"name":"wp","href":"https:\/\/api.w.org\/{rel}","templated":true}]}}