{"id":20646,"date":"2025-04-25T15:07:21","date_gmt":"2025-04-25T13:07:21","guid":{"rendered":"https:\/\/dingogear.si\/bodljikava-ogrlica-2xd-ring-crna\/"},"modified":"2026-01-23T10:30:16","modified_gmt":"2026-01-23T09:30:16","slug":"bodljikava-ogrlica-2xd-ring-crna","status":"publish","type":"product","link":"https:\/\/dingogear.si\/hr\/bodljikava-ogrlica-2xd-ring-crna\/","title":{"rendered":"Bodljikava ogrlica 2xD-ring crna"},"content":{"rendered":"<div>Bodljikava ogrlica za pse &#8211; za sigurnost i potpunu kontrolu.<\/div>\n<div><\/div>\n<div>&#8211; Brza instalacija: Udobna i sigurna za kori\u0161tenje. Opremljena robusnom klik-klak kop\u010dom, osigurava brzo i jednostavno obla\u010denje i skidanje &#8211; bez stresa za psa i vlasnika. <\/div>\n<div>&#8211; Pode\u0161avanje veli\u010dine: ogrlica ima mogu\u0107nost boljeg pristajanja jednostavnim uklanjanjem pojedina\u010dnih karika ogrlice i njihovim prilago\u0111avanjem individualnim potrebama. (Ako je potrebno odvojiti vi\u0161e karika, treba ih odvojiti ravnomjerno sa svake strane). <\/div>\n<div>&#8211; Sigurni vrhovi: vrhovi su zaobljeni na krajevima i imaju silikonske kapice koje se mogu skinuti\/pri\u010dvrstiti po potrebi.<\/div>\n<div>&#8211; Izdr\u017eljiv i estetski dizajn \u2013 izra\u0111en od \u010dvrste \u010deli\u010dne \u017eice, prekrivene crnim premazom za moderan izgled.<\/div>\n<div>Napomena: Crni premaz mo\u017ee se s vremenom istro\u0161iti &#8211; to je prirodno i ne utje\u010de na kvalitetu kori\u0161tenja. To nije razlog za reklamaciju. <\/div>\n<div><\/div>\n<div><\/div>\n<div>Za koga?<\/div>\n<div>Za vlasnike pasa srednjih i velikih pasmina koji tra\u017ee:<\/div>\n<ul>\n<li>u\u010dinkovit alat za obuku,<\/li>\n<li>bolja kontrola prilikom hodanja,<\/li>\n<li>sigurno rje\u0161enje koje preporu\u010duju stru\u010dnjaci.<\/li>\n<li>Idealno za \u0161etnje i obuku za vlasnike koji cijene u\u010dinkovite, ali sigurne alate za kontrolu.<\/li>\n<\/ul>\n<div><\/div>\n<div>Dostupno u 3 veli\u010dine:<\/div>\n<div>\u00d8 3,0 mm x 50 cm<\/div>\n<div>\u00d8 3,5 mm x 55 cm<\/div>\n<div>\u00d8 4,0 mm x 60 cm<\/div>\n<div><\/div>\n<div><\/div>\n<div><span data-text-color=\"alert\"><strong>VA\u017dNO: Preporu\u010duje se konzultacija s trenerom pasa ili dreserom pasa prije upotrebe. Nepravilna upotreba mo\u017ee uzrokovati nelagodu psu. Ogrlica s bodljama namijenjena je ispravljanju problema u pona\u0161anju i mora se koristiti ispravno i mudro.  <\/strong><\/span><\/div>\n","protected":false},"excerpt":{"rendered":"<div>Bodljikava ogrlica &#8211; za sigurnost i potpunu kontrolu.<\/div>\n<div><\/div>\n<div>&#8211; Brza instalacija: Udobna i sigurna za kori\u0161tenje. Opremljena robusnom klik-klak kop\u010dom, osigurava brzo i jednostavno obla\u010denje i skidanje &#8211; bez stresa za psa i vlasnika. <\/div>\n<div>&#8211; Pode\u0161avanje veli\u010dine: ogrlica ima mogu\u0107nost boljeg pristajanja jednostavnim uklanjanjem pojedina\u010dnih karika ogrlice i njihovim prilago\u0111avanjem individualnim potrebama. (Ako je potrebno odvojiti vi\u0161e karika, treba ih odvojiti ravnomjerno sa svake strane). <\/div>\n<div>&#8211; Sigurni vrhovi: vrhovi su zaobljeni na krajevima i imaju silikonske kapice koje se mogu skinuti\/pri\u010dvrstiti po potrebi.<\/div>\n<div>&#8211; Izdr\u017eljiv i estetski dizajn \u2013 izra\u0111en od \u010dvrste \u010deli\u010dne \u017eice, prekrivene crnim premazom za moderan izgled.<\/div>\n","protected":false},"featured_media":19226,"comment_status":"open","ping_status":"closed","template":"","meta":{"_acf_changed":false},"product_brand":[2950],"product_cat":[815,803,821,823],"product_tag":[753],"class_list":{"0":"post-20646","1":"product","2":"type-product","3":"status-publish","4":"has-post-thumbnail","6":"product_brand-sprenger","7":"product_cat-ogrlice","8":"product_cat-oprema-za-psa","9":"product_cat-trening-obrane","10":"product_cat-trening-vodljivosti","11":"product_tag-ogrlice-i-davilice","12":"pa_barva-ovratnice-crna-hr","13":"pa_debelina-rinke-35mm","14":"pa_debelina-rinke-3mm-hr","15":"pa_debelina-rinke-4mm-hr","16":"pa_material-ovratnice-metalna","17":"pa_material-ovratnice-nehrdajuci-celik","18":"pa_material-ovratnice-plastika-hr","19":"pa_posebnost-ovratnice-bodljikava-ogrlica","20":"pa_velikost-ovratnice-50cm-hr","21":"pa_velikost-ovratnice-55cm-hr","22":"pa_velikost-ovratnice-60cm-hr","24":"first","25":"instock","26":"taxable","27":"shipping-taxable","28":"purchasable","29":"product-type-variable"},"acf":[],"_links":{"self":[{"href":"https:\/\/dingogear.si\/hr\/wp-json\/wp\/v2\/product\/20646","targetHints":{"allow":["GET"]}}],"collection":[{"href":"https:\/\/dingogear.si\/hr\/wp-json\/wp\/v2\/product"}],"about":[{"href":"https:\/\/dingogear.si\/hr\/wp-json\/wp\/v2\/types\/product"}],"replies":[{"embeddable":true,"href":"https:\/\/dingogear.si\/hr\/wp-json\/wp\/v2\/comments?post=20646"}],"wp:featuredmedia":[{"embeddable":true,"href":"https:\/\/dingogear.si\/hr\/wp-json\/wp\/v2\/media\/19226"}],"wp:attachment":[{"href":"https:\/\/dingogear.si\/hr\/wp-json\/wp\/v2\/media?parent=20646"}],"wp:term":[{"taxonomy":"product_brand","embeddable":true,"href":"https:\/\/dingogear.si\/hr\/wp-json\/wp\/v2\/product_brand?post=20646"},{"taxonomy":"product_cat","embeddable":true,"href":"https:\/\/dingogear.si\/hr\/wp-json\/wp\/v2\/product_cat?post=20646"},{"taxonomy":"product_tag","embeddable":true,"href":"https:\/\/dingogear.si\/hr\/wp-json\/wp\/v2\/product_tag?post=20646"}],"curies":[{"name":"wp","href":"https:\/\/api.w.org\/{rel}","templated":true}]}}