{"id":2410,"date":"2018-03-14T17:51:28","date_gmt":"2018-03-14T16:51:28","guid":{"rendered":"http:\/\/dingogear.si\/?post_type=product&#038;p=2410"},"modified":"2020-05-27T11:49:02","modified_gmt":"2020-05-27T09:49:02","slug":"pas-s-pripomocki-za-ipo-sledenje-hr","status":"publish","type":"product","link":"https:\/\/dingogear.si\/hr\/pas-s-pripomocki-za-ipo-sledenje-hr\/","title":{"rendered":"Pojas s pomagalima za IPO traganje"},"content":{"rendered":"<p><img decoding=\"async\" class=\"aligncenter size-full wp-image-2271\" src=\"https:\/\/dingogear.si\/wp-content\/uploads\/2018\/01\/IPO_pas_VEL.jpg\" alt=\"\" width=\"1232\" height=\"1042\" title=\"\" srcset=\"https:\/\/dingogear.si\/wp-content\/uploads\/2018\/01\/IPO_pas_VEL.jpg 1232w, https:\/\/dingogear.si\/wp-content\/uploads\/2018\/01\/IPO_pas_VEL-500x423.jpg 500w, https:\/\/dingogear.si\/wp-content\/uploads\/2018\/01\/IPO_pas_VEL-700x592.jpg 700w, https:\/\/dingogear.si\/wp-content\/uploads\/2018\/01\/IPO_pas_VEL-300x254.jpg 300w, https:\/\/dingogear.si\/wp-content\/uploads\/2018\/01\/IPO_pas_VEL-768x650.jpg 768w, https:\/\/dingogear.si\/wp-content\/uploads\/2018\/01\/IPO_pas_VEL-1024x866.jpg 1024w, https:\/\/dingogear.si\/wp-content\/uploads\/2018\/01\/IPO_pas_VEL-200x169.jpg 200w, https:\/\/dingogear.si\/wp-content\/uploads\/2018\/01\/IPO_pas_VEL-400x338.jpg 400w, https:\/\/dingogear.si\/wp-content\/uploads\/2018\/01\/IPO_pas_VEL-600x507.jpg 600w, https:\/\/dingogear.si\/wp-content\/uploads\/2018\/01\/IPO_pas_VEL-800x677.jpg 800w, https:\/\/dingogear.si\/wp-content\/uploads\/2018\/01\/IPO_pas_VEL-1200x1015.jpg 1200w\" sizes=\"(max-width: 1232px) 100vw, 1232px\" \/><\/p>\n","protected":false},"excerpt":{"rendered":"<p>Profesionalni IPO pojas za pomo\u0107 u treningu dizajniran je za trenutni rad, jer vam omogu\u0107uje da imate pri ruci predmete za pra\u0107enje, predmete za ozna\u010davanje, pribor za pse i va\u0161e osobne stvari. Koriste\u0107i pojas (koji je opremljen potrebnim priborom), imate slobodne ruke na poslu, \u0161to vam omogu\u0107uje bolju udobnost u radu.<\/p>\n<p><strong>U prodaji je remen bez sadr\u017eaja.<\/strong><\/p>\n<p>Opis:<\/p>\n<p>polipropilenski pojas<br \/>\npodesiva duljina struka<br \/>\npri\u010dvr\u0161\u0107ivanje na klip<br \/>\nvelika torba za pse\u0107e poslastice s d\u017eepi\u0107em i stabilizatorom koji se mo\u017ee ukloniti<br \/>\nru\u010dka (organizator) za markere staza<br \/>\nprostor za dokumente, klju\u010deve i telefon<br \/>\npojas za rame<br \/>\nvre\u0107ice izra\u0111ene od materijala za kovr\u010de<br \/>\nNamjena remena:<\/p>\n<p>&#8211; za vje\u017ebe i polaganje tragova<br \/>\n&#8211; skladi\u0161tenje predmeta i oznaka ruta<br \/>\n&#8211; spremanje poslastica ili igra\u010daka za psa<br \/>\n&#8211; materijal od kojeg je izra\u0111en omogu\u0107ava upotrebu u svim vremenskim uvjetima<\/p>\n<p>Ru\u010dno izra\u0111eni od strane stru\u010dnjaka za profesionalce!<\/p>\n","protected":false},"featured_media":18856,"comment_status":"open","ping_status":"closed","template":"","meta":{"_acf_changed":false},"product_brand":[2948],"product_cat":[817,819,825],"product_tag":[763,1844],"class_list":{"0":"post-2410","1":"product","2":"type-product","3":"status-publish","4":"has-post-thumbnail","6":"product_brand-dingo-gear","7":"product_cat-oprema-za-vodica","8":"product_cat-pomagala-za-trening","9":"product_cat-trening-traganja","10":"product_tag-dodatki-za-trening","11":"product_tag-dodatna-oprema-za-vodica","13":"first","14":"instock","15":"taxable","16":"shipping-taxable","17":"purchasable","18":"product-type-simple"},"acf":[],"_links":{"self":[{"href":"https:\/\/dingogear.si\/hr\/wp-json\/wp\/v2\/product\/2410","targetHints":{"allow":["GET"]}}],"collection":[{"href":"https:\/\/dingogear.si\/hr\/wp-json\/wp\/v2\/product"}],"about":[{"href":"https:\/\/dingogear.si\/hr\/wp-json\/wp\/v2\/types\/product"}],"replies":[{"embeddable":true,"href":"https:\/\/dingogear.si\/hr\/wp-json\/wp\/v2\/comments?post=2410"}],"wp:featuredmedia":[{"embeddable":true,"href":"https:\/\/dingogear.si\/hr\/wp-json\/wp\/v2\/media\/18856"}],"wp:attachment":[{"href":"https:\/\/dingogear.si\/hr\/wp-json\/wp\/v2\/media?parent=2410"}],"wp:term":[{"taxonomy":"product_brand","embeddable":true,"href":"https:\/\/dingogear.si\/hr\/wp-json\/wp\/v2\/product_brand?post=2410"},{"taxonomy":"product_cat","embeddable":true,"href":"https:\/\/dingogear.si\/hr\/wp-json\/wp\/v2\/product_cat?post=2410"},{"taxonomy":"product_tag","embeddable":true,"href":"https:\/\/dingogear.si\/hr\/wp-json\/wp\/v2\/product_tag?post=2410"}],"curies":[{"name":"wp","href":"https:\/\/api.w.org\/{rel}","templated":true}]}}