{"id":2435,"date":"2018-01-18T12:48:35","date_gmt":"2018-01-18T11:48:35","guid":{"rendered":"http:\/\/dingogear.si\/?post_type=product&#038;p=2435"},"modified":"2023-01-11T13:16:15","modified_gmt":"2023-01-11T12:16:15","slug":"set-predmeta-za-ipo-traganje-4-komada","status":"publish","type":"product","link":"https:\/\/dingogear.si\/hr\/set-predmeta-za-ipo-traganje-4-komada\/","title":{"rendered":"Set predmeta za IPO traganje (4 komada u kompletu)"},"content":{"rendered":"<p>Set predmeta za IPO traganje.<\/p>\n<p>Set predmeta: ko\u017ea, sirova tkanina (filc), drvo i pluto. Predmeti se koriste za obuku pasa u treningu IPO\/IGP traganja. Dimenzije predmeta su u skladu s IPO propisima.<\/p>\n<p>Testirano i odobreno od strane profesionalnih trenera. Pouzdana kvaliteta i izvrsnost izvedbe omogu\u0107uju 100% zadovoljstvo korisnika.<\/p>\n<p>&nbsp;<\/p>\n","protected":false},"excerpt":{"rendered":"<p>Set predmeta: ko\u017ea, sirova tkanina (filc), drvo i pluto. Predmeti se koriste za obuku pasa u treningu IPO\/IGP traganja. Dimenzije predmeta su u skladu s IPO propisima.<\/p>\n<p>Testirano i odobreno od strane profesionalnih trenera. Pouzdana kvaliteta i izvrsnost izvedbe omogu\u0107uju 100% zadovoljstvo korisnika.<\/p>\n<p><strong>Ru\u010dno izra\u0111eno s strane stru\u010dnjaka za profesionalce!<\/strong><\/p>\n","protected":false},"featured_media":11960,"comment_status":"open","ping_status":"closed","template":"","meta":{"_acf_changed":false},"product_brand":[2948],"product_cat":[783,817,819,825],"product_tag":[2779,761],"class_list":{"0":"post-2435","1":"product","2":"type-product","3":"status-publish","4":"has-post-thumbnail","6":"product_brand-dingo-gear","7":"product_cat-oprema-za-trening-poligon","8":"product_cat-oprema-za-vodica","9":"product_cat-pomagala-za-trening","10":"product_cat-trening-traganja","11":"product_tag-predmeti-za-trag","12":"product_tag-traganje","14":"first","15":"instock","16":"taxable","17":"shipping-taxable","18":"purchasable","19":"product-type-simple"},"acf":[],"_links":{"self":[{"href":"https:\/\/dingogear.si\/hr\/wp-json\/wp\/v2\/product\/2435","targetHints":{"allow":["GET"]}}],"collection":[{"href":"https:\/\/dingogear.si\/hr\/wp-json\/wp\/v2\/product"}],"about":[{"href":"https:\/\/dingogear.si\/hr\/wp-json\/wp\/v2\/types\/product"}],"replies":[{"embeddable":true,"href":"https:\/\/dingogear.si\/hr\/wp-json\/wp\/v2\/comments?post=2435"}],"wp:featuredmedia":[{"embeddable":true,"href":"https:\/\/dingogear.si\/hr\/wp-json\/wp\/v2\/media\/11960"}],"wp:attachment":[{"href":"https:\/\/dingogear.si\/hr\/wp-json\/wp\/v2\/media?parent=2435"}],"wp:term":[{"taxonomy":"product_brand","embeddable":true,"href":"https:\/\/dingogear.si\/hr\/wp-json\/wp\/v2\/product_brand?post=2435"},{"taxonomy":"product_cat","embeddable":true,"href":"https:\/\/dingogear.si\/hr\/wp-json\/wp\/v2\/product_cat?post=2435"},{"taxonomy":"product_tag","embeddable":true,"href":"https:\/\/dingogear.si\/hr\/wp-json\/wp\/v2\/product_tag?post=2435"}],"curies":[{"name":"wp","href":"https:\/\/api.w.org\/{rel}","templated":true}]}}