{"id":2476,"date":"2018-01-18T12:03:48","date_gmt":"2018-03-15T16:15:24","guid":{"rendered":"http:\/\/dingogear.si\/?post_type=product&#038;p=2476"},"modified":"2023-01-11T13:20:47","modified_gmt":"2023-01-11T12:20:47","slug":"nastavak-za-brzo-oslobadjanje-lopte","status":"publish","type":"product","link":"https:\/\/dingogear.si\/hr\/nastavak-za-brzo-oslobadjanje-lopte\/","title":{"rendered":"Nastavak za brzo oslobadjanje lopte"},"content":{"rendered":"<h3><span class=\"goog-text-highlight\">Profesionalni nastavak za brzo oslobadjanje loptice.<\/span><\/h3>\n<p><span class=\"goog-text-highlight\"> Profesionalni nastavak za brzo oslobadjanje loptice nakon odradene naredbe. <\/span>Jednostavan i visoko funkcionalan ejektor omogu\u0107uje vam da odmah spustite loptu ispod pazuha s jednim pokretom ruke. Gumeni elasti\u010dni remen je podesiv. Plasti\u010dni dio odgovara svakoj gumenoj lopti. Nastavak ne uklju\u010duje loptu.<\/p>\n<p>Testirano i odobreno od strane profesionalnih trenera. Pouzdana kvaliteta i izvrsnost izvedbe omogu\u0107uju 100% zadovoljstvo korisnika.<\/p>\n<p><strong>Ru\u010dno izra\u0111eni od strane stru\u010dnjaka za profesionalce!<\/strong><\/p>\n<p><img decoding=\"async\" class=\"aligncenter size-full wp-image-2262\" src=\"https:\/\/dingogear.si\/wp-content\/uploads\/2018\/01\/ballreleaser_vel.jpg\" alt=\"\" width=\"1231\" height=\"633\" title=\"\" srcset=\"https:\/\/dingogear.si\/wp-content\/uploads\/2018\/01\/ballreleaser_vel.jpg 1231w, https:\/\/dingogear.si\/wp-content\/uploads\/2018\/01\/ballreleaser_vel-500x257.jpg 500w, https:\/\/dingogear.si\/wp-content\/uploads\/2018\/01\/ballreleaser_vel-700x360.jpg 700w, https:\/\/dingogear.si\/wp-content\/uploads\/2018\/01\/ballreleaser_vel-300x154.jpg 300w, https:\/\/dingogear.si\/wp-content\/uploads\/2018\/01\/ballreleaser_vel-768x395.jpg 768w, https:\/\/dingogear.si\/wp-content\/uploads\/2018\/01\/ballreleaser_vel-1024x527.jpg 1024w, https:\/\/dingogear.si\/wp-content\/uploads\/2018\/01\/ballreleaser_vel-200x103.jpg 200w, https:\/\/dingogear.si\/wp-content\/uploads\/2018\/01\/ballreleaser_vel-400x206.jpg 400w, https:\/\/dingogear.si\/wp-content\/uploads\/2018\/01\/ballreleaser_vel-600x309.jpg 600w, https:\/\/dingogear.si\/wp-content\/uploads\/2018\/01\/ballreleaser_vel-800x411.jpg 800w, https:\/\/dingogear.si\/wp-content\/uploads\/2018\/01\/ballreleaser_vel-1200x617.jpg 1200w\" sizes=\"(max-width: 1231px) 100vw, 1231px\" \/><\/p>\n","protected":false},"excerpt":{"rendered":"<p><span class=\"goog-text-highlight\">Profesionalni nastavak za brzo oslobadjanje loptice nakon odradene naredbe. <\/span>Jednostavan i visoko funkcionalan ejektor omogu\u0107uje vam da odmah spustite loptu ispod pazuha s jednim pokretom ruke. Gumeni elasti\u010dni remen je podesiv. Plasti\u010dni dio odgovara svakoj gumenoj lopti. Nastavak ne uklju\u010duje loptu.<\/p>\n<p>Testirano i odobreno od strane profesionalnih trenera. Pouzdana kvaliteta i izvrsnost izvedbe omogu\u0107uju 100% zadovoljstvo korisnika.<\/p>\n<p><strong>Ru\u010dno izra\u0111eni od strane stru\u010dnjaka za profesionalce!<\/strong><\/p>\n","protected":false},"featured_media":2263,"comment_status":"open","ping_status":"closed","template":"","meta":{"_acf_changed":false},"product_brand":[2948],"product_cat":[809,817,819,823],"product_tag":[1844,1238],"class_list":{"0":"post-2476","1":"product","2":"type-product","3":"status-publish","4":"has-post-thumbnail","6":"product_brand-dingo-gear","7":"product_cat-igra-uz-trening","8":"product_cat-oprema-za-vodica","9":"product_cat-pomagala-za-trening","10":"product_cat-trening-vodljivosti","11":"product_tag-dodatna-oprema-za-vodica","12":"product_tag-vodljivost","14":"first","15":"instock","16":"taxable","17":"shipping-taxable","18":"purchasable","19":"product-type-simple"},"acf":[],"_links":{"self":[{"href":"https:\/\/dingogear.si\/hr\/wp-json\/wp\/v2\/product\/2476","targetHints":{"allow":["GET"]}}],"collection":[{"href":"https:\/\/dingogear.si\/hr\/wp-json\/wp\/v2\/product"}],"about":[{"href":"https:\/\/dingogear.si\/hr\/wp-json\/wp\/v2\/types\/product"}],"replies":[{"embeddable":true,"href":"https:\/\/dingogear.si\/hr\/wp-json\/wp\/v2\/comments?post=2476"}],"wp:featuredmedia":[{"embeddable":true,"href":"https:\/\/dingogear.si\/hr\/wp-json\/wp\/v2\/media\/2263"}],"wp:attachment":[{"href":"https:\/\/dingogear.si\/hr\/wp-json\/wp\/v2\/media?parent=2476"}],"wp:term":[{"taxonomy":"product_brand","embeddable":true,"href":"https:\/\/dingogear.si\/hr\/wp-json\/wp\/v2\/product_brand?post=2476"},{"taxonomy":"product_cat","embeddable":true,"href":"https:\/\/dingogear.si\/hr\/wp-json\/wp\/v2\/product_cat?post=2476"},{"taxonomy":"product_tag","embeddable":true,"href":"https:\/\/dingogear.si\/hr\/wp-json\/wp\/v2\/product_tag?post=2476"}],"curies":[{"name":"wp","href":"https:\/\/api.w.org\/{rel}","templated":true}]}}