{"id":2507,"date":"2018-03-27T20:29:28","date_gmt":"2018-03-27T18:29:28","guid":{"rendered":"http:\/\/dingogear.si\/?post_type=product&#038;p=2507"},"modified":"2022-01-06T13:16:22","modified_gmt":"2022-01-06T12:16:22","slug":"torba-za-poslastice","status":"publish","type":"product","link":"https:\/\/dingogear.si\/hr\/torba-za-poslastice\/","title":{"rendered":"Torba za poslastice &#8211; Torba za nagrade"},"content":{"rendered":"<p><img decoding=\"async\" class=\"aligncenter size-full wp-image-2259\" src=\"https:\/\/dingogear.si\/wp-content\/uploads\/2018\/01\/torbica.jpg\" alt=\"\" width=\"1206\" height=\"716\" title=\"\" srcset=\"https:\/\/dingogear.si\/wp-content\/uploads\/2018\/01\/torbica.jpg 1206w, https:\/\/dingogear.si\/wp-content\/uploads\/2018\/01\/torbica-500x297.jpg 500w, https:\/\/dingogear.si\/wp-content\/uploads\/2018\/01\/torbica-700x416.jpg 700w, https:\/\/dingogear.si\/wp-content\/uploads\/2018\/01\/torbica-300x178.jpg 300w, https:\/\/dingogear.si\/wp-content\/uploads\/2018\/01\/torbica-768x456.jpg 768w, https:\/\/dingogear.si\/wp-content\/uploads\/2018\/01\/torbica-1024x608.jpg 1024w, https:\/\/dingogear.si\/wp-content\/uploads\/2018\/01\/torbica-200x119.jpg 200w, https:\/\/dingogear.si\/wp-content\/uploads\/2018\/01\/torbica-400x237.jpg 400w, https:\/\/dingogear.si\/wp-content\/uploads\/2018\/01\/torbica-600x356.jpg 600w, https:\/\/dingogear.si\/wp-content\/uploads\/2018\/01\/torbica-800x475.jpg 800w, https:\/\/dingogear.si\/wp-content\/uploads\/2018\/01\/torbica-1200x712.jpg 1200w\" sizes=\"(max-width: 1206px) 100vw, 1206px\" \/><\/p>\n","protected":false},"excerpt":{"rendered":"<p><span class=\"goog-text-highlight\">Profesionalna torba za poslastice s bravom za oko struka i oko bedara, za ve\u0107u stabilnost tijekom intenzivnog kretanja.<\/span><\/p>\n<p>Testirano i odobreno od strane profesionalnih trenera. Pouzdana kvaliteta i izvrsnost izvedbe omogu\u0107uju 100% zadovoljstvo korisnika.<\/p>\n<p><strong>Ru\u010dni rad stru\u010dnjaka za profesionalce!<\/strong><\/p>\n<p>Posebne zna\u010dajke:<\/p>\n<ul>\n<li>sastoji se od vanjske \u010dvrste ljuske u koju je pri\u010dvr\u0161\u0107ena mek\u0161a vre\u0107ica za poslastice na \u010di\u010dak<\/li>\n<li>donji dio torbe ima dodatni remen koji vre\u0107icu dr\u017ei na jednom mjestu i sprje\u010dava prolijevanje pse\u0107ih poslastica<\/li>\n<li>unutarnja torba ima pas od \u010di\u010dak materijala koji se lako skida i daje u perilicu<\/li>\n<li><span class=\"goog-text-highlight\">\u010dvrsta konstrukcija dizajna osigurava zadovoljstvo korisnika, jer vodi\u010d lak\u0161e dolazi do poslastica u torbi<\/span><\/li>\n<li>Dimenzije: visina 25cm; \u0161irina 17 cm; debljina 10cm; te\u017eina 400 g<\/li>\n<\/ul>\n","protected":false},"featured_media":11202,"comment_status":"open","ping_status":"closed","template":"","meta":{"_acf_changed":false},"product_brand":[2948],"product_cat":[817,819,827,823],"product_tag":[1844,2886,1238],"class_list":{"0":"post-2507","1":"product","2":"type-product","3":"status-publish","4":"has-post-thumbnail","6":"product_brand-dingo-gear","7":"product_cat-oprema-za-vodica","8":"product_cat-pomagala-za-trening","9":"product_cat-poslastice-za-trening","10":"product_cat-trening-vodljivosti","11":"product_tag-dodatna-oprema-za-vodica","12":"product_tag-poslastice-za-trag","13":"product_tag-vodljivost","15":"first","16":"instock","17":"taxable","18":"shipping-taxable","19":"purchasable","20":"product-type-simple"},"acf":[],"_links":{"self":[{"href":"https:\/\/dingogear.si\/hr\/wp-json\/wp\/v2\/product\/2507","targetHints":{"allow":["GET"]}}],"collection":[{"href":"https:\/\/dingogear.si\/hr\/wp-json\/wp\/v2\/product"}],"about":[{"href":"https:\/\/dingogear.si\/hr\/wp-json\/wp\/v2\/types\/product"}],"replies":[{"embeddable":true,"href":"https:\/\/dingogear.si\/hr\/wp-json\/wp\/v2\/comments?post=2507"}],"wp:featuredmedia":[{"embeddable":true,"href":"https:\/\/dingogear.si\/hr\/wp-json\/wp\/v2\/media\/11202"}],"wp:attachment":[{"href":"https:\/\/dingogear.si\/hr\/wp-json\/wp\/v2\/media?parent=2507"}],"wp:term":[{"taxonomy":"product_brand","embeddable":true,"href":"https:\/\/dingogear.si\/hr\/wp-json\/wp\/v2\/product_brand?post=2507"},{"taxonomy":"product_cat","embeddable":true,"href":"https:\/\/dingogear.si\/hr\/wp-json\/wp\/v2\/product_cat?post=2507"},{"taxonomy":"product_tag","embeddable":true,"href":"https:\/\/dingogear.si\/hr\/wp-json\/wp\/v2\/product_tag?post=2507"}],"curies":[{"name":"wp","href":"https:\/\/api.w.org\/{rel}","templated":true}]}}