{"id":2523,"date":"2018-01-17T20:32:54","date_gmt":"2018-01-17T19:32:54","guid":{"rendered":"http:\/\/dingogear.si\/?post_type=product&#038;p=2523"},"modified":"2020-05-06T10:07:53","modified_gmt":"2020-05-06T08:07:53","slug":"ogrlica-civil","status":"publish","type":"product","link":"https:\/\/dingogear.si\/hr\/ogrlica-civil\/","title":{"rendered":"Ogrlica CIVIL"},"content":{"rendered":"<p><img decoding=\"async\" class=\"aligncenter size-full wp-image-2217\" src=\"https:\/\/dingogear.si\/wp-content\/uploads\/2018\/01\/ovratnica_CIVIL_VEL.jpg\" alt=\"\" width=\"981\" height=\"863\" title=\"\" srcset=\"https:\/\/dingogear.si\/wp-content\/uploads\/2018\/01\/ovratnica_CIVIL_VEL.jpg 981w, https:\/\/dingogear.si\/wp-content\/uploads\/2018\/01\/ovratnica_CIVIL_VEL-500x440.jpg 500w, https:\/\/dingogear.si\/wp-content\/uploads\/2018\/01\/ovratnica_CIVIL_VEL-700x616.jpg 700w, https:\/\/dingogear.si\/wp-content\/uploads\/2018\/01\/ovratnica_CIVIL_VEL-300x264.jpg 300w, https:\/\/dingogear.si\/wp-content\/uploads\/2018\/01\/ovratnica_CIVIL_VEL-768x676.jpg 768w, https:\/\/dingogear.si\/wp-content\/uploads\/2018\/01\/ovratnica_CIVIL_VEL-200x176.jpg 200w, https:\/\/dingogear.si\/wp-content\/uploads\/2018\/01\/ovratnica_CIVIL_VEL-400x352.jpg 400w, https:\/\/dingogear.si\/wp-content\/uploads\/2018\/01\/ovratnica_CIVIL_VEL-600x528.jpg 600w, https:\/\/dingogear.si\/wp-content\/uploads\/2018\/01\/ovratnica_CIVIL_VEL-800x704.jpg 800w\" sizes=\"(max-width: 981px) 100vw, 981px\" \/><\/p>\n","protected":false},"excerpt":{"rendered":"<p>DINGOGEAR profesionalna ovratnica za psa &#8220;Civil&#8221; je standardna,\u00a0tradicionalna ovratnica, ki se uporablja za sprehode ali patruljiranje.<br \/>\nTroslojni sloj, opremljen z dodatno notranjo oja\u010ditvijo. \u0160ivi in konci blaga so zelo trpe\u017eni (debeline 5 mm) &#8211; zavarjen polkrog in sponko.<br \/>\nNajve\u010dja prednost te ovratnice je preprosta konstrukcija (lahko se sname zelo hitro) in univerzalnost &#8211; lahko jo uporabljate za ve\u010d namenov.<\/p>\n<p>Glede na individualne \u017eelje na\u0161ih kupcev smo ovratnico Civil izdelali v dveh izvedbah &#8211; iz usnja in iz polipropilenskega traku.<\/p>\n<p>Zanesljiva trpe\u017enost, kakovost in odli\u010dnost omogo\u010da stoodstotno zadovoljstvo uporabnikov.<\/p>\n<p><strong>Od profesionalcev za profesionalce.\u00a0<\/strong>Preizku\u0161eno in odobreno s strani profesionalnih trenerjev.<\/p>\n<p>Karakteristike ovratnice:<\/p>\n<ul>\n<li>Glavni pas iz polipropilenskega traku ali iz usnja (izberete ob vnosu v ko\u0161arico!)<\/li>\n<li>Ve\u010dplastna ovratnica opremljena z dodatnimi notranjimi oja\u010ditvami<\/li>\n<li>Zelo trpe\u017eni kromirani deli &#8211; debeline 5 mm<\/li>\n<li>Najve\u010dja prednost te ovratnice je enostavnost in je njena ekstremna trajnost in odpornost na mo\u010dne mehanske potege<\/li>\n<li>Parametri: dol\u017eina 40-48cm \/ 48-56cm \/ 56-64cm, \u0161irina 5cm, debelina 0,6cm<\/li>\n<li>Te\u017ea: 0,2kg<\/li>\n<\/ul>\n<p>Namen ovratnice:<\/p>\n<ul>\n<li>trening psa<\/li>\n<li>univerzalen namen<\/li>\n<\/ul>\n","protected":false},"featured_media":2218,"comment_status":"open","ping_status":"closed","template":"","meta":{"_acf_changed":false},"product_brand":[2948],"product_cat":[815,803,817,823],"product_tag":[1240,753],"class_list":{"0":"post-2523","1":"product","2":"type-product","3":"status-publish","4":"has-post-thumbnail","6":"product_brand-dingo-gear","7":"product_cat-ogrlice","8":"product_cat-oprema-za-psa","9":"product_cat-oprema-za-vodica","10":"product_cat-trening-vodljivosti","11":"product_tag-obrana","12":"product_tag-ogrlice-i-davilice","13":"pa_barva-ovratnice-boja-crne-koze","14":"pa_barva-ovratnice-crna-hr","15":"pa_material-ovratnice-koza","16":"pa_material-ovratnice-polipropilen-hr","17":"pa_posebnost-ovratnice-ogrlica-bez-rucke","18":"pa_velikost-ovratnice-40-48cm-hr","19":"pa_velikost-ovratnice-48-56cm-hr","20":"pa_velikost-ovratnice-56-64cm-hr","22":"first","23":"instock","24":"taxable","25":"shipping-taxable","26":"purchasable","27":"product-type-variable"},"acf":[],"_links":{"self":[{"href":"https:\/\/dingogear.si\/hr\/wp-json\/wp\/v2\/product\/2523","targetHints":{"allow":["GET"]}}],"collection":[{"href":"https:\/\/dingogear.si\/hr\/wp-json\/wp\/v2\/product"}],"about":[{"href":"https:\/\/dingogear.si\/hr\/wp-json\/wp\/v2\/types\/product"}],"replies":[{"embeddable":true,"href":"https:\/\/dingogear.si\/hr\/wp-json\/wp\/v2\/comments?post=2523"}],"wp:featuredmedia":[{"embeddable":true,"href":"https:\/\/dingogear.si\/hr\/wp-json\/wp\/v2\/media\/2218"}],"wp:attachment":[{"href":"https:\/\/dingogear.si\/hr\/wp-json\/wp\/v2\/media?parent=2523"}],"wp:term":[{"taxonomy":"product_brand","embeddable":true,"href":"https:\/\/dingogear.si\/hr\/wp-json\/wp\/v2\/product_brand?post=2523"},{"taxonomy":"product_cat","embeddable":true,"href":"https:\/\/dingogear.si\/hr\/wp-json\/wp\/v2\/product_cat?post=2523"},{"taxonomy":"product_tag","embeddable":true,"href":"https:\/\/dingogear.si\/hr\/wp-json\/wp\/v2\/product_tag?post=2523"}],"curies":[{"name":"wp","href":"https:\/\/api.w.org\/{rel}","templated":true}]}}