{"id":2539,"date":"2018-01-17T15:09:00","date_gmt":"2018-03-27T18:49:01","guid":{"rendered":"http:\/\/dingogear.si\/?post_type=product&#038;p=2539"},"modified":"2021-05-21T16:26:45","modified_gmt":"2021-05-21T14:26:45","slug":"ogrlica-heros","status":"publish","type":"product","link":"https:\/\/dingogear.si\/hr\/ogrlica-heros\/","title":{"rendered":"Ogrlica HEROS"},"content":{"rendered":"<p><img decoding=\"async\" class=\"aligncenter size-full wp-image-2182\" src=\"https:\/\/dingogear.si\/wp-content\/uploads\/2018\/01\/ovratnica_HEROS_VEL.jpg\" alt=\"\" width=\"1534\" height=\"740\" title=\"\" srcset=\"https:\/\/dingogear.si\/wp-content\/uploads\/2018\/01\/ovratnica_HEROS_VEL.jpg 1534w, https:\/\/dingogear.si\/wp-content\/uploads\/2018\/01\/ovratnica_HEROS_VEL-500x241.jpg 500w, https:\/\/dingogear.si\/wp-content\/uploads\/2018\/01\/ovratnica_HEROS_VEL-700x338.jpg 700w, https:\/\/dingogear.si\/wp-content\/uploads\/2018\/01\/ovratnica_HEROS_VEL-300x145.jpg 300w, https:\/\/dingogear.si\/wp-content\/uploads\/2018\/01\/ovratnica_HEROS_VEL-768x370.jpg 768w, https:\/\/dingogear.si\/wp-content\/uploads\/2018\/01\/ovratnica_HEROS_VEL-1024x494.jpg 1024w, https:\/\/dingogear.si\/wp-content\/uploads\/2018\/01\/ovratnica_HEROS_VEL-200x96.jpg 200w, https:\/\/dingogear.si\/wp-content\/uploads\/2018\/01\/ovratnica_HEROS_VEL-400x193.jpg 400w, https:\/\/dingogear.si\/wp-content\/uploads\/2018\/01\/ovratnica_HEROS_VEL-600x289.jpg 600w, https:\/\/dingogear.si\/wp-content\/uploads\/2018\/01\/ovratnica_HEROS_VEL-800x386.jpg 800w, https:\/\/dingogear.si\/wp-content\/uploads\/2018\/01\/ovratnica_HEROS_VEL-1200x579.jpg 1200w\" sizes=\"(max-width: 1534px) 100vw, 1534px\" \/><\/p>\n","protected":false},"excerpt":{"rendered":"<p>DINGOGEAR profesionalna ovratnica za psa &#8220;Heros&#8221; z ro\u010dajem za intenziven trening &#8211; zdru\u017euje funkcije oprsnice (ro\u010daj) in navadne ovratnice. Je kot nala\u0161\u010d za obrambo ali samo za sprehode. Ovratnica Heros je posebna v tem, da je sestavljena iz dveh lo\u010denih delov<br \/>\n&#8211; zgornjega in spodnjega.<\/p>\n<p>Spodnji del ima poleg glavnega jermena \u0161iroko in mehko oblazinjenje in dve mo\u010dni kovinski zaponki.<br \/>\nZgornji del sestoji iz dvojnega traku in zelo mo\u010dnega ro\u010daja z usnjeno podlogo, da se izognete kontaktu kovine s krznom psa. Ro\u010daj je iz mo\u010dnega, trpe\u017enega usnja.<br \/>\nNajve\u010dja prednost te ovratnice je, da je spodnji del popolnoma nastavljiv, zato je vedno lahko postavljen tako, da v celoti \u0161\u010diti psa na grlu.<br \/>\nZgornji del je nekoliko o\u017eji.<\/p>\n<p>Glede na individualne \u017eelje na\u0161ih kupcev smo ovratnico Heros izdelali v dveh izvedbah &#8211; iz usnja in iz polipropilenskega traku.<\/p>\n<p>Zanesljiva trpe\u017enost, kakovost in odli\u010dnost omogo\u010da stoodstotno zadovoljstvo uporabnikov.<\/p>\n<p><strong>Od profesionalcev za profesionalce.\u00a0<\/strong>Preizku\u0161eno in odobreno s strani profesionalnih trenerjev.<\/p>\n<p>Karakteristike ovratnice:<\/p>\n<ul>\n<li>Glavni pas iz polipropilenskega traku ali iz usnja (izberete ob vnosu v ko\u0161arico!)<\/li>\n<li>Sestoji iz dveh lo\u010denih delov &#8211; spodnjega in zgornjega dela<\/li>\n<li>Spodnji del podlo\u017een z zelo mehko blazino po celotnem notranjem delu<\/li>\n<li>Spodnji del se zaklju\u010di z dvema mo\u010dnima kovinskima sponkama<\/li>\n<li>Polo\u017eaj polkro\u017ene zaponke na hrbtu ovratnice omogo\u010da hitro pritrditev povodca ali vrvi in dr\u017eanje psa<\/li>\n<li>Vsak od karabinov (sponk) je izoliran z usnjeno oblogo, ki prepre\u010duje stik kovine s psom<\/li>\n<li>Dvojni zgo\u0161\u010deni \u0161ivi za udoben prijem ro\u010daja iz naravnega usnja<\/li>\n<li>Najve\u010dja prednost te ovratnice je, da je spodnji del popolnoma nastavljiv in da blazina, ki se nahaja na spodnjem delu vratu, zaradi velike \u0161irine \u0161\u010diti \u017erelo in goltanec pred po\u0161kodbami in zmanj\u0161a neprijetne u\u010dinke nenadnih kretenj med obrambo.<\/li>\n<li>Parametri: dol\u017eina 40-52cm \/ 52-64cm, \u0161irina 5cm, debelina 1cm<\/li>\n<li>Te\u017ea: 0,3kg<\/li>\n<\/ul>\n<p>Namen ovratnice:<\/p>\n<ul>\n<li>trening psa<\/li>\n<li>usposabljanje za obrambo<\/li>\n<\/ul>\n","protected":false},"featured_media":2186,"comment_status":"open","ping_status":"closed","template":"","meta":{"_acf_changed":false},"product_brand":[2948],"product_cat":[815,803,817,823],"product_tag":[1240,753],"class_list":{"0":"post-2539","1":"product","2":"type-product","3":"status-publish","4":"has-post-thumbnail","6":"product_brand-dingo-gear","7":"product_cat-ogrlice","8":"product_cat-oprema-za-psa","9":"product_cat-oprema-za-vodica","10":"product_cat-trening-vodljivosti","11":"product_tag-obrana","12":"product_tag-ogrlice-i-davilice","13":"pa_barva-ovratnice-boja-crne-koze","14":"pa_barva-ovratnice-crna-hr","15":"pa_material-ovratnice-koza","16":"pa_material-ovratnice-koza-s-mekom-oblogom","17":"pa_material-ovratnice-polipropilen-hr","18":"pa_material-ovratnice-polipropilen-s-mekom-oblogom","19":"pa_posebnost-ovratnice-ogrlica-s-ruckom","20":"pa_velikost-ovratnice-40-52cm-hr","21":"pa_velikost-ovratnice-52-64cm-hr","23":"first","24":"instock","25":"featured","26":"taxable","27":"shipping-taxable","28":"purchasable","29":"product-type-variable"},"acf":[],"_links":{"self":[{"href":"https:\/\/dingogear.si\/hr\/wp-json\/wp\/v2\/product\/2539","targetHints":{"allow":["GET"]}}],"collection":[{"href":"https:\/\/dingogear.si\/hr\/wp-json\/wp\/v2\/product"}],"about":[{"href":"https:\/\/dingogear.si\/hr\/wp-json\/wp\/v2\/types\/product"}],"replies":[{"embeddable":true,"href":"https:\/\/dingogear.si\/hr\/wp-json\/wp\/v2\/comments?post=2539"}],"wp:featuredmedia":[{"embeddable":true,"href":"https:\/\/dingogear.si\/hr\/wp-json\/wp\/v2\/media\/2186"}],"wp:attachment":[{"href":"https:\/\/dingogear.si\/hr\/wp-json\/wp\/v2\/media?parent=2539"}],"wp:term":[{"taxonomy":"product_brand","embeddable":true,"href":"https:\/\/dingogear.si\/hr\/wp-json\/wp\/v2\/product_brand?post=2539"},{"taxonomy":"product_cat","embeddable":true,"href":"https:\/\/dingogear.si\/hr\/wp-json\/wp\/v2\/product_cat?post=2539"},{"taxonomy":"product_tag","embeddable":true,"href":"https:\/\/dingogear.si\/hr\/wp-json\/wp\/v2\/product_tag?post=2539"}],"curies":[{"name":"wp","href":"https:\/\/api.w.org\/{rel}","templated":true}]}}