{"id":2545,"date":"2018-01-17T13:13:49","date_gmt":"2018-01-17T12:13:49","guid":{"rendered":"http:\/\/dingogear.si\/?post_type=product&#038;p=2545"},"modified":"2020-05-06T10:13:10","modified_gmt":"2020-05-06T08:13:10","slug":"ogrlica-drago","status":"publish","type":"product","link":"https:\/\/dingogear.si\/hr\/ogrlica-drago\/","title":{"rendered":"Ogrlica DRAGO"},"content":{"rendered":"<p><img decoding=\"async\" class=\"aligncenter size-full wp-image-2161\" src=\"https:\/\/dingogear.si\/wp-content\/uploads\/2018\/01\/ovratnica_DRAGO_VEL.jpg\" alt=\"\" width=\"1366\" height=\"769\" title=\"\" srcset=\"https:\/\/dingogear.si\/wp-content\/uploads\/2018\/01\/ovratnica_DRAGO_VEL.jpg 1366w, https:\/\/dingogear.si\/wp-content\/uploads\/2018\/01\/ovratnica_DRAGO_VEL-500x281.jpg 500w, https:\/\/dingogear.si\/wp-content\/uploads\/2018\/01\/ovratnica_DRAGO_VEL-700x394.jpg 700w, https:\/\/dingogear.si\/wp-content\/uploads\/2018\/01\/ovratnica_DRAGO_VEL-300x169.jpg 300w, https:\/\/dingogear.si\/wp-content\/uploads\/2018\/01\/ovratnica_DRAGO_VEL-768x432.jpg 768w, https:\/\/dingogear.si\/wp-content\/uploads\/2018\/01\/ovratnica_DRAGO_VEL-1024x576.jpg 1024w, https:\/\/dingogear.si\/wp-content\/uploads\/2018\/01\/ovratnica_DRAGO_VEL-200x113.jpg 200w, https:\/\/dingogear.si\/wp-content\/uploads\/2018\/01\/ovratnica_DRAGO_VEL-400x225.jpg 400w, https:\/\/dingogear.si\/wp-content\/uploads\/2018\/01\/ovratnica_DRAGO_VEL-600x338.jpg 600w, https:\/\/dingogear.si\/wp-content\/uploads\/2018\/01\/ovratnica_DRAGO_VEL-800x450.jpg 800w, https:\/\/dingogear.si\/wp-content\/uploads\/2018\/01\/ovratnica_DRAGO_VEL-1200x676.jpg 1200w\" sizes=\"(max-width: 1366px) 100vw, 1366px\" \/><\/p>\n","protected":false},"excerpt":{"rendered":"<p>DINGOGEAR profesionalna ovratnica za psa &#8220;Drago&#8221; z ro\u010dajem za intenziven trening &#8211; zdru\u017euje funkcije oprsnice (ro\u010daj) in navadne ovratnice.<\/p>\n<p>Glede na individualne \u017eelje na\u0161ih kupcev smo ovratnico Drago izdelali v dveh izvedbah &#8211; iz usnja in iz polipropilenskega traku.<\/p>\n<p>Zanesljiva trpe\u017enost, kakovost in odli\u010dnost omogo\u010da stoodstotno zadovoljstvo uporabnikov.<\/p>\n<p><strong>Od profesionalcev za profesionalce.\u00a0<\/strong>Preizku\u0161eno in odobreno s strani profesionalnih trenerjev.<\/p>\n<p>Karakteristike ovratnice:<\/p>\n<ul>\n<li>Glavni pas iz polipropilenskega traku ali iz usnja (izberete ob vnosu v ko\u0161arico!)<\/li>\n<li>Glavni pas podlo\u017een z zelo mehko blazino po celotnem notranjem delu ovratnice<\/li>\n<li>Zelo trpe\u017eni kromirani karabini &#8211; sponka in polkrog<\/li>\n<li>Polo\u017eaj polkro\u017ene zaponke na hrbtu ovratnice omogo\u010da hitro pritrditev povodca ali vrvi in dr\u017eanje psa<\/li>\n<li>Vsak od karabinov (sponk) je izoliran z usnjeno oblogo, ki prepre\u010duje stik kovine s psom<\/li>\n<li>Dvojni zgo\u0161\u010deni \u0161ivi za zelo udoben prijem ro\u010daja iz naravnega usnja<\/li>\n<li>Najve\u010dja prednost tega ovratnika je, da blazina, ki se nahaja okoli oboda vratu, zmanj\u0161a neprijetne u\u010dinke nenadnih kretenj med obrambo<\/li>\n<li>Parametri: dol\u017eina 40-48cm \/ 48-56cm \/ 56-64cm, \u0161irina 5cm, debelina 1,0cm<\/li>\n<li>Te\u017ea: 0,2kg<\/li>\n<\/ul>\n<p>Namen ovratnice:<\/p>\n<ul>\n<li>trening psa<\/li>\n<li>usposabljanje za obrambo<\/li>\n<\/ul>\n","protected":false},"featured_media":2170,"comment_status":"open","ping_status":"closed","template":"","meta":{"_acf_changed":false},"product_brand":[2948],"product_cat":[815,803,817,823],"product_tag":[1240,753],"class_list":{"0":"post-2545","1":"product","2":"type-product","3":"status-publish","4":"has-post-thumbnail","6":"product_brand-dingo-gear","7":"product_cat-ogrlice","8":"product_cat-oprema-za-psa","9":"product_cat-oprema-za-vodica","10":"product_cat-trening-vodljivosti","11":"product_tag-obrana","12":"product_tag-ogrlice-i-davilice","13":"pa_barva-ovratnice-boja-crne-koze","14":"pa_barva-ovratnice-crna-hr","15":"pa_material-ovratnice-koza","16":"pa_material-ovratnice-koza-s-mekom-oblogom","17":"pa_material-ovratnice-polipropilen-hr","18":"pa_material-ovratnice-polipropilen-s-mekom-oblogom","19":"pa_posebnost-ovratnice-ogrlica-s-ruckom","20":"pa_velikost-ovratnice-40-48cm-hr","21":"pa_velikost-ovratnice-48-56cm-hr","22":"pa_velikost-ovratnice-56-64cm-hr","24":"first","25":"instock","26":"featured","27":"taxable","28":"shipping-taxable","29":"purchasable","30":"product-type-variable"},"acf":[],"_links":{"self":[{"href":"https:\/\/dingogear.si\/hr\/wp-json\/wp\/v2\/product\/2545","targetHints":{"allow":["GET"]}}],"collection":[{"href":"https:\/\/dingogear.si\/hr\/wp-json\/wp\/v2\/product"}],"about":[{"href":"https:\/\/dingogear.si\/hr\/wp-json\/wp\/v2\/types\/product"}],"replies":[{"embeddable":true,"href":"https:\/\/dingogear.si\/hr\/wp-json\/wp\/v2\/comments?post=2545"}],"wp:featuredmedia":[{"embeddable":true,"href":"https:\/\/dingogear.si\/hr\/wp-json\/wp\/v2\/media\/2170"}],"wp:attachment":[{"href":"https:\/\/dingogear.si\/hr\/wp-json\/wp\/v2\/media?parent=2545"}],"wp:term":[{"taxonomy":"product_brand","embeddable":true,"href":"https:\/\/dingogear.si\/hr\/wp-json\/wp\/v2\/product_brand?post=2545"},{"taxonomy":"product_cat","embeddable":true,"href":"https:\/\/dingogear.si\/hr\/wp-json\/wp\/v2\/product_cat?post=2545"},{"taxonomy":"product_tag","embeddable":true,"href":"https:\/\/dingogear.si\/hr\/wp-json\/wp\/v2\/product_tag?post=2545"}],"curies":[{"name":"wp","href":"https:\/\/api.w.org\/{rel}","templated":true}]}}