{"id":2553,"date":"2018-01-16T16:11:48","date_gmt":"2018-01-16T15:11:48","guid":{"rendered":"http:\/\/dingogear.si\/?post_type=product&#038;p=2553"},"modified":"2024-12-23T12:44:35","modified_gmt":"2024-12-23T11:44:35","slug":"povodnik-za-trening-obrane-amortizator","status":"publish","type":"product","link":"https:\/\/dingogear.si\/hr\/povodnik-za-trening-obrane-amortizator\/","title":{"rendered":"Povodnik za trening obrane \u2013 AMORTIZER"},"content":{"rendered":"<p><img decoding=\"async\" class=\"aligncenter size-full wp-image-2154\" src=\"https:\/\/dingogear.si\/wp-content\/uploads\/2018\/01\/povodec_OBRAMBA__amortizator_VEL.jpg\" alt=\"\" width=\"1326\" height=\"757\" title=\"\" srcset=\"https:\/\/dingogear.si\/wp-content\/uploads\/2018\/01\/povodec_OBRAMBA__amortizator_VEL.jpg 1326w, https:\/\/dingogear.si\/wp-content\/uploads\/2018\/01\/povodec_OBRAMBA__amortizator_VEL-500x285.jpg 500w, https:\/\/dingogear.si\/wp-content\/uploads\/2018\/01\/povodec_OBRAMBA__amortizator_VEL-700x400.jpg 700w, https:\/\/dingogear.si\/wp-content\/uploads\/2018\/01\/povodec_OBRAMBA__amortizator_VEL-300x171.jpg 300w, https:\/\/dingogear.si\/wp-content\/uploads\/2018\/01\/povodec_OBRAMBA__amortizator_VEL-768x438.jpg 768w, https:\/\/dingogear.si\/wp-content\/uploads\/2018\/01\/povodec_OBRAMBA__amortizator_VEL-1024x585.jpg 1024w, https:\/\/dingogear.si\/wp-content\/uploads\/2018\/01\/povodec_OBRAMBA__amortizator_VEL-200x114.jpg 200w, https:\/\/dingogear.si\/wp-content\/uploads\/2018\/01\/povodec_OBRAMBA__amortizator_VEL-400x228.jpg 400w, https:\/\/dingogear.si\/wp-content\/uploads\/2018\/01\/povodec_OBRAMBA__amortizator_VEL-600x343.jpg 600w, https:\/\/dingogear.si\/wp-content\/uploads\/2018\/01\/povodec_OBRAMBA__amortizator_VEL-800x457.jpg 800w, https:\/\/dingogear.si\/wp-content\/uploads\/2018\/01\/povodec_OBRAMBA__amortizator_VEL-1200x685.jpg 1200w\" sizes=\"(max-width: 1326px) 100vw, 1326px\" \/><\/p>\n","protected":false},"excerpt":{"rendered":"<p>Profesionalni povodnik DINGO GEAR dizajniran za obuku obrane. Izuzetno jaka debela guma presvu\u010dena najlonskim navlakom s izuzetno \u010dvrstim karabinerima na svakom kraju. Pouzdana i potreban povodnik u dresuri svakog psa koji radi u obrani.<\/p>\n<p>Idealno za uporabu u obuci obrane. Predla\u017eemo da amortizer koristite u kombinaciji s <a href=\"https:\/\/dingogear.si\/izdelek\/povodec-za-trening-obrambe\/\">povodnikom za obuku obrane<\/a>. <\/p>\n<p>Pouzdana trajnost, kvaliteta i izvrsnost omogu\u0107uju 100% zadovoljstvo korisnika.<\/p>\n<p><strong>Od profesionalaca za profesionalce.<\/strong><\/p>\n<p>Dostupan je u duljini od 2 m u dvije izvedbe:<\/p>\n<ul>\n<li>za pse te\u017eine manje od 25 kg<\/li>\n<li>za pse te\u017eine ve\u0107e od 25 kg<\/li>\n<\/ul>\n<p><strong>Prednosti i konstrukcija povodnika:<\/strong><\/p>\n<ul>\n<li>Gumeni ekspanderi<\/li>\n<li>Navlaka od izdr\u017eljivog materijala<\/li>\n<li>Super jaka guma<\/li>\n<li>Dva metalna karabina &#8216;za penjanje&#8217;<\/li>\n<li>Dva metalna u\u017eeta<\/li>\n<li>Parametri: za pse do 25 kg: duljina: 2 m, te\u017eina: 0,3 kg, za pse iznad 25 kg: duljina: 2 m, te\u017eina: 0,3 kg<\/li>\n<\/ul>\n<p>Povodnik za:<\/p>\n<p>Obuka za velike, jake pse<br \/>\nPouzdan i neophodan u dresuri svakog psa koji radi u obrani<br \/>\nPoma\u017ee u izgradnji pravog potiska, pove\u0107ava samopouzdanje psa i sna\u017ean stisak \u0161apa na tlo<\/p>\n","protected":false},"featured_media":11329,"comment_status":"open","ping_status":"closed","template":"","meta":{"_acf_changed":false},"product_brand":[2948],"product_cat":[781,803,817,805,821],"product_tag":[1240,1236],"class_list":{"0":"post-2553","1":"product","2":"type-product","3":"status-publish","4":"has-post-thumbnail","6":"product_brand-dingo-gear","7":"product_cat-oprema-za-markirante","8":"product_cat-oprema-za-psa","9":"product_cat-oprema-za-vodica","10":"product_cat-povodnici","11":"product_cat-trening-obrane","12":"product_tag-obrana","13":"product_tag-povodnici","14":"pa_barva-povodca-crna-hr","15":"pa_dolzina-povodca-200cm-hr","16":"pa_material-povodca-polipropilen-hr","17":"pa_moc-povodca-psi-s-tezinom-ispod-25kg","18":"pa_moc-povodca-psi-tezine-preko-25kg","19":"pa_posebnost-povodca-povodnik-amortizator","21":"first","22":"instock","23":"taxable","24":"shipping-taxable","25":"purchasable","26":"product-type-variable"},"acf":[],"_links":{"self":[{"href":"https:\/\/dingogear.si\/hr\/wp-json\/wp\/v2\/product\/2553","targetHints":{"allow":["GET"]}}],"collection":[{"href":"https:\/\/dingogear.si\/hr\/wp-json\/wp\/v2\/product"}],"about":[{"href":"https:\/\/dingogear.si\/hr\/wp-json\/wp\/v2\/types\/product"}],"replies":[{"embeddable":true,"href":"https:\/\/dingogear.si\/hr\/wp-json\/wp\/v2\/comments?post=2553"}],"wp:featuredmedia":[{"embeddable":true,"href":"https:\/\/dingogear.si\/hr\/wp-json\/wp\/v2\/media\/11329"}],"wp:attachment":[{"href":"https:\/\/dingogear.si\/hr\/wp-json\/wp\/v2\/media?parent=2553"}],"wp:term":[{"taxonomy":"product_brand","embeddable":true,"href":"https:\/\/dingogear.si\/hr\/wp-json\/wp\/v2\/product_brand?post=2553"},{"taxonomy":"product_cat","embeddable":true,"href":"https:\/\/dingogear.si\/hr\/wp-json\/wp\/v2\/product_cat?post=2553"},{"taxonomy":"product_tag","embeddable":true,"href":"https:\/\/dingogear.si\/hr\/wp-json\/wp\/v2\/product_tag?post=2553"}],"curies":[{"name":"wp","href":"https:\/\/api.w.org\/{rel}","templated":true}]}}