{"id":2575,"date":"2018-01-16T13:48:16","date_gmt":"2018-03-27T19:58:15","guid":{"rendered":"http:\/\/dingogear.si\/?post_type=product&#038;p=2575"},"modified":"2020-05-06T11:19:30","modified_gmt":"2020-05-06T09:19:30","slug":"povodnik-za-rad-i-traganje-iz-polipropilena","status":"publish","type":"product","link":"https:\/\/dingogear.si\/hr\/povodnik-za-rad-i-traganje-iz-polipropilena\/","title":{"rendered":"Povodnik za rad i traganje iz polipropilena"},"content":{"rendered":"<p><img decoding=\"async\" class=\"aligncenter size-full wp-image-2084\" src=\"https:\/\/dingogear.si\/wp-content\/uploads\/2018\/01\/delovni-povodec_VSI_VEL.png\" alt=\"\" width=\"1173\" height=\"754\" title=\"\" srcset=\"https:\/\/dingogear.si\/wp-content\/uploads\/2018\/01\/delovni-povodec_VSI_VEL.png 1173w, https:\/\/dingogear.si\/wp-content\/uploads\/2018\/01\/delovni-povodec_VSI_VEL-500x321.png 500w, https:\/\/dingogear.si\/wp-content\/uploads\/2018\/01\/delovni-povodec_VSI_VEL-700x450.png 700w, https:\/\/dingogear.si\/wp-content\/uploads\/2018\/01\/delovni-povodec_VSI_VEL-300x193.png 300w, https:\/\/dingogear.si\/wp-content\/uploads\/2018\/01\/delovni-povodec_VSI_VEL-768x494.png 768w, https:\/\/dingogear.si\/wp-content\/uploads\/2018\/01\/delovni-povodec_VSI_VEL-1024x658.png 1024w, https:\/\/dingogear.si\/wp-content\/uploads\/2018\/01\/delovni-povodec_VSI_VEL-460x295.png 460w, https:\/\/dingogear.si\/wp-content\/uploads\/2018\/01\/delovni-povodec_VSI_VEL-200x129.png 200w, https:\/\/dingogear.si\/wp-content\/uploads\/2018\/01\/delovni-povodec_VSI_VEL-400x257.png 400w, https:\/\/dingogear.si\/wp-content\/uploads\/2018\/01\/delovni-povodec_VSI_VEL-600x386.png 600w, https:\/\/dingogear.si\/wp-content\/uploads\/2018\/01\/delovni-povodec_VSI_VEL-800x514.png 800w\" sizes=\"(max-width: 1173px) 100vw, 1173px\" \/><\/p>\n","protected":false},"excerpt":{"rendered":"<p>DINGOGEAR profesionalni polipropilenski sledni povodec namenjen za trening ve\u010djih mo\u010dnih psov. Material vodniku nudi udoben oprijem za la\u017ejo vodljivost psa. Material je dodatno oja\u010dan z mo\u010dnimi \u0161ivi.<\/p>\n<p>Zanesljiva trpe\u017enost, kakovost in odli\u010dnost omogo\u010da stoodstotno zadovoljstvo uporabnikov.<\/p>\n<p><strong>Od profesionalcev za profesionalce.<\/strong><\/p>\n<p>Idealno za obe vrsti usposabljanja: patruljiranje in boj\/obramba.<\/p>\n<p>Na voljo je v dveh dol\u017einah: 5m in 10,5m in v treh barvnih razli\u010dicah.<\/p>\n<p><strong>Prednosti in konstrukcija povodca:<\/strong><\/p>\n<ul>\n<li>Vodoodporen<\/li>\n<li>Dodatni \u0161ivi<\/li>\n<li>Dobra odpornost v okolju, ki je kemi\u010dno aktivno<\/li>\n<li>Dobra obstojnost in odpornost proti UV sevanju<\/li>\n<li>Temperatura \u2013 v ekstremnih visokih in nizkih temperaturah ne izgubi svojih fizikalnih lastnosti<\/li>\n<li>Vrv ne zdrsne iz rok in tako zagotavlja zanesljiv oprijem<\/li>\n<li>Kromirani deli so odporni proti koroziji, zagotavljajo vzdr\u017eljivost in varnost uporabe<\/li>\n<li>Brez ro\u010daja<\/li>\n<li>Spojni elementi prebodeni z zelo mo\u010dnimi \u0161ivi<\/li>\n<li>Posebno profilirani polipropilenski trak<\/li>\n<li>Parametri: dol\u017eina 5 m ali 10,5 m, \u0161irina 2 cm, debelina 0,3 cm<\/li>\n<li>Te\u017ea: 0,3kg<\/li>\n<\/ul>\n<p>Povodec za namen:<\/p>\n<p>Usposabljanja velikih, mo\u010dnih psov<br \/>\nUsposabljanja, patruljiranja in bojne operacije<br \/>\nSe lahko uporablja v navadnih, vsakodnevnih situacijah, ko se ukvarjamo z velikim, mo\u010dnim psom kot je naprimer pes tipa nem\u0161ki ov\u010dar.<\/p>\n","protected":false},"featured_media":2096,"comment_status":"open","ping_status":"closed","template":"","meta":{"_acf_changed":false},"product_brand":[2948],"product_cat":[803,817,805,825,823],"product_tag":[1236,761,1238],"class_list":{"0":"post-2575","1":"product","2":"type-product","3":"status-publish","4":"has-post-thumbnail","6":"product_brand-dingo-gear","7":"product_cat-oprema-za-psa","8":"product_cat-oprema-za-vodica","9":"product_cat-povodnici","10":"product_cat-trening-traganja","11":"product_cat-trening-vodljivosti","12":"product_tag-povodnici","13":"product_tag-traganje","14":"product_tag-vodljivost","15":"pa_barva-izdelka-crvena","16":"pa_barva-izdelka-zelena-hr","17":"pa_barva-izdelka-zuta","18":"pa_barva-povodca-crveno-crna","19":"pa_barva-povodca-zeleno-crna-hr","20":"pa_barva-povodca-zuto-crna","21":"pa_dolzina-povodca-105m-hr","22":"pa_dolzina-povodca-5m-hr","23":"pa_material-povodca-polipropilen-hr","24":"pa_posebnost-povodca-povodnik-bez-rucke","25":"pa_posebnost-povodca-povodnik-za-rad","26":"pa_sirina-povodca-2cm-hr","28":"first","29":"instock","30":"taxable","31":"shipping-taxable","32":"purchasable","33":"product-type-variable"},"acf":[],"_links":{"self":[{"href":"https:\/\/dingogear.si\/hr\/wp-json\/wp\/v2\/product\/2575","targetHints":{"allow":["GET"]}}],"collection":[{"href":"https:\/\/dingogear.si\/hr\/wp-json\/wp\/v2\/product"}],"about":[{"href":"https:\/\/dingogear.si\/hr\/wp-json\/wp\/v2\/types\/product"}],"replies":[{"embeddable":true,"href":"https:\/\/dingogear.si\/hr\/wp-json\/wp\/v2\/comments?post=2575"}],"wp:featuredmedia":[{"embeddable":true,"href":"https:\/\/dingogear.si\/hr\/wp-json\/wp\/v2\/media\/2096"}],"wp:attachment":[{"href":"https:\/\/dingogear.si\/hr\/wp-json\/wp\/v2\/media?parent=2575"}],"wp:term":[{"taxonomy":"product_brand","embeddable":true,"href":"https:\/\/dingogear.si\/hr\/wp-json\/wp\/v2\/product_brand?post=2575"},{"taxonomy":"product_cat","embeddable":true,"href":"https:\/\/dingogear.si\/hr\/wp-json\/wp\/v2\/product_cat?post=2575"},{"taxonomy":"product_tag","embeddable":true,"href":"https:\/\/dingogear.si\/hr\/wp-json\/wp\/v2\/product_tag?post=2575"}],"curies":[{"name":"wp","href":"https:\/\/api.w.org\/{rel}","templated":true}]}}