{"id":2583,"date":"2018-03-27T22:00:57","date_gmt":"2018-03-27T20:00:57","guid":{"rendered":"http:\/\/dingogear.si\/?post_type=product&#038;p=2583"},"modified":"2022-01-06T19:38:08","modified_gmt":"2022-01-06T18:38:08","slug":"povodnik-za-rad-iz-koze","status":"publish","type":"product","link":"https:\/\/dingogear.si\/hr\/povodnik-za-rad-iz-koze\/","title":{"rendered":"Povodnik za trag iz ko\u017ee"},"content":{"rendered":"<p><img decoding=\"async\" class=\"aligncenter size-full wp-image-2084\" src=\"https:\/\/dingogear.si\/wp-content\/uploads\/2018\/01\/delovni-povodec_VSI_VEL.png\" alt=\"\" width=\"1173\" height=\"754\" title=\"\" srcset=\"https:\/\/dingogear.si\/wp-content\/uploads\/2018\/01\/delovni-povodec_VSI_VEL.png 1173w, https:\/\/dingogear.si\/wp-content\/uploads\/2018\/01\/delovni-povodec_VSI_VEL-500x321.png 500w, https:\/\/dingogear.si\/wp-content\/uploads\/2018\/01\/delovni-povodec_VSI_VEL-700x450.png 700w, https:\/\/dingogear.si\/wp-content\/uploads\/2018\/01\/delovni-povodec_VSI_VEL-300x193.png 300w, https:\/\/dingogear.si\/wp-content\/uploads\/2018\/01\/delovni-povodec_VSI_VEL-768x494.png 768w, https:\/\/dingogear.si\/wp-content\/uploads\/2018\/01\/delovni-povodec_VSI_VEL-1024x658.png 1024w, https:\/\/dingogear.si\/wp-content\/uploads\/2018\/01\/delovni-povodec_VSI_VEL-460x295.png 460w, https:\/\/dingogear.si\/wp-content\/uploads\/2018\/01\/delovni-povodec_VSI_VEL-200x129.png 200w, https:\/\/dingogear.si\/wp-content\/uploads\/2018\/01\/delovni-povodec_VSI_VEL-400x257.png 400w, https:\/\/dingogear.si\/wp-content\/uploads\/2018\/01\/delovni-povodec_VSI_VEL-600x386.png 600w, https:\/\/dingogear.si\/wp-content\/uploads\/2018\/01\/delovni-povodec_VSI_VEL-800x514.png 800w\" sizes=\"(max-width: 1173px) 100vw, 1173px\" \/><\/p>\n","protected":false},"excerpt":{"rendered":"<p>DINGO GEAR profesionalni ko\u017eni povodnik za rad i trag dizajniran za obuku ve\u0107ih jakih pasa. Voditelju nudi udoban hvat za lak\u0161e rukovanje. Materijal je dodatno oja\u010dan jakim \u0161avovima.<\/p>\n<p>Pouzdana trajnost, kvaliteta i izvrsnost omogu\u0107uju 100% zadovoljstvo korisnika.<\/p>\n<p><strong>Od profesionalaca za profesionalce.<\/strong><\/p>\n<p>Idealno za nekoliko vrsta treninga: patrolnu i borbenu\/obranu.<\/p>\n<p><strong>Prednosti i konstrukcija povodnika:<\/strong><\/p>\n<ul>\n<li>Izra\u0111eno od visokokvalitetne ko\u017ee<\/li>\n<li>Zahvaljuju\u0107i ko\u017ei, u\u017ee ne klizi iz ruku i time osigurava pouzdano prianjanje<\/li>\n<li>Vodootporan<\/li>\n<li>Kromirani dijelovi otporni su na koroziju, pru\u017eaju trajnost i sigurnost upotrebe<\/li>\n<li>Bez ru\u010dke<\/li>\n<li>Pri\u010dvr\u0161\u0107iva\u010di probu\u0161eni vrlo jakim \u0161avovima<\/li>\n<li>Parametri: du\u017eina 10,5 m, \u0161irina 1 cm, debljina 0,3 cm<\/li>\n<li>Te\u017eina: 0,4 kg<\/li>\n<\/ul>\n<p>Povodnik za:<\/p>\n<p>Osposobljavanje velikih, jakih pasa<br \/>\nObuka, ophodnje i borbena djelovanja<br \/>\nMo\u017ee se koristiti u obi\u010dnim, svakodnevnim situacijama kada imate posla s velikim, sna\u017enim psom kao \u0161to je njema\u010dki ov\u010dar.<\/p>\n","protected":false},"featured_media":2092,"comment_status":"open","ping_status":"closed","template":"","meta":{"_acf_changed":false},"product_brand":[2948],"product_cat":[803,817,805,823],"product_tag":[1236,1238],"class_list":{"0":"post-2583","1":"product","2":"type-product","3":"status-publish","4":"has-post-thumbnail","6":"product_brand-dingo-gear","7":"product_cat-oprema-za-psa","8":"product_cat-oprema-za-vodica","9":"product_cat-povodnici","10":"product_cat-trening-vodljivosti","11":"product_tag-povodnici","12":"product_tag-vodljivost","13":"pa_barva-povodca-smeda-boja-koze","14":"pa_dolzina-povodca-105m-hr","15":"pa_material-povodca-koza","16":"pa_posebnost-povodca-povodnik-bez-rucke","17":"pa_posebnost-povodca-povodnik-za-rad","18":"pa_sirina-povodca-1cm-hr","20":"first","21":"instock","22":"taxable","23":"shipping-taxable","24":"purchasable","25":"product-type-simple"},"acf":[],"_links":{"self":[{"href":"https:\/\/dingogear.si\/hr\/wp-json\/wp\/v2\/product\/2583","targetHints":{"allow":["GET"]}}],"collection":[{"href":"https:\/\/dingogear.si\/hr\/wp-json\/wp\/v2\/product"}],"about":[{"href":"https:\/\/dingogear.si\/hr\/wp-json\/wp\/v2\/types\/product"}],"replies":[{"embeddable":true,"href":"https:\/\/dingogear.si\/hr\/wp-json\/wp\/v2\/comments?post=2583"}],"wp:featuredmedia":[{"embeddable":true,"href":"https:\/\/dingogear.si\/hr\/wp-json\/wp\/v2\/media\/2092"}],"wp:attachment":[{"href":"https:\/\/dingogear.si\/hr\/wp-json\/wp\/v2\/media?parent=2583"}],"wp:term":[{"taxonomy":"product_brand","embeddable":true,"href":"https:\/\/dingogear.si\/hr\/wp-json\/wp\/v2\/product_brand?post=2583"},{"taxonomy":"product_cat","embeddable":true,"href":"https:\/\/dingogear.si\/hr\/wp-json\/wp\/v2\/product_cat?post=2583"},{"taxonomy":"product_tag","embeddable":true,"href":"https:\/\/dingogear.si\/hr\/wp-json\/wp\/v2\/product_tag?post=2583"}],"curies":[{"name":"wp","href":"https:\/\/api.w.org\/{rel}","templated":true}]}}