{"id":2589,"date":"2018-01-10T13:12:03","date_gmt":"2018-01-10T12:12:03","guid":{"rendered":"http:\/\/dingogear.si\/?post_type=product&#038;p=2589"},"modified":"2021-05-21T18:10:07","modified_gmt":"2021-05-21T16:10:07","slug":"gumiran-povodnik-super-grip-iz-polipropilena-roller-nastavljiva-duzina","status":"publish","type":"product","link":"https:\/\/dingogear.si\/hr\/gumiran-povodnik-super-grip-iz-polipropilena-roller-nastavljiva-duzina\/","title":{"rendered":"Gumiran povodnik ROLLER &#8211; nastavljiva du\u017eina"},"content":{"rendered":"<p><img decoding=\"async\" class=\"aligncenter size-full wp-image-2073\" src=\"https:\/\/dingogear.si\/wp-content\/uploads\/2018\/01\/povodec_GUMIRAN-PP_nastavljiv_VEL.jpg\" alt=\"\" width=\"1371\" height=\"589\" title=\"\" srcset=\"https:\/\/dingogear.si\/wp-content\/uploads\/2018\/01\/povodec_GUMIRAN-PP_nastavljiv_VEL.jpg 1371w, https:\/\/dingogear.si\/wp-content\/uploads\/2018\/01\/povodec_GUMIRAN-PP_nastavljiv_VEL-500x215.jpg 500w, https:\/\/dingogear.si\/wp-content\/uploads\/2018\/01\/povodec_GUMIRAN-PP_nastavljiv_VEL-700x301.jpg 700w, https:\/\/dingogear.si\/wp-content\/uploads\/2018\/01\/povodec_GUMIRAN-PP_nastavljiv_VEL-300x129.jpg 300w, https:\/\/dingogear.si\/wp-content\/uploads\/2018\/01\/povodec_GUMIRAN-PP_nastavljiv_VEL-768x330.jpg 768w, https:\/\/dingogear.si\/wp-content\/uploads\/2018\/01\/povodec_GUMIRAN-PP_nastavljiv_VEL-1024x440.jpg 1024w, https:\/\/dingogear.si\/wp-content\/uploads\/2018\/01\/povodec_GUMIRAN-PP_nastavljiv_VEL-200x86.jpg 200w, https:\/\/dingogear.si\/wp-content\/uploads\/2018\/01\/povodec_GUMIRAN-PP_nastavljiv_VEL-400x172.jpg 400w, https:\/\/dingogear.si\/wp-content\/uploads\/2018\/01\/povodec_GUMIRAN-PP_nastavljiv_VEL-600x258.jpg 600w, https:\/\/dingogear.si\/wp-content\/uploads\/2018\/01\/povodec_GUMIRAN-PP_nastavljiv_VEL-800x344.jpg 800w, https:\/\/dingogear.si\/wp-content\/uploads\/2018\/01\/povodec_GUMIRAN-PP_nastavljiv_VEL-1200x516.jpg 1200w\" sizes=\"(max-width: 1371px) 100vw, 1371px\" \/><\/p>\n","protected":false},"excerpt":{"rendered":"<p>DINGOGEAR profesionalni polipropilenski povodec z Roller materialom, namenjen za trening ve\u010djih mo\u010dnih psov. Material Roller iz katerega je povodec je vremensko odporen, vrvico pa naredi mehko, vodniku nudi udoben oprijem za la\u017ejo vodljivost psa. Material je dodatno gumiran s \u0161ivi za \u0161e bolj\u0161i oprijem.<\/p>\n<p>Zanesljiva trpe\u017enost, kakovost in odli\u010dnost omogo\u010da stoodstotno zadovoljstvo uporabnikov.<\/p>\n<p><strong>Od profesionalcev za profesionalce.<\/strong><\/p>\n<p>Idealno za obe vrsti usposabljanja: patruljiranje in boj\/obramba.<\/p>\n<p>Na voljo je v treh mo\u017enostih nastavjlivih dol\u017ein: 80-150cm, 120-250cm, 150-300cm. \u0160irine 2,8cm.<\/p>\n<p><strong>Prednosti in konstrukcija povodca:<\/strong><\/p>\n<ul>\n<li>Vodoodporen<\/li>\n<li>Dodatni gumirani \u0161ivi<\/li>\n<li>Dobra odpornost v okolju, ki je kemi\u010dno aktivno<\/li>\n<li>Dobra obstojnost in odpornost proti UV sevanju<\/li>\n<li>Temperatura &#8211; v ekstremnih visokih in nizkih temperaturah ne izgubi svojih fizikalnih lastnosti<\/li>\n<li>Kromirani deli so odporni proti koroziji, zagotavljajo vzdr\u017eljivost in varnost uporabe<\/li>\n<li>Ro\u010daj olaj\u0161a psa<\/li>\n<li>Spojni elementi prebodeni z zelo mo\u010dnimi \u0161ivi<\/li>\n<li>Posebno profilirani polipropilenski trak, Roller, mehek in trpe\u017een<\/li>\n<li>Parametri: dol\u017eina. 80-150cm \/ 120- 250cm \/ 150-300cm; \u0160irina 2,8cm; Debelina 0,3 cm<\/li>\n<li>Te\u017ea: 0,2kg<\/li>\n<\/ul>\n<p>Povodec za namen:<\/p>\n<p>Usposabljanja velikih, mo\u010dnih psov<br \/>\nUsposabljanja, patruljiranja in bojne operacije<br \/>\nSe lahko uporablja v navadnih, vsakodnevnih situacijah, ko se ukvarjamo z velikim, mo\u010dnim psom kot je naprimer nem\u0161ki ov\u010dar.<\/p>\n","protected":false},"featured_media":9508,"comment_status":"open","ping_status":"closed","template":"","meta":{"_acf_changed":false},"product_brand":[2948],"product_cat":[803,817,805,823],"product_tag":[1236,1238],"class_list":{"0":"post-2589","1":"product","2":"type-product","3":"status-publish","4":"has-post-thumbnail","6":"product_brand-dingo-gear","7":"product_cat-oprema-za-psa","8":"product_cat-oprema-za-vodica","9":"product_cat-povodnici","10":"product_cat-trening-vodljivosti","11":"product_tag-povodnici","12":"product_tag-vodljivost","13":"pa_barva-povodca-crna-hr","14":"pa_dolzina-povodca-120-250cm-hr","15":"pa_dolzina-povodca-150-300cm-hr","16":"pa_dolzina-povodca-80-150cm-hr","17":"pa_material-povodca-gumiran-polipropilen-hr","18":"pa_posebnost-povodca-gumiran-povodnik","19":"pa_posebnost-povodca-podesiva-duzina-povodnika","20":"pa_sirina-povodca-28cm-hr","22":"first","23":"instock","24":"taxable","25":"shipping-taxable","26":"purchasable","27":"product-type-variable"},"acf":[],"_links":{"self":[{"href":"https:\/\/dingogear.si\/hr\/wp-json\/wp\/v2\/product\/2589","targetHints":{"allow":["GET"]}}],"collection":[{"href":"https:\/\/dingogear.si\/hr\/wp-json\/wp\/v2\/product"}],"about":[{"href":"https:\/\/dingogear.si\/hr\/wp-json\/wp\/v2\/types\/product"}],"replies":[{"embeddable":true,"href":"https:\/\/dingogear.si\/hr\/wp-json\/wp\/v2\/comments?post=2589"}],"wp:featuredmedia":[{"embeddable":true,"href":"https:\/\/dingogear.si\/hr\/wp-json\/wp\/v2\/media\/9508"}],"wp:attachment":[{"href":"https:\/\/dingogear.si\/hr\/wp-json\/wp\/v2\/media?parent=2589"}],"wp:term":[{"taxonomy":"product_brand","embeddable":true,"href":"https:\/\/dingogear.si\/hr\/wp-json\/wp\/v2\/product_brand?post=2589"},{"taxonomy":"product_cat","embeddable":true,"href":"https:\/\/dingogear.si\/hr\/wp-json\/wp\/v2\/product_cat?post=2589"},{"taxonomy":"product_tag","embeddable":true,"href":"https:\/\/dingogear.si\/hr\/wp-json\/wp\/v2\/product_tag?post=2589"}],"curies":[{"name":"wp","href":"https:\/\/api.w.org\/{rel}","templated":true}]}}