{"id":2600,"date":"2018-01-10T12:46:40","date_gmt":"2018-03-27T20:49:45","guid":{"rendered":"http:\/\/dingogear.si\/?post_type=product&#038;p=2600"},"modified":"2023-01-05T20:05:41","modified_gmt":"2023-01-05T19:05:41","slug":"gumiran-povodnik-iz-najlona-super-grip-nastavljiva-duzina","status":"publish","type":"product","link":"https:\/\/dingogear.si\/hr\/gumiran-povodnik-iz-najlona-super-grip-nastavljiva-duzina\/","title":{"rendered":"Gumiran povodnik iz najlona SUPER GRIP &#8211; nastavljiva du\u017eina"},"content":{"rendered":"<p><img decoding=\"async\" class=\"aligncenter size-full wp-image-2026\" src=\"https:\/\/dingogear.si\/wp-content\/uploads\/2018\/01\/povodec_GUMIRAN-NAJLON_VEL.jpg\" alt=\"\" width=\"1144\" height=\"765\" title=\"\" srcset=\"https:\/\/dingogear.si\/wp-content\/uploads\/2018\/01\/povodec_GUMIRAN-NAJLON_VEL.jpg 1144w, https:\/\/dingogear.si\/wp-content\/uploads\/2018\/01\/povodec_GUMIRAN-NAJLON_VEL-500x334.jpg 500w, https:\/\/dingogear.si\/wp-content\/uploads\/2018\/01\/povodec_GUMIRAN-NAJLON_VEL-700x468.jpg 700w, https:\/\/dingogear.si\/wp-content\/uploads\/2018\/01\/povodec_GUMIRAN-NAJLON_VEL-300x201.jpg 300w, https:\/\/dingogear.si\/wp-content\/uploads\/2018\/01\/povodec_GUMIRAN-NAJLON_VEL-768x514.jpg 768w, https:\/\/dingogear.si\/wp-content\/uploads\/2018\/01\/povodec_GUMIRAN-NAJLON_VEL-1024x685.jpg 1024w, https:\/\/dingogear.si\/wp-content\/uploads\/2018\/01\/povodec_GUMIRAN-NAJLON_VEL-200x134.jpg 200w, https:\/\/dingogear.si\/wp-content\/uploads\/2018\/01\/povodec_GUMIRAN-NAJLON_VEL-400x267.jpg 400w, https:\/\/dingogear.si\/wp-content\/uploads\/2018\/01\/povodec_GUMIRAN-NAJLON_VEL-600x401.jpg 600w, https:\/\/dingogear.si\/wp-content\/uploads\/2018\/01\/povodec_GUMIRAN-NAJLON_VEL-800x535.jpg 800w\" sizes=\"(max-width: 1144px) 100vw, 1144px\" \/><\/p>\n","protected":false},"excerpt":{"rendered":"<p>DINGOGEAR profesionalni povodec, namenjen predvsem za patruljne naloge. Izdelan je iz posebnega gumiranega traku, ki ne zdrsne iz rok in tako zagotavlja varen oprijem.<\/p>\n<p>Zanesljiva trpe\u017enost, kakovost in odli\u010dnost omogo\u010da stoodstotno zadovoljstvo uporabnikov.<\/p>\n<p><strong>Od profesionalcev za profesionalce.<\/strong><\/p>\n<p>Na voljo je v treh nastavjivih mo\u017enostih dol\u017ein: 80-150cm, 120-250cm, 250cm, 150-300cm. \u0160irine 2cm.<\/p>\n<p>Preizku\u0161eni in odobreni s strani profesionalnih trenerjev.<\/p>\n<p><strong>Prednosti in konstrukcija povodca:<\/strong><\/p>\n<ul>\n<li>Poseben\u00a0gumiran najlon<\/li>\n<li>Povodec ne zdrsne iz rok in tako zagotavlja varen oprijem<\/li>\n<li>Zelo mo\u010dna izdelava, ki omogo\u010da stabilno vodenje psa<\/li>\n<li>Ro\u010daj<\/li>\n<li>Kromirani deli so odporni proti koroziji, zagotavljajo vzdr\u017eljivost in varnost uporabe<\/li>\n<li>Oja\u010dani spojni \u0161ivi &#8211; z usnjem<\/li>\n<li>Parametri: dol\u017eina. 80-150cm, 120-250cm, 250cm, 150-300cm. \u0160irine 2cm; Debelina 0,3 cm<\/li>\n<li>Te\u017ea: 0,2kg<\/li>\n<\/ul>\n<p>Povodec za namen:<\/p>\n<p>Usposabljanja velikih, mo\u010dnih psov<br \/>\nUsposabljanja, patruljiranja in bojne operacije<br \/>\nSe lahko uporablja v navadnih, vsakodnevnih situacijah, ko se ukvarjamo z velikim, mo\u010dnim psom kot je naprimer nem\u0161ki ov\u010dar.<\/p>\n","protected":false},"featured_media":2041,"comment_status":"open","ping_status":"closed","template":"","meta":{"_acf_changed":false},"product_brand":[2948],"product_cat":[803,817,805,823],"product_tag":[1236,1238],"class_list":{"0":"post-2600","1":"product","2":"type-product","3":"status-publish","4":"has-post-thumbnail","6":"product_brand-dingo-gear","7":"product_cat-oprema-za-psa","8":"product_cat-oprema-za-vodica","9":"product_cat-povodnici","10":"product_cat-trening-vodljivosti","11":"product_tag-povodnici","12":"product_tag-vodljivost","13":"pa_barva-povodca-crna-hr","14":"pa_dolzina-povodca-120-250cm-hr","15":"pa_dolzina-povodca-150-300cm-hr","16":"pa_dolzina-povodca-80-150cm-hr","17":"pa_material-povodca-gumiran-najlon-hr","18":"pa_posebnost-povodca-gumiran-povodnik","19":"pa_posebnost-povodca-podesiva-duzina-povodnika","20":"pa_sirina-povodca-2cm-hr","22":"first","23":"instock","24":"taxable","25":"shipping-taxable","26":"purchasable","27":"product-type-variable"},"acf":[],"_links":{"self":[{"href":"https:\/\/dingogear.si\/hr\/wp-json\/wp\/v2\/product\/2600","targetHints":{"allow":["GET"]}}],"collection":[{"href":"https:\/\/dingogear.si\/hr\/wp-json\/wp\/v2\/product"}],"about":[{"href":"https:\/\/dingogear.si\/hr\/wp-json\/wp\/v2\/types\/product"}],"replies":[{"embeddable":true,"href":"https:\/\/dingogear.si\/hr\/wp-json\/wp\/v2\/comments?post=2600"}],"wp:featuredmedia":[{"embeddable":true,"href":"https:\/\/dingogear.si\/hr\/wp-json\/wp\/v2\/media\/2041"}],"wp:attachment":[{"href":"https:\/\/dingogear.si\/hr\/wp-json\/wp\/v2\/media?parent=2600"}],"wp:term":[{"taxonomy":"product_brand","embeddable":true,"href":"https:\/\/dingogear.si\/hr\/wp-json\/wp\/v2\/product_brand?post=2600"},{"taxonomy":"product_cat","embeddable":true,"href":"https:\/\/dingogear.si\/hr\/wp-json\/wp\/v2\/product_cat?post=2600"},{"taxonomy":"product_tag","embeddable":true,"href":"https:\/\/dingogear.si\/hr\/wp-json\/wp\/v2\/product_tag?post=2600"}],"curies":[{"name":"wp","href":"https:\/\/api.w.org\/{rel}","templated":true}]}}