{"id":2618,"date":"2018-01-09T17:23:34","date_gmt":"2018-03-27T20:55:12","guid":{"rendered":"http:\/\/dingogear.si\/?post_type=product&#038;p=2618"},"modified":"2020-05-06T11:31:30","modified_gmt":"2020-05-06T09:31:30","slug":"polipropilen-povodnik-roller-nastavljiva-duzina","status":"publish","type":"product","link":"https:\/\/dingogear.si\/hr\/polipropilen-povodnik-roller-nastavljiva-duzina\/","title":{"rendered":"Polipropilen povodnik ROLLER &#8211; nastavljiva du\u017eina"},"content":{"rendered":"<p><img decoding=\"async\" class=\"aligncenter size-full wp-image-2000\" src=\"https:\/\/dingogear.si\/wp-content\/uploads\/2018\/01\/povodec_PP_VEL.jpg\" alt=\"\" width=\"1371\" height=\"758\" title=\"\" srcset=\"https:\/\/dingogear.si\/wp-content\/uploads\/2018\/01\/povodec_PP_VEL.jpg 1371w, https:\/\/dingogear.si\/wp-content\/uploads\/2018\/01\/povodec_PP_VEL-500x276.jpg 500w, https:\/\/dingogear.si\/wp-content\/uploads\/2018\/01\/povodec_PP_VEL-700x387.jpg 700w, https:\/\/dingogear.si\/wp-content\/uploads\/2018\/01\/povodec_PP_VEL-300x166.jpg 300w, https:\/\/dingogear.si\/wp-content\/uploads\/2018\/01\/povodec_PP_VEL-768x425.jpg 768w, https:\/\/dingogear.si\/wp-content\/uploads\/2018\/01\/povodec_PP_VEL-1024x566.jpg 1024w, https:\/\/dingogear.si\/wp-content\/uploads\/2018\/01\/povodec_PP_VEL-200x111.jpg 200w, https:\/\/dingogear.si\/wp-content\/uploads\/2018\/01\/povodec_PP_VEL-400x221.jpg 400w, https:\/\/dingogear.si\/wp-content\/uploads\/2018\/01\/povodec_PP_VEL-600x332.jpg 600w, https:\/\/dingogear.si\/wp-content\/uploads\/2018\/01\/povodec_PP_VEL-800x442.jpg 800w, https:\/\/dingogear.si\/wp-content\/uploads\/2018\/01\/povodec_PP_VEL-1200x663.jpg 1200w\" sizes=\"(max-width: 1371px) 100vw, 1371px\" \/><\/p>\n","protected":false},"excerpt":{"rendered":"<p>DINGOGEAR profesionalni polipropilenski povodec z Roller materialom, namenjen za trening ve\u010djih mo\u010dnih psov. Material Roller iz katerega je povodec je vremensko odporen, vrvico pa naredi mehko, vodniku nudi udoben oprijem za la\u017ejo vodljivost psa.<\/p>\n<p>Zanesljiva trpe\u017enost, kakovost in odli\u010dnost omogo\u010da stoodstotno zadovoljstvo uporabnikov.<\/p>\n<p><strong>Od profesionalcev za profesionalce.<\/strong><\/p>\n<p>Idealno za obe vrsti usposabljanja: patruljiranje in boj\/obramba.<\/p>\n<p>Na voljo je v treh nastavljivih dol\u017einah: 80-150cm, 120-250cm,\u00a0150-300cm. \u0160irine 2,8cm.<\/p>\n<p><strong>Prednosti in konstrukcija povodca:<\/strong><\/p>\n<ul>\n<li>Vodoodporen<\/li>\n<li>Dobra odpornost v okolju, ki je kemi\u010dno aktivno<\/li>\n<li>Dobra obstojnost in odpornost proti UV sevanju<\/li>\n<li>Temperatura &#8211; v ekstremnih visokih in nizkih temperaturah ne izgubi svojih fizikalnih lastnosti<\/li>\n<li>Kromirani deli so odporni proti koroziji, zagotavljajo vzdr\u017eljivost in varnost uporabe<\/li>\n<li>Ro\u010daj olaj\u0161a psa<\/li>\n<li>Spojni elementi prebodeni z zelo mo\u010dnimi \u0161ivi<\/li>\n<li>Posebno profilirani polipropilenski trak, Roller, mehek in trpe\u017een<\/li>\n<li>Te\u017ea: 0,2kg<\/li>\n<\/ul>\n<p>Povodec za namen:<\/p>\n<p>Usposabljanja velikih, mo\u010dnih psov<br \/>\nUsposabljanja, patruljiranja in bojne operacije<br \/>\nSe lahko uporablja v navadnih, vsakodnevnih situacijah, ko se ukvarjamo z velikim, mo\u010dnim psom kot je naprimer nem\u0161ki ov\u010dar.<\/p>\n","protected":false},"featured_media":2007,"comment_status":"open","ping_status":"closed","template":"","meta":{"_acf_changed":false},"product_brand":[2948],"product_cat":[803,817,805,823],"product_tag":[1236,1238],"class_list":{"0":"post-2618","1":"product","2":"type-product","3":"status-publish","4":"has-post-thumbnail","6":"product_brand-dingo-gear","7":"product_cat-oprema-za-psa","8":"product_cat-oprema-za-vodica","9":"product_cat-povodnici","10":"product_cat-trening-vodljivosti","11":"product_tag-povodnici","12":"product_tag-vodljivost","13":"pa_barva-povodca-crna-hr","14":"pa_dolzina-povodca-120-250cm-hr","15":"pa_dolzina-povodca-150-300cm-hr","16":"pa_dolzina-povodca-80-150cm-hr","17":"pa_material-povodca-polipropilen-hr","18":"pa_posebnost-povodca-podesiva-duzina-povodnika","19":"pa_sirina-povodca-28cm-hr","21":"first","22":"instock","23":"taxable","24":"shipping-taxable","25":"purchasable","26":"product-type-variable"},"acf":[],"_links":{"self":[{"href":"https:\/\/dingogear.si\/hr\/wp-json\/wp\/v2\/product\/2618","targetHints":{"allow":["GET"]}}],"collection":[{"href":"https:\/\/dingogear.si\/hr\/wp-json\/wp\/v2\/product"}],"about":[{"href":"https:\/\/dingogear.si\/hr\/wp-json\/wp\/v2\/types\/product"}],"replies":[{"embeddable":true,"href":"https:\/\/dingogear.si\/hr\/wp-json\/wp\/v2\/comments?post=2618"}],"wp:featuredmedia":[{"embeddable":true,"href":"https:\/\/dingogear.si\/hr\/wp-json\/wp\/v2\/media\/2007"}],"wp:attachment":[{"href":"https:\/\/dingogear.si\/hr\/wp-json\/wp\/v2\/media?parent=2618"}],"wp:term":[{"taxonomy":"product_brand","embeddable":true,"href":"https:\/\/dingogear.si\/hr\/wp-json\/wp\/v2\/product_brand?post=2618"},{"taxonomy":"product_cat","embeddable":true,"href":"https:\/\/dingogear.si\/hr\/wp-json\/wp\/v2\/product_cat?post=2618"},{"taxonomy":"product_tag","embeddable":true,"href":"https:\/\/dingogear.si\/hr\/wp-json\/wp\/v2\/product_tag?post=2618"}],"curies":[{"name":"wp","href":"https:\/\/api.w.org\/{rel}","templated":true}]}}