{"id":2640,"date":"2018-01-09T13:06:11","date_gmt":"2018-03-27T21:02:26","guid":{"rendered":"http:\/\/dingogear.si\/?post_type=product&#038;p=2640"},"modified":"2021-05-21T19:04:40","modified_gmt":"2021-05-21T17:04:40","slug":"aport-iz-koze-tvrda-koza","status":"publish","type":"product","link":"https:\/\/dingogear.si\/hr\/aport-iz-koze-tvrda-koza\/","title":{"rendered":"Aport iz ko\u017ee -TVRDA ko\u017ea"},"content":{"rendered":"<p><img decoding=\"async\" class=\"aligncenter size-full wp-image-1949\" src=\"https:\/\/dingogear.si\/wp-content\/uploads\/2018\/01\/aport_usnje_TRDO_VEL.jpg\" alt=\"\" width=\"1402\" height=\"1226\" title=\"\" srcset=\"https:\/\/dingogear.si\/wp-content\/uploads\/2018\/01\/aport_usnje_TRDO_VEL.jpg 1402w, https:\/\/dingogear.si\/wp-content\/uploads\/2018\/01\/aport_usnje_TRDO_VEL-500x437.jpg 500w, https:\/\/dingogear.si\/wp-content\/uploads\/2018\/01\/aport_usnje_TRDO_VEL-700x612.jpg 700w, https:\/\/dingogear.si\/wp-content\/uploads\/2018\/01\/aport_usnje_TRDO_VEL-300x262.jpg 300w, https:\/\/dingogear.si\/wp-content\/uploads\/2018\/01\/aport_usnje_TRDO_VEL-768x672.jpg 768w, https:\/\/dingogear.si\/wp-content\/uploads\/2018\/01\/aport_usnje_TRDO_VEL-1024x895.jpg 1024w, https:\/\/dingogear.si\/wp-content\/uploads\/2018\/01\/aport_usnje_TRDO_VEL-200x175.jpg 200w, https:\/\/dingogear.si\/wp-content\/uploads\/2018\/01\/aport_usnje_TRDO_VEL-400x350.jpg 400w, https:\/\/dingogear.si\/wp-content\/uploads\/2018\/01\/aport_usnje_TRDO_VEL-600x525.jpg 600w, https:\/\/dingogear.si\/wp-content\/uploads\/2018\/01\/aport_usnje_TRDO_VEL-800x700.jpg 800w, https:\/\/dingogear.si\/wp-content\/uploads\/2018\/01\/aport_usnje_TRDO_VEL-1200x1049.jpg 1200w\" sizes=\"(max-width: 1402px) 100vw, 1402px\" \/><\/p>\n","protected":false},"excerpt":{"rendered":"<p>Aport narejen iz trdnej\u0161ega usnja z enim ro\u010dajem in v razli\u010dnih oblikah.<\/p>\n<p><strong>Usnjene aporte zaradi svoje mehkosti in privla\u010dnega naravnega vonja priporo\u010damo predvsem za trening mladih psov v zgodnjih fazah usposabljanja. Namenjen za zabavo psa in u\u010denje ugriza.<\/strong> Preizku\u0161eno in odobreno s strani profesionalnih trenerjev za pse.<\/p>\n<p>Zanesljiva kakovost in 100% zadovoljstvo. Ro\u010dno in strokovno izdelano za profesionalno uporabo.<\/p>\n<p>Karakteristike:<\/p>\n<ul>\n<li>trajnost materiala<\/li>\n<li>mehkoba<\/li>\n<li>naravna barva<\/li>\n<li>naravni vonj<\/li>\n<li>ro\u010daj iz \u0161irokega in mehkega traku &#8211; zagotavlja odli\u010dno udobje, pri tem pa ohranja mo\u010d potega<\/li>\n<li>robustni in mo\u010dni \u0161ivi zagotavljajo visoko toleranco na mo\u010dne potege<\/li>\n<\/ul>\n<p><strong>Na voljo v razli\u010dnih dimenzijah, barvah in oblikah !<\/strong><\/p>\n","protected":false},"featured_media":1971,"comment_status":"open","ping_status":"closed","template":"","meta":{"_acf_changed":false},"product_brand":[2948],"product_cat":[807,803,817,823],"product_tag":[747,745],"class_list":{"0":"post-2640","1":"product","2":"type-product","3":"status-publish","4":"has-post-thumbnail","6":"product_brand-dingo-gear","7":"product_cat-kobasice-aporti","8":"product_cat-oprema-za-psa","9":"product_cat-oprema-za-vodica","10":"product_cat-trening-vodljivosti","11":"product_tag-igra-hr","12":"product_tag-kobasice","13":"pa_barva-aporta-bez-hr","14":"pa_barva-aporta-crna-hr","15":"pa_barva-aporta-smeda","16":"pa_barva-izdelka-bez","17":"pa_barva-izdelka-crna-hr","18":"pa_barva-izdelka-smeda","19":"pa_dimenzije-aporta-10-x-12cm-hr","20":"pa_dimenzije-aporta-45-x-15cm-hr","21":"pa_dimenzije-aporta-6-x-15cm-hr","22":"pa_material-aporta-koza","23":"pa_oblika-aporta-jastucic","24":"pa_oblika-aporta-ravan","25":"pa_stevilo-rocajev-na-aportu-1-rucka","27":"first","28":"instock","29":"taxable","30":"shipping-taxable","31":"purchasable","32":"product-type-variable"},"acf":[],"_links":{"self":[{"href":"https:\/\/dingogear.si\/hr\/wp-json\/wp\/v2\/product\/2640","targetHints":{"allow":["GET"]}}],"collection":[{"href":"https:\/\/dingogear.si\/hr\/wp-json\/wp\/v2\/product"}],"about":[{"href":"https:\/\/dingogear.si\/hr\/wp-json\/wp\/v2\/types\/product"}],"replies":[{"embeddable":true,"href":"https:\/\/dingogear.si\/hr\/wp-json\/wp\/v2\/comments?post=2640"}],"wp:featuredmedia":[{"embeddable":true,"href":"https:\/\/dingogear.si\/hr\/wp-json\/wp\/v2\/media\/1971"}],"wp:attachment":[{"href":"https:\/\/dingogear.si\/hr\/wp-json\/wp\/v2\/media?parent=2640"}],"wp:term":[{"taxonomy":"product_brand","embeddable":true,"href":"https:\/\/dingogear.si\/hr\/wp-json\/wp\/v2\/product_brand?post=2640"},{"taxonomy":"product_cat","embeddable":true,"href":"https:\/\/dingogear.si\/hr\/wp-json\/wp\/v2\/product_cat?post=2640"},{"taxonomy":"product_tag","embeddable":true,"href":"https:\/\/dingogear.si\/hr\/wp-json\/wp\/v2\/product_tag?post=2640"}],"curies":[{"name":"wp","href":"https:\/\/api.w.org\/{rel}","templated":true}]}}