{"id":2651,"date":"2018-01-08T21:45:18","date_gmt":"2018-03-27T21:08:16","guid":{"rendered":"http:\/\/dingogear.si\/?post_type=product&#038;p=2651"},"modified":"2020-05-06T00:45:27","modified_gmt":"2020-05-05T22:45:27","slug":"aport-sa-dzepom","status":"publish","type":"product","link":"https:\/\/dingogear.si\/hr\/aport-sa-dzepom\/","title":{"rendered":"Aport sa d\u017eepom"},"content":{"rendered":"<p><img decoding=\"async\" class=\"aligncenter size-full wp-image-1922\" src=\"https:\/\/dingogear.si\/wp-content\/uploads\/2018\/01\/aport-special_VSI_\u017dEP_VEL.jpg\" alt=\"\" width=\"1564\" height=\"1114\" title=\"\" srcset=\"https:\/\/dingogear.si\/wp-content\/uploads\/2018\/01\/aport-special_VSI_\u017dEP_VEL.jpg 1564w, https:\/\/dingogear.si\/wp-content\/uploads\/2018\/01\/aport-special_VSI_\u017dEP_VEL-500x356.jpg 500w, https:\/\/dingogear.si\/wp-content\/uploads\/2018\/01\/aport-special_VSI_\u017dEP_VEL-700x499.jpg 700w, https:\/\/dingogear.si\/wp-content\/uploads\/2018\/01\/aport-special_VSI_\u017dEP_VEL-300x214.jpg 300w, https:\/\/dingogear.si\/wp-content\/uploads\/2018\/01\/aport-special_VSI_\u017dEP_VEL-768x547.jpg 768w, https:\/\/dingogear.si\/wp-content\/uploads\/2018\/01\/aport-special_VSI_\u017dEP_VEL-1024x729.jpg 1024w, https:\/\/dingogear.si\/wp-content\/uploads\/2018\/01\/aport-special_VSI_\u017dEP_VEL-200x142.jpg 200w, https:\/\/dingogear.si\/wp-content\/uploads\/2018\/01\/aport-special_VSI_\u017dEP_VEL-400x285.jpg 400w, https:\/\/dingogear.si\/wp-content\/uploads\/2018\/01\/aport-special_VSI_\u017dEP_VEL-600x427.jpg 600w, https:\/\/dingogear.si\/wp-content\/uploads\/2018\/01\/aport-special_VSI_\u017dEP_VEL-800x570.jpg 800w, https:\/\/dingogear.si\/wp-content\/uploads\/2018\/01\/aport-special_VSI_\u017dEP_VEL-1200x855.jpg 1200w\" sizes=\"(max-width: 1564px) 100vw, 1564px\" \/><\/p>\n","protected":false},"excerpt":{"rendered":"<p>Aport z \u017eepom za pribolj\u0161ke za pove\u010danje interesa psa z vonjem &#8211; z enim ro\u010dajem.<\/p>\n<p><strong>Namenjen za zabavo psa in u\u010denje ugriza.<\/strong> Preizku\u0161eno in odobreno s strani profesionalnih trenerjev za pse.<\/p>\n<p>Zanesljiva kakovost in 100% zadovoljstvo. Ro\u010dno in strokovno izdelano za profesionalno uporabo.<\/p>\n<p>Karakteristike:<\/p>\n<ul>\n<li>na voljo v sintetiki (po\u017earna cev), usnju, bomba\u017eu ali juti<\/li>\n<li>ro\u010daj iz \u0161irokega in mehkega traku &#8211; zagotavlja odli\u010dno udobje, pri tem pa ohranja mo\u010d potega<\/li>\n<li>robustni in mo\u010dni \u0161ivi zagotavljajo visoko toleranco na mo\u010dne potege<\/li>\n<\/ul>\n<p>&nbsp;<\/p>\n","protected":false},"featured_media":1928,"comment_status":"open","ping_status":"closed","template":"","meta":{"_acf_changed":false},"product_brand":[2948],"product_cat":[809,807,803,817,819],"product_tag":[747,745],"class_list":{"0":"post-2651","1":"product","2":"type-product","3":"status-publish","4":"has-post-thumbnail","6":"product_brand-dingo-gear","7":"product_cat-igra-uz-trening","8":"product_cat-kobasice-aporti","9":"product_cat-oprema-za-psa","10":"product_cat-oprema-za-vodica","11":"product_cat-pomagala-za-trening","12":"product_tag-igra-hr","13":"product_tag-kobasice","14":"pa_barva-aporta-bijela","15":"pa_barva-aporta-crna-hr","16":"pa_barva-aporta-prirodna-boja-jute","17":"pa_barva-aporta-prirodna-boja-koze","18":"pa_dimenzije-aporta-6-x-25cm-hr","19":"pa_dimenzije-aporta-6-x-28cm-hr","20":"pa_dimenzije-aporta-8-x-20cm-hr","21":"pa_material-aporta-juta-hr","22":"pa_material-aporta-koza","23":"pa_material-aporta-pamuk","24":"pa_material-aporta-vatrogasno-crijevo","25":"pa_oblika-aporta-ravan","26":"pa_posebnost-aporta-aport-s-dzepom","27":"pa_stevilo-rocajev-na-aportu-1-rucka","29":"first","30":"instock","31":"taxable","32":"shipping-taxable","33":"purchasable","34":"product-type-variable"},"acf":[],"_links":{"self":[{"href":"https:\/\/dingogear.si\/hr\/wp-json\/wp\/v2\/product\/2651","targetHints":{"allow":["GET"]}}],"collection":[{"href":"https:\/\/dingogear.si\/hr\/wp-json\/wp\/v2\/product"}],"about":[{"href":"https:\/\/dingogear.si\/hr\/wp-json\/wp\/v2\/types\/product"}],"replies":[{"embeddable":true,"href":"https:\/\/dingogear.si\/hr\/wp-json\/wp\/v2\/comments?post=2651"}],"wp:featuredmedia":[{"embeddable":true,"href":"https:\/\/dingogear.si\/hr\/wp-json\/wp\/v2\/media\/1928"}],"wp:attachment":[{"href":"https:\/\/dingogear.si\/hr\/wp-json\/wp\/v2\/media?parent=2651"}],"wp:term":[{"taxonomy":"product_brand","embeddable":true,"href":"https:\/\/dingogear.si\/hr\/wp-json\/wp\/v2\/product_brand?post=2651"},{"taxonomy":"product_cat","embeddable":true,"href":"https:\/\/dingogear.si\/hr\/wp-json\/wp\/v2\/product_cat?post=2651"},{"taxonomy":"product_tag","embeddable":true,"href":"https:\/\/dingogear.si\/hr\/wp-json\/wp\/v2\/product_tag?post=2651"}],"curies":[{"name":"wp","href":"https:\/\/api.w.org\/{rel}","templated":true}]}}