{"id":2662,"date":"2018-01-08T20:48:20","date_gmt":"2018-03-27T21:08:25","guid":{"rendered":"http:\/\/dingogear.si\/?post_type=product&#038;p=2662"},"modified":"2020-05-06T00:46:31","modified_gmt":"2020-05-05T22:46:31","slug":"aport-iz-ovcje-vune","status":"publish","type":"product","link":"https:\/\/dingogear.si\/hr\/aport-iz-ovcje-vune\/","title":{"rendered":"Aport iz OV\u010cJE VUNE"},"content":{"rendered":"<p><img decoding=\"async\" class=\"aligncenter size-full wp-image-1883\" src=\"https:\/\/dingogear.si\/wp-content\/uploads\/2018\/01\/aport-special_OVCA_VEL.jpg\" alt=\"\" width=\"1485\" height=\"677\" title=\"\" srcset=\"https:\/\/dingogear.si\/wp-content\/uploads\/2018\/01\/aport-special_OVCA_VEL.jpg 1485w, https:\/\/dingogear.si\/wp-content\/uploads\/2018\/01\/aport-special_OVCA_VEL-500x228.jpg 500w, https:\/\/dingogear.si\/wp-content\/uploads\/2018\/01\/aport-special_OVCA_VEL-700x319.jpg 700w, https:\/\/dingogear.si\/wp-content\/uploads\/2018\/01\/aport-special_OVCA_VEL-300x137.jpg 300w, https:\/\/dingogear.si\/wp-content\/uploads\/2018\/01\/aport-special_OVCA_VEL-768x350.jpg 768w, https:\/\/dingogear.si\/wp-content\/uploads\/2018\/01\/aport-special_OVCA_VEL-1024x467.jpg 1024w, https:\/\/dingogear.si\/wp-content\/uploads\/2018\/01\/aport-special_OVCA_VEL-200x91.jpg 200w, https:\/\/dingogear.si\/wp-content\/uploads\/2018\/01\/aport-special_OVCA_VEL-400x182.jpg 400w, https:\/\/dingogear.si\/wp-content\/uploads\/2018\/01\/aport-special_OVCA_VEL-600x274.jpg 600w, https:\/\/dingogear.si\/wp-content\/uploads\/2018\/01\/aport-special_OVCA_VEL-800x365.jpg 800w, https:\/\/dingogear.si\/wp-content\/uploads\/2018\/01\/aport-special_OVCA_VEL-1200x547.jpg 1200w\" sizes=\"(max-width: 1485px) 100vw, 1485px\" \/><\/p>\n","protected":false},"excerpt":{"rendered":"<p>Aport narejen iz usnja in oble\u010den v ov\u010djo volno.\u00a0 Z enim ro\u010dajem.<\/p>\n<p><strong>Namenjen za zabavo psa in u\u010denje ugriza.<\/strong> Preizku\u0161eno in odobreno s strani profesionalnih trenerjev za pse.<\/p>\n<p>Zanesljiva kakovost in 100% zadovoljstvo. Ro\u010dno in strokovno izdelano za profesionalno uporabo.<\/p>\n<p>Karakteristike:<\/p>\n<ul>\n<li>zelo vzdr\u017eljiv material<\/li>\n<li>mehkoba in vonj vabi mlade pse k ugrizu<\/li>\n<li>ro\u010daj iz \u0161irokega in mehkega traku &#8211; zagotavlja odli\u010dno udobje, pri tem pa ohranja mo\u010d potega<\/li>\n<li>robustni in mo\u010dni \u0161ivi zagotavljajo visoko toleranco na mo\u010dne potege<\/li>\n<\/ul>\n<p><strong>Na voljo v razli\u010dnih dimenzijah in v opciji z enim ro\u010dajem!<\/strong><\/p>\n","protected":false},"featured_media":1892,"comment_status":"open","ping_status":"closed","template":"","meta":{"_acf_changed":false},"product_brand":[2948],"product_cat":[809,807,803,817,819],"product_tag":[747,745],"class_list":{"0":"post-2662","1":"product","2":"type-product","3":"status-publish","4":"has-post-thumbnail","6":"product_brand-dingo-gear","7":"product_cat-igra-uz-trening","8":"product_cat-kobasice-aporti","9":"product_cat-oprema-za-psa","10":"product_cat-oprema-za-vodica","11":"product_cat-pomagala-za-trening","12":"product_tag-igra-hr","13":"product_tag-kobasice","14":"pa_barva-aporta-prirodna-boja-ovce","15":"pa_dimenzije-aporta-6-x-15cm-hr","16":"pa_dimenzije-aporta-6-x-20cm-hr","17":"pa_dimenzije-aporta-6-x-25cm-hr","18":"pa_material-aporta-vuna","19":"pa_oblika-aporta-jastucic","20":"pa_stevilo-rocajev-na-aportu-1-rucka","22":"first","23":"instock","24":"featured","25":"taxable","26":"shipping-taxable","27":"purchasable","28":"product-type-variable"},"acf":[],"_links":{"self":[{"href":"https:\/\/dingogear.si\/hr\/wp-json\/wp\/v2\/product\/2662","targetHints":{"allow":["GET"]}}],"collection":[{"href":"https:\/\/dingogear.si\/hr\/wp-json\/wp\/v2\/product"}],"about":[{"href":"https:\/\/dingogear.si\/hr\/wp-json\/wp\/v2\/types\/product"}],"replies":[{"embeddable":true,"href":"https:\/\/dingogear.si\/hr\/wp-json\/wp\/v2\/comments?post=2662"}],"wp:featuredmedia":[{"embeddable":true,"href":"https:\/\/dingogear.si\/hr\/wp-json\/wp\/v2\/media\/1892"}],"wp:attachment":[{"href":"https:\/\/dingogear.si\/hr\/wp-json\/wp\/v2\/media?parent=2662"}],"wp:term":[{"taxonomy":"product_brand","embeddable":true,"href":"https:\/\/dingogear.si\/hr\/wp-json\/wp\/v2\/product_brand?post=2662"},{"taxonomy":"product_cat","embeddable":true,"href":"https:\/\/dingogear.si\/hr\/wp-json\/wp\/v2\/product_cat?post=2662"},{"taxonomy":"product_tag","embeddable":true,"href":"https:\/\/dingogear.si\/hr\/wp-json\/wp\/v2\/product_tag?post=2662"}],"curies":[{"name":"wp","href":"https:\/\/api.w.org\/{rel}","templated":true}]}}