{"id":2666,"date":"2018-01-08T20:24:02","date_gmt":"2018-03-27T21:08:29","guid":{"rendered":"http:\/\/dingogear.si\/?post_type=product&#038;p=2666"},"modified":"2021-05-21T17:12:08","modified_gmt":"2021-05-21T15:12:08","slug":"aport-iz-ring-materiala-krpa-2","status":"publish","type":"product","link":"https:\/\/dingogear.si\/hr\/aport-iz-ring-materiala-krpa-2\/","title":{"rendered":"Aport iz RING materiala KRPA"},"content":{"rendered":"<p><img decoding=\"async\" class=\"aligncenter size-full wp-image-1855\" src=\"https:\/\/dingogear.si\/wp-content\/uploads\/2018\/01\/aport_ring_KRPA_VEL.jpg\" alt=\"\" width=\"1538\" height=\"568\" title=\"\" srcset=\"https:\/\/dingogear.si\/wp-content\/uploads\/2018\/01\/aport_ring_KRPA_VEL.jpg 1538w, https:\/\/dingogear.si\/wp-content\/uploads\/2018\/01\/aport_ring_KRPA_VEL-500x185.jpg 500w, https:\/\/dingogear.si\/wp-content\/uploads\/2018\/01\/aport_ring_KRPA_VEL-700x259.jpg 700w, https:\/\/dingogear.si\/wp-content\/uploads\/2018\/01\/aport_ring_KRPA_VEL-300x111.jpg 300w, https:\/\/dingogear.si\/wp-content\/uploads\/2018\/01\/aport_ring_KRPA_VEL-768x284.jpg 768w, https:\/\/dingogear.si\/wp-content\/uploads\/2018\/01\/aport_ring_KRPA_VEL-1024x378.jpg 1024w, https:\/\/dingogear.si\/wp-content\/uploads\/2018\/01\/aport_ring_KRPA_VEL-200x74.jpg 200w, https:\/\/dingogear.si\/wp-content\/uploads\/2018\/01\/aport_ring_KRPA_VEL-400x148.jpg 400w, https:\/\/dingogear.si\/wp-content\/uploads\/2018\/01\/aport_ring_KRPA_VEL-600x222.jpg 600w, https:\/\/dingogear.si\/wp-content\/uploads\/2018\/01\/aport_ring_KRPA_VEL-800x295.jpg 800w, https:\/\/dingogear.si\/wp-content\/uploads\/2018\/01\/aport_ring_KRPA_VEL-1200x443.jpg 1200w\" sizes=\"(max-width: 1538px) 100vw, 1538px\" \/><\/p>\n","protected":false},"excerpt":{"rendered":"<p>Aport narejen iz zelo vzdr\u017eljivega in trpe\u017enega materiala, iz katerega so narejene tudi obleke za markerje. Z enim ro\u010dajem.<\/p>\n<p><strong>Namenjen za zabavo psa in u\u010denje ugriza.<\/strong> Preizku\u0161eno in odobreno s strani profesionalnih trenerjev za pse.<\/p>\n<p>Zanesljiva kakovost in 100% zadovoljstvo. Ro\u010dno in strokovno izdelano za profesionalno uporabo.<\/p>\n<p>Karakteristike:<\/p>\n<ul>\n<li>zelo vzdr\u017eljiv material<\/li>\n<li>mehkoba<\/li>\n<li>ro\u010daj iz \u0161irokega in mehkega traku &#8211; zagotavlja odli\u010dno udobje, pri tem pa ohranja mo\u010d potega<\/li>\n<li>izredno robustni in mo\u010dni \u0161ivi zagotavljajo visoko toleranco na mo\u010dne potege<\/li>\n<\/ul>\n<p><b>Krpo se za potrebe u\u010denja lahko uporablja tudi skupaj s trakom ali navezano na povodec.\u00a0<\/b><\/p>\n","protected":false},"featured_media":1857,"comment_status":"open","ping_status":"closed","template":"","meta":{"_acf_changed":false},"product_brand":[2948],"product_cat":[807,803,817,823],"product_tag":[747,745],"class_list":{"0":"post-2666","1":"product","2":"type-product","3":"status-publish","4":"has-post-thumbnail","6":"product_brand-dingo-gear","7":"product_cat-kobasice-aporti","8":"product_cat-oprema-za-psa","9":"product_cat-oprema-za-vodica","10":"product_cat-trening-vodljivosti","11":"product_tag-igra-hr","12":"product_tag-kobasice","13":"pa_barva-aporta-crna-hr","14":"pa_dimenzije-aporta-35-x-65cm-hr","15":"pa_material-aporta-french-ring-nylcot-hr","16":"pa_oblika-aporta-krpa-hr","17":"pa_stevilo-rocajev-na-aportu-1-rucka","19":"first","20":"instock","21":"featured","22":"taxable","23":"shipping-taxable","24":"purchasable","25":"product-type-simple"},"acf":[],"_links":{"self":[{"href":"https:\/\/dingogear.si\/hr\/wp-json\/wp\/v2\/product\/2666","targetHints":{"allow":["GET"]}}],"collection":[{"href":"https:\/\/dingogear.si\/hr\/wp-json\/wp\/v2\/product"}],"about":[{"href":"https:\/\/dingogear.si\/hr\/wp-json\/wp\/v2\/types\/product"}],"replies":[{"embeddable":true,"href":"https:\/\/dingogear.si\/hr\/wp-json\/wp\/v2\/comments?post=2666"}],"wp:featuredmedia":[{"embeddable":true,"href":"https:\/\/dingogear.si\/hr\/wp-json\/wp\/v2\/media\/1857"}],"wp:attachment":[{"href":"https:\/\/dingogear.si\/hr\/wp-json\/wp\/v2\/media?parent=2666"}],"wp:term":[{"taxonomy":"product_brand","embeddable":true,"href":"https:\/\/dingogear.si\/hr\/wp-json\/wp\/v2\/product_brand?post=2666"},{"taxonomy":"product_cat","embeddable":true,"href":"https:\/\/dingogear.si\/hr\/wp-json\/wp\/v2\/product_cat?post=2666"},{"taxonomy":"product_tag","embeddable":true,"href":"https:\/\/dingogear.si\/hr\/wp-json\/wp\/v2\/product_tag?post=2666"}],"curies":[{"name":"wp","href":"https:\/\/api.w.org\/{rel}","templated":true}]}}