{"id":2689,"date":"2018-01-08T19:33:06","date_gmt":"2018-03-27T21:16:08","guid":{"rendered":"http:\/\/dingogear.si\/?post_type=product&#038;p=2689"},"modified":"2022-11-21T12:13:29","modified_gmt":"2022-11-21T11:13:29","slug":"aport-iz-ring-materiala-special-2","status":"publish","type":"product","link":"https:\/\/dingogear.si\/hr\/aport-iz-ring-materiala-special-2\/","title":{"rendered":"Aport iz RING materiala SPECIAL"},"content":{"rendered":"<p><img decoding=\"async\" class=\"aligncenter size-full wp-image-1800\" src=\"https:\/\/dingogear.si\/wp-content\/uploads\/2018\/01\/aport_ring_SPECIAL_VEL.jpg\" alt=\"\" width=\"1559\" height=\"693\" title=\"\" srcset=\"https:\/\/dingogear.si\/wp-content\/uploads\/2018\/01\/aport_ring_SPECIAL_VEL.jpg 1559w, https:\/\/dingogear.si\/wp-content\/uploads\/2018\/01\/aport_ring_SPECIAL_VEL-500x222.jpg 500w, https:\/\/dingogear.si\/wp-content\/uploads\/2018\/01\/aport_ring_SPECIAL_VEL-700x311.jpg 700w, https:\/\/dingogear.si\/wp-content\/uploads\/2018\/01\/aport_ring_SPECIAL_VEL-300x133.jpg 300w, https:\/\/dingogear.si\/wp-content\/uploads\/2018\/01\/aport_ring_SPECIAL_VEL-768x341.jpg 768w, https:\/\/dingogear.si\/wp-content\/uploads\/2018\/01\/aport_ring_SPECIAL_VEL-1024x455.jpg 1024w, https:\/\/dingogear.si\/wp-content\/uploads\/2018\/01\/aport_ring_SPECIAL_VEL-200x89.jpg 200w, https:\/\/dingogear.si\/wp-content\/uploads\/2018\/01\/aport_ring_SPECIAL_VEL-400x178.jpg 400w, https:\/\/dingogear.si\/wp-content\/uploads\/2018\/01\/aport_ring_SPECIAL_VEL-600x267.jpg 600w, https:\/\/dingogear.si\/wp-content\/uploads\/2018\/01\/aport_ring_SPECIAL_VEL-800x356.jpg 800w, https:\/\/dingogear.si\/wp-content\/uploads\/2018\/01\/aport_ring_SPECIAL_VEL-1200x533.jpg 1200w\" sizes=\"(max-width: 1559px) 100vw, 1559px\" \/><\/p>\n","protected":false},"excerpt":{"rendered":"<p>Aport narejen iz zelo vzdr\u017eljivega in trpe\u017enega materiala, iz katerega so narejene tudi obleke za markerje. Z dvema ro\u010dajema na voljo v dveh barvah.<\/p>\n<p><strong>Namenjen za zabavo psa in u\u010denje ugriza.<\/strong> Preizku\u0161eno in odobreno s strani profesionalnih trenerjev za pse.<\/p>\n<p>Zanesljiva kakovost in 100% zadovoljstvo. Ro\u010dno in strokovno izdelano za profesionalno uporabo.<\/p>\n<p>Karakteristike:<\/p>\n<ul>\n<li>zelo vzdr\u017eljiv material<\/li>\n<li>mehkoba<\/li>\n<li>ro\u010daj iz \u0161irokega in mehkega traku &#8211; zagotavlja odli\u010dno udobje, pri tem pa ohranja mo\u010d potega<\/li>\n<li>robustni in mo\u010dni \u0161ivi zagotavljajo visoko toleranco na mo\u010dne potege<\/li>\n<\/ul>\n","protected":false},"featured_media":1803,"comment_status":"open","ping_status":"closed","template":"","meta":{"_acf_changed":false},"product_brand":[2948],"product_cat":[809,807,803,817,819],"product_tag":[747,745],"class_list":{"0":"post-2689","1":"product","2":"type-product","3":"status-publish","4":"has-post-thumbnail","6":"product_brand-dingo-gear","7":"product_cat-igra-uz-trening","8":"product_cat-kobasice-aporti","9":"product_cat-oprema-za-psa","10":"product_cat-oprema-za-vodica","11":"product_cat-pomagala-za-trening","12":"product_tag-igra-hr","13":"product_tag-kobasice","14":"pa_barva-aporta-crna-hr","15":"pa_barva-aporta-crvena","16":"pa_barva-izdelka-crna-hr","17":"pa_barva-izdelka-crvena","18":"pa_dimenzije-aporta-10-x-80cm-hr","19":"pa_material-aporta-french-ring-nylcot-hr","20":"pa_oblika-aporta-jastucic","21":"pa_stevilo-rocajev-na-aportu-2-rucke","23":"first","24":"instock","25":"taxable","26":"shipping-taxable","27":"purchasable","28":"product-type-variable"},"acf":[],"_links":{"self":[{"href":"https:\/\/dingogear.si\/hr\/wp-json\/wp\/v2\/product\/2689","targetHints":{"allow":["GET"]}}],"collection":[{"href":"https:\/\/dingogear.si\/hr\/wp-json\/wp\/v2\/product"}],"about":[{"href":"https:\/\/dingogear.si\/hr\/wp-json\/wp\/v2\/types\/product"}],"replies":[{"embeddable":true,"href":"https:\/\/dingogear.si\/hr\/wp-json\/wp\/v2\/comments?post=2689"}],"wp:featuredmedia":[{"embeddable":true,"href":"https:\/\/dingogear.si\/hr\/wp-json\/wp\/v2\/media\/1803"}],"wp:attachment":[{"href":"https:\/\/dingogear.si\/hr\/wp-json\/wp\/v2\/media?parent=2689"}],"wp:term":[{"taxonomy":"product_brand","embeddable":true,"href":"https:\/\/dingogear.si\/hr\/wp-json\/wp\/v2\/product_brand?post=2689"},{"taxonomy":"product_cat","embeddable":true,"href":"https:\/\/dingogear.si\/hr\/wp-json\/wp\/v2\/product_cat?post=2689"},{"taxonomy":"product_tag","embeddable":true,"href":"https:\/\/dingogear.si\/hr\/wp-json\/wp\/v2\/product_tag?post=2689"}],"curies":[{"name":"wp","href":"https:\/\/api.w.org\/{rel}","templated":true}]}}