{"id":2692,"date":"2017-11-27T19:13:35","date_gmt":"2017-11-27T18:13:35","guid":{"rendered":"http:\/\/dingogear.si\/?post_type=product&#038;p=2692"},"modified":"2022-05-03T11:32:06","modified_gmt":"2022-05-03T09:32:06","slug":"aport-iz-ring-materiala-2","status":"publish","type":"product","link":"https:\/\/dingogear.si\/hr\/aport-iz-ring-materiala-2\/","title":{"rendered":"Aport iz RING materiala"},"content":{"rendered":"<p><img decoding=\"async\" class=\"aligncenter size-full wp-image-1566\" src=\"https:\/\/dingogear.si\/wp-content\/uploads\/2017\/11\/aport_ring_VEL.jpg\" alt=\"\" width=\"1517\" height=\"759\" title=\"\" srcset=\"https:\/\/dingogear.si\/wp-content\/uploads\/2017\/11\/aport_ring_VEL.jpg 1517w, https:\/\/dingogear.si\/wp-content\/uploads\/2017\/11\/aport_ring_VEL-500x250.jpg 500w, https:\/\/dingogear.si\/wp-content\/uploads\/2017\/11\/aport_ring_VEL-700x350.jpg 700w, https:\/\/dingogear.si\/wp-content\/uploads\/2017\/11\/aport_ring_VEL-300x150.jpg 300w, https:\/\/dingogear.si\/wp-content\/uploads\/2017\/11\/aport_ring_VEL-768x384.jpg 768w, https:\/\/dingogear.si\/wp-content\/uploads\/2017\/11\/aport_ring_VEL-1024x512.jpg 1024w\" sizes=\"(max-width: 1517px) 100vw, 1517px\" \/><\/p>\n","protected":false},"excerpt":{"rendered":"<p>Aport narejen iz zelo vzdr\u017eljivega in trpe\u017enega materiala, iz katerega so narejene tudi obleke za markerje. Z enim ro\u010dajem ali dvema ro\u010dajema.<\/p>\n<p><strong>Namenjen za zabavo psa in u\u010denje ugriza.<\/strong> Preizku\u0161eno in odobreno s strani profesionalnih trenerjev za pse.<\/p>\n<p>Zanesljiva kakovost in 100% zadovoljstvo. Ro\u010dno in strokovno izdelano za profesionalno uporabo.<\/p>\n<p>Karakteristike:<\/p>\n<ul>\n<li>zelo vzdr\u017eljiv material<\/li>\n<li>mehkoba<\/li>\n<li>konci aporta so brez dodatnih \u0161ivov (\u0161ivi so obrnjeni navznoter)<\/li>\n<li>ro\u010daj iz \u0161irokega in mehkega traku &#8211; zagotavlja odli\u010dno udobje, pri tem pa ohranja mo\u010d potega<\/li>\n<li>robustni in mo\u010dni \u0161ivi zagotavljajo visoko toleranco na mo\u010dne potege<\/li>\n<\/ul>\n<p><strong>Na voljo v razli\u010dnih dimenzijah in v opciji z enim ali dvema ro\u010dajema!<\/strong><\/p>\n","protected":false},"featured_media":1623,"comment_status":"open","ping_status":"closed","template":"","meta":{"_acf_changed":false},"product_brand":[2948],"product_cat":[809,807,803,817,819],"product_tag":[747,745],"class_list":{"0":"post-2692","1":"product","2":"type-product","3":"status-publish","4":"has-post-thumbnail","6":"product_brand-dingo-gear","7":"product_cat-igra-uz-trening","8":"product_cat-kobasice-aporti","9":"product_cat-oprema-za-psa","10":"product_cat-oprema-za-vodica","11":"product_cat-pomagala-za-trening","12":"product_tag-igra-hr","13":"product_tag-kobasice","14":"pa_barva-aporta-crna-hr","15":"pa_barva-aporta-crvena","16":"pa_barva-aporta-narancasta","17":"pa_barva-aporta-plava","18":"pa_barva-izdelka-crna-hr","19":"pa_barva-izdelka-crvena","20":"pa_barva-izdelka-narandzasta","21":"pa_barva-izdelka-plava","22":"pa_dimenzije-aporta-5-x-15cm-hr","23":"pa_dimenzije-aporta-7-x-20cm-hr","24":"pa_dimenzije-aporta-7-x-28cm-hr","25":"pa_dimenzije-aporta-8-x-45cm-hr","26":"pa_material-aporta-french-ring-nylcot-hr","27":"pa_oblika-aporta-jastucic","28":"pa_stevilo-rocajev-na-aportu-1-rucka","29":"pa_stevilo-rocajev-na-aportu-2-rucke","31":"first","32":"instock","33":"featured","34":"taxable","35":"shipping-taxable","36":"purchasable","37":"product-type-variable"},"acf":[],"_links":{"self":[{"href":"https:\/\/dingogear.si\/hr\/wp-json\/wp\/v2\/product\/2692","targetHints":{"allow":["GET"]}}],"collection":[{"href":"https:\/\/dingogear.si\/hr\/wp-json\/wp\/v2\/product"}],"about":[{"href":"https:\/\/dingogear.si\/hr\/wp-json\/wp\/v2\/types\/product"}],"replies":[{"embeddable":true,"href":"https:\/\/dingogear.si\/hr\/wp-json\/wp\/v2\/comments?post=2692"}],"wp:featuredmedia":[{"embeddable":true,"href":"https:\/\/dingogear.si\/hr\/wp-json\/wp\/v2\/media\/1623"}],"wp:attachment":[{"href":"https:\/\/dingogear.si\/hr\/wp-json\/wp\/v2\/media?parent=2692"}],"wp:term":[{"taxonomy":"product_brand","embeddable":true,"href":"https:\/\/dingogear.si\/hr\/wp-json\/wp\/v2\/product_brand?post=2692"},{"taxonomy":"product_cat","embeddable":true,"href":"https:\/\/dingogear.si\/hr\/wp-json\/wp\/v2\/product_cat?post=2692"},{"taxonomy":"product_tag","embeddable":true,"href":"https:\/\/dingogear.si\/hr\/wp-json\/wp\/v2\/product_tag?post=2692"}],"curies":[{"name":"wp","href":"https:\/\/api.w.org\/{rel}","templated":true}]}}