{"id":2717,"date":"2017-11-27T18:19:45","date_gmt":"2018-03-27T21:16:23","guid":{"rendered":"http:\/\/dingogear.si\/?post_type=product&#038;p=2717"},"modified":"2021-05-21T17:28:08","modified_gmt":"2021-05-21T15:28:08","slug":"aport-iz-sintetike-vatrogasno-crijevo","status":"publish","type":"product","link":"https:\/\/dingogear.si\/hr\/aport-iz-sintetike-vatrogasno-crijevo\/","title":{"rendered":"Aport iz sintetike &#8211; vatrogasno crijevo"},"content":{"rendered":"<p><img decoding=\"async\" class=\"aligncenter size-full wp-image-1512\" src=\"https:\/\/dingogear.si\/wp-content\/uploads\/2017\/11\/aport_usnje_POZARNA-CEV_VEL.jpg\" alt=\"\" width=\"1346\" height=\"764\" title=\"\" srcset=\"https:\/\/dingogear.si\/wp-content\/uploads\/2017\/11\/aport_usnje_POZARNA-CEV_VEL.jpg 1346w, https:\/\/dingogear.si\/wp-content\/uploads\/2017\/11\/aport_usnje_POZARNA-CEV_VEL-500x284.jpg 500w, https:\/\/dingogear.si\/wp-content\/uploads\/2017\/11\/aport_usnje_POZARNA-CEV_VEL-700x397.jpg 700w, https:\/\/dingogear.si\/wp-content\/uploads\/2017\/11\/aport_usnje_POZARNA-CEV_VEL-300x170.jpg 300w, https:\/\/dingogear.si\/wp-content\/uploads\/2017\/11\/aport_usnje_POZARNA-CEV_VEL-768x436.jpg 768w, https:\/\/dingogear.si\/wp-content\/uploads\/2017\/11\/aport_usnje_POZARNA-CEV_VEL-1024x581.jpg 1024w\" sizes=\"(max-width: 1346px) 100vw, 1346px\" \/><\/p>\n","protected":false},"excerpt":{"rendered":"<p>Aport narejen iz materiala, ki se je v\u010dasih uporabljal za izdelavo po\u017earnih cevi (gasilskih cevi za ga\u0161enje po\u017earov) z enim ro\u010dajem ali dvema ro\u010dajema. <strong>Vodoodporen in plava na vodi!<\/strong><\/p>\n<p><strong>Namenjen za zabavo psa in u\u010denje ugriza.<\/strong> Preizku\u0161eno in odobreno s strani profesionalnih trenerjev za pse.<\/p>\n<p>Zanesljiva kakovost in 100% zadovoljstvo. Ro\u010dno in strokovno izdelano za profesionalno uporabo.<\/p>\n<p>Karakteristike:<\/p>\n<ul>\n<li>zelo vzdr\u017eljiv material<\/li>\n<li>mehkoba<\/li>\n<li>vodoodporen<\/li>\n<li>plava na vodi<\/li>\n<li>konci aporta so oja\u010dani s \u010drnim bomba\u017enim trakom<\/li>\n<li>ro\u010daj iz \u0161irokega in mehkega traku &#8211; zagotavlja odli\u010dno udobje, pri tem pa ohranja mo\u010d potega<\/li>\n<li>robustni in mo\u010dni \u0161ivi zagotavljajo visoko toleranco na mo\u010dne potege<\/li>\n<\/ul>\n<p><strong>Na voljo v razli\u010dnih dimenzijah in v opciji z enim ali dvema ro\u010dajema!<\/strong><\/p>\n","protected":false},"featured_media":8345,"comment_status":"open","ping_status":"closed","template":"","meta":{"_acf_changed":false},"product_brand":[2948],"product_cat":[809,807,803,817,819],"product_tag":[747,745],"class_list":{"0":"post-2717","1":"product","2":"type-product","3":"status-publish","4":"has-post-thumbnail","6":"product_brand-dingo-gear","7":"product_cat-igra-uz-trening","8":"product_cat-kobasice-aporti","9":"product_cat-oprema-za-psa","10":"product_cat-oprema-za-vodica","11":"product_cat-pomagala-za-trening","12":"product_tag-igra-hr","13":"product_tag-kobasice","14":"pa_barva-aporta-bijela","15":"pa_barva-aporta-crvena","16":"pa_barva-aporta-fluorescentno-zuta","17":"pa_barva-izdelka-bijela","18":"pa_barva-izdelka-crvena","19":"pa_barva-izdelka-fluorescentno-zuta","20":"pa_dimenzije-aporta-3-x-13cm-hr","21":"pa_dimenzije-aporta-3-x-16cm-hr","22":"pa_dimenzije-aporta-3-x-19cm-hr","23":"pa_dimenzije-aporta-6-x-15cm-hr","24":"pa_dimenzije-aporta-6-x-20cm-hr","25":"pa_dimenzije-aporta-6-x-30cm-hr","26":"pa_material-aporta-vatrogasno-crijevo","27":"pa_oblika-aporta-jastucic","28":"pa_stevilo-rocajev-na-aportu-1-rucka","29":"pa_stevilo-rocajev-na-aportu-2-rucke","31":"first","32":"instock","33":"taxable","34":"shipping-taxable","35":"purchasable","36":"product-type-variable"},"acf":[],"_links":{"self":[{"href":"https:\/\/dingogear.si\/hr\/wp-json\/wp\/v2\/product\/2717","targetHints":{"allow":["GET"]}}],"collection":[{"href":"https:\/\/dingogear.si\/hr\/wp-json\/wp\/v2\/product"}],"about":[{"href":"https:\/\/dingogear.si\/hr\/wp-json\/wp\/v2\/types\/product"}],"replies":[{"embeddable":true,"href":"https:\/\/dingogear.si\/hr\/wp-json\/wp\/v2\/comments?post=2717"}],"wp:featuredmedia":[{"embeddable":true,"href":"https:\/\/dingogear.si\/hr\/wp-json\/wp\/v2\/media\/8345"}],"wp:attachment":[{"href":"https:\/\/dingogear.si\/hr\/wp-json\/wp\/v2\/media?parent=2717"}],"wp:term":[{"taxonomy":"product_brand","embeddable":true,"href":"https:\/\/dingogear.si\/hr\/wp-json\/wp\/v2\/product_brand?post=2717"},{"taxonomy":"product_cat","embeddable":true,"href":"https:\/\/dingogear.si\/hr\/wp-json\/wp\/v2\/product_cat?post=2717"},{"taxonomy":"product_tag","embeddable":true,"href":"https:\/\/dingogear.si\/hr\/wp-json\/wp\/v2\/product_tag?post=2717"}],"curies":[{"name":"wp","href":"https:\/\/api.w.org\/{rel}","templated":true}]}}