{"id":2747,"date":"2017-11-27T15:23:22","date_gmt":"2018-03-28T09:03:24","guid":{"rendered":"http:\/\/dingogear.si\/?post_type=product&#038;p=2747"},"modified":"2020-05-06T00:19:12","modified_gmt":"2020-05-05T22:19:12","slug":"aport-iz-koze-rolica-svitak","status":"publish","type":"product","link":"https:\/\/dingogear.si\/hr\/aport-iz-koze-rolica-svitak\/","title":{"rendered":"Aport iz ko\u017ee &#8211; ROLICA &#8211; SVITAK"},"content":{"rendered":"<p><img decoding=\"async\" class=\"aligncenter size-full wp-image-1467\" src=\"https:\/\/dingogear.si\/wp-content\/uploads\/2017\/11\/aport_usnje_ROLICA_VEL.jpg\" alt=\"\" width=\"1791\" height=\"616\" title=\"\" srcset=\"https:\/\/dingogear.si\/wp-content\/uploads\/2017\/11\/aport_usnje_ROLICA_VEL.jpg 1791w, https:\/\/dingogear.si\/wp-content\/uploads\/2017\/11\/aport_usnje_ROLICA_VEL-500x172.jpg 500w, https:\/\/dingogear.si\/wp-content\/uploads\/2017\/11\/aport_usnje_ROLICA_VEL-700x241.jpg 700w, https:\/\/dingogear.si\/wp-content\/uploads\/2017\/11\/aport_usnje_ROLICA_VEL-300x103.jpg 300w, https:\/\/dingogear.si\/wp-content\/uploads\/2017\/11\/aport_usnje_ROLICA_VEL-768x264.jpg 768w, https:\/\/dingogear.si\/wp-content\/uploads\/2017\/11\/aport_usnje_ROLICA_VEL-1024x352.jpg 1024w\" sizes=\"(max-width: 1791px) 100vw, 1791px\" \/><\/p>\n","protected":false},"excerpt":{"rendered":"<p>Aport narejen iz usnja v obliki tulca z enim ro\u010dajem.<\/p>\n<p><strong>Usnjene aporte zaradi svoje mehkosti in privla\u010dnega naravnega vonja priporo\u010damo predvsem za trening mladih psov v zgodnjih fazah usposabljanja. Namenjen za zabavo psa in u\u010denje ugriza.<\/strong> Preizku\u0161eno in odobreno s strani profesionalnih trenerjev za pse.<\/p>\n<p>Zanesljiva kakovost in 100% zadovoljstvo. Ro\u010dno in strokovno izdelano za profesionalno uporabo.<\/p>\n<p>Karakteristike:<\/p>\n<ul>\n<li>trajnost materiala<\/li>\n<li>mehkoba<\/li>\n<li>naravna barva<\/li>\n<li>naravni vonj<\/li>\n<li>konci aporta so oja\u010dani s \u010drnim bomba\u017enim trakom<\/li>\n<li>ro\u010daj iz okroglega in mehkega traku &#8211; zagotavlja odli\u010dno udobje, pri tem pa ohranja mo\u010d potega<\/li>\n<li>robustni in mo\u010dni \u0161ivi zagotavljajo visoko toleranco na mo\u010dne potege<\/li>\n<\/ul>\n<p><strong>Na voljo v razli\u010dnih dimenzijah in v opciji z enim ali dvema ro\u010dajema!<\/strong><\/p>\n","protected":false},"featured_media":1471,"comment_status":"open","ping_status":"closed","template":"","meta":{"_acf_changed":false},"product_brand":[2948],"product_cat":[809,807,803,817,819,823],"product_tag":[747,745],"class_list":{"0":"post-2747","1":"product","2":"type-product","3":"status-publish","4":"has-post-thumbnail","6":"product_brand-dingo-gear","7":"product_cat-igra-uz-trening","8":"product_cat-kobasice-aporti","9":"product_cat-oprema-za-psa","10":"product_cat-oprema-za-vodica","11":"product_cat-pomagala-za-trening","12":"product_cat-trening-vodljivosti","13":"product_tag-igra-hr","14":"product_tag-kobasice","15":"pa_barva-aporta-prirodna-boja-koze","16":"pa_dimenzije-aporta-35-x-15cm-hr","17":"pa_dimenzije-aporta-35-x-20cm-hr","18":"pa_material-aporta-koza","19":"pa_oblika-aporta-rolica-svitak","20":"pa_stevilo-rocajev-na-aportu-1-rucka","22":"first","23":"instock","24":"featured","25":"taxable","26":"shipping-taxable","27":"purchasable","28":"product-type-variable"},"acf":[],"_links":{"self":[{"href":"https:\/\/dingogear.si\/hr\/wp-json\/wp\/v2\/product\/2747","targetHints":{"allow":["GET"]}}],"collection":[{"href":"https:\/\/dingogear.si\/hr\/wp-json\/wp\/v2\/product"}],"about":[{"href":"https:\/\/dingogear.si\/hr\/wp-json\/wp\/v2\/types\/product"}],"replies":[{"embeddable":true,"href":"https:\/\/dingogear.si\/hr\/wp-json\/wp\/v2\/comments?post=2747"}],"wp:featuredmedia":[{"embeddable":true,"href":"https:\/\/dingogear.si\/hr\/wp-json\/wp\/v2\/media\/1471"}],"wp:attachment":[{"href":"https:\/\/dingogear.si\/hr\/wp-json\/wp\/v2\/media?parent=2747"}],"wp:term":[{"taxonomy":"product_brand","embeddable":true,"href":"https:\/\/dingogear.si\/hr\/wp-json\/wp\/v2\/product_brand?post=2747"},{"taxonomy":"product_cat","embeddable":true,"href":"https:\/\/dingogear.si\/hr\/wp-json\/wp\/v2\/product_cat?post=2747"},{"taxonomy":"product_tag","embeddable":true,"href":"https:\/\/dingogear.si\/hr\/wp-json\/wp\/v2\/product_tag?post=2747"}],"curies":[{"name":"wp","href":"https:\/\/api.w.org\/{rel}","templated":true}]}}