{"id":2755,"date":"2017-11-26T18:00:59","date_gmt":"2018-03-28T09:03:31","guid":{"rendered":"http:\/\/dingogear.si\/?post_type=product&#038;p=2755"},"modified":"2022-11-21T12:13:29","modified_gmt":"2022-11-21T11:13:29","slug":"aport-iz-jute-krpa-2","status":"publish","type":"product","link":"https:\/\/dingogear.si\/hr\/aport-iz-jute-krpa-2\/","title":{"rendered":"Aport iz jute KRPA"},"content":{"rendered":"<p><img decoding=\"async\" class=\"aligncenter size-full wp-image-1434\" src=\"https:\/\/dingogear.si\/wp-content\/uploads\/2017\/11\/aport_juta_KRPA_VEL.jpg\" alt=\"\" width=\"1780\" height=\"643\" title=\"\" srcset=\"https:\/\/dingogear.si\/wp-content\/uploads\/2017\/11\/aport_juta_KRPA_VEL.jpg 1780w, https:\/\/dingogear.si\/wp-content\/uploads\/2017\/11\/aport_juta_KRPA_VEL-500x181.jpg 500w, https:\/\/dingogear.si\/wp-content\/uploads\/2017\/11\/aport_juta_KRPA_VEL-700x253.jpg 700w, https:\/\/dingogear.si\/wp-content\/uploads\/2017\/11\/aport_juta_KRPA_VEL-300x108.jpg 300w, https:\/\/dingogear.si\/wp-content\/uploads\/2017\/11\/aport_juta_KRPA_VEL-768x277.jpg 768w, https:\/\/dingogear.si\/wp-content\/uploads\/2017\/11\/aport_juta_KRPA_VEL-1024x370.jpg 1024w\" sizes=\"(max-width: 1780px) 100vw, 1780px\" \/><\/p>\n","protected":false},"excerpt":{"rendered":"<p>Aport narejen iz mo\u010dne jute! V obliki krpe z enim U ro\u010dajem.<\/p>\n<p><strong>Namenjen za zabavo psa in u\u010denje ugriza.<\/strong> Preizku\u0161eno in odobreno s strani profesionalnih trenerjev za pse.<\/p>\n<p>Zanesljiva kakovost in 100% zadovoljstvo. Ro\u010dno in strokovno izdelano za profesionalno uporabo.<\/p>\n<p>Karakteristike:<\/p>\n<ul>\n<li>juta je trajen material<\/li>\n<li>mehkoba<\/li>\n<li>naravna barva<\/li>\n<li>ro\u010daj iz \u0161irokega in mehkega traku &#8211; zagotavlja odli\u010dno udobje, pri tem pa ohranja mo\u010d potega<\/li>\n<li>robustni in mo\u010dni \u0161ivi zagotavljajo visoko toleranco na mo\u010dne potege<\/li>\n<\/ul>\n<p><strong>Na voljo v 2 razli\u010dicah z enim ro\u010dajem!<\/strong><\/p>\n","protected":false},"featured_media":1440,"comment_status":"open","ping_status":"closed","template":"","meta":{"_acf_changed":false},"product_brand":[2948],"product_cat":[809,807,803,817,819,823],"product_tag":[747,745],"class_list":{"0":"post-2755","1":"product","2":"type-product","3":"status-publish","4":"has-post-thumbnail","6":"product_brand-dingo-gear","7":"product_cat-igra-uz-trening","8":"product_cat-kobasice-aporti","9":"product_cat-oprema-za-psa","10":"product_cat-oprema-za-vodica","11":"product_cat-pomagala-za-trening","12":"product_cat-trening-vodljivosti","13":"product_tag-igra-hr","14":"product_tag-kobasice","15":"pa_barva-aporta-prirodna-boja-jute","16":"pa_dimenzije-aporta-37-x-60cm-hr","17":"pa_dimenzije-aporta-37-x-65cm-hr","18":"pa_material-aporta-juta-hr","19":"pa_oblika-aporta-krpa-hr","20":"pa_stevilo-rocajev-na-aportu-1-rucka","21":"pa_trdota-jute-meki-vez","22":"pa_trdota-jute-tvrdi-vez","24":"first","25":"instock","26":"taxable","27":"shipping-taxable","28":"purchasable","29":"product-type-variable"},"acf":[],"_links":{"self":[{"href":"https:\/\/dingogear.si\/hr\/wp-json\/wp\/v2\/product\/2755","targetHints":{"allow":["GET"]}}],"collection":[{"href":"https:\/\/dingogear.si\/hr\/wp-json\/wp\/v2\/product"}],"about":[{"href":"https:\/\/dingogear.si\/hr\/wp-json\/wp\/v2\/types\/product"}],"replies":[{"embeddable":true,"href":"https:\/\/dingogear.si\/hr\/wp-json\/wp\/v2\/comments?post=2755"}],"wp:featuredmedia":[{"embeddable":true,"href":"https:\/\/dingogear.si\/hr\/wp-json\/wp\/v2\/media\/1440"}],"wp:attachment":[{"href":"https:\/\/dingogear.si\/hr\/wp-json\/wp\/v2\/media?parent=2755"}],"wp:term":[{"taxonomy":"product_brand","embeddable":true,"href":"https:\/\/dingogear.si\/hr\/wp-json\/wp\/v2\/product_brand?post=2755"},{"taxonomy":"product_cat","embeddable":true,"href":"https:\/\/dingogear.si\/hr\/wp-json\/wp\/v2\/product_cat?post=2755"},{"taxonomy":"product_tag","embeddable":true,"href":"https:\/\/dingogear.si\/hr\/wp-json\/wp\/v2\/product_tag?post=2755"}],"curies":[{"name":"wp","href":"https:\/\/api.w.org\/{rel}","templated":true}]}}