{"id":2763,"date":"2017-11-26T17:29:23","date_gmt":"2018-03-28T09:03:42","guid":{"rendered":"http:\/\/dingogear.si\/?post_type=product&#038;p=2763"},"modified":"2021-05-21T16:47:51","modified_gmt":"2021-05-21T14:47:51","slug":"aport-iz-jute-extra-2","status":"publish","type":"product","link":"https:\/\/dingogear.si\/hr\/aport-iz-jute-extra-2\/","title":{"rendered":"Aport iz jute EXTRA"},"content":{"rendered":"<p><img decoding=\"async\" class=\"aligncenter size-full wp-image-1402\" src=\"https:\/\/dingogear.si\/wp-content\/uploads\/2017\/11\/aport_juta_EXTRA_VEL.jpg\" alt=\"\" width=\"1810\" height=\"623\" title=\"\" srcset=\"https:\/\/dingogear.si\/wp-content\/uploads\/2017\/11\/aport_juta_EXTRA_VEL.jpg 1810w, https:\/\/dingogear.si\/wp-content\/uploads\/2017\/11\/aport_juta_EXTRA_VEL-500x172.jpg 500w, https:\/\/dingogear.si\/wp-content\/uploads\/2017\/11\/aport_juta_EXTRA_VEL-700x241.jpg 700w, https:\/\/dingogear.si\/wp-content\/uploads\/2017\/11\/aport_juta_EXTRA_VEL-300x103.jpg 300w, https:\/\/dingogear.si\/wp-content\/uploads\/2017\/11\/aport_juta_EXTRA_VEL-768x264.jpg 768w, https:\/\/dingogear.si\/wp-content\/uploads\/2017\/11\/aport_juta_EXTRA_VEL-1024x352.jpg 1024w\" sizes=\"(max-width: 1810px) 100vw, 1810px\" \/><\/p>\n<p><iframe loading=\"lazy\" title=\"gryzak ekstra mocny - przyk\u0142adowe zastosowanie\" width=\"1020\" height=\"574\" src=\"https:\/\/www.youtube.com\/embed\/Cxj7JN7iRtI?feature=oembed\" frameborder=\"0\" allow=\"accelerometer; autoplay; encrypted-media; gyroscope; picture-in-picture\" allowfullscreen><\/iframe><\/p>\n","protected":false},"excerpt":{"rendered":"<p>Aport narejen iz mo\u010dne jute z dvema ali tremi ro\u010daji.<\/p>\n<p><strong>Namenjen za zabavo psa in u\u010denje ugriza.<\/strong> Preizku\u0161eno in odobreno s strani profesionalnih trenerjev za pse.<\/p>\n<p>Zanesljiva kakovost in 100% zadovoljstvo. Ro\u010dno in strokovno izdelano za profesionalno uporabo.<\/p>\n<p>Karakteristike:<\/p>\n<ul>\n<li>juta je trajen material<\/li>\n<li>zahvaljujo\u010d lastnostim materiala pes z zobmi prodre globoko v aport, brez nevarnosti po\u0161kodb<\/li>\n<li>mehkoba<\/li>\n<li>naravna barva<\/li>\n<li>konci aporta so oja\u010dani s \u010drnim bomba\u017enim trakom<\/li>\n<li>ro\u010daj iz \u0161irokega in mehkega traku &#8211; zagotavlja odli\u010dno udobje, pri tem pa ohranja mo\u010d potega<\/li>\n<li>robustni in mo\u010dni \u0161ivi zagotavljajo visoko toleranco na mo\u010dne potege<\/li>\n<\/ul>\n<p><strong>Na voljo v razli\u010dici z dvema ali tremi ro\u010daji!<\/strong><\/p>\n","protected":false},"featured_media":1406,"comment_status":"open","ping_status":"closed","template":"","meta":{"_acf_changed":false},"product_brand":[2948],"product_cat":[809,807,803,817,821,823],"product_tag":[747,745],"class_list":{"0":"post-2763","1":"product","2":"type-product","3":"status-publish","4":"has-post-thumbnail","6":"product_brand-dingo-gear","7":"product_cat-igra-uz-trening","8":"product_cat-kobasice-aporti","9":"product_cat-oprema-za-psa","10":"product_cat-oprema-za-vodica","11":"product_cat-trening-obrane","12":"product_cat-trening-vodljivosti","13":"product_tag-igra-hr","14":"product_tag-kobasice","15":"pa_barva-aporta-prirodna-boja-jute","16":"pa_dimenzije-aporta-8-x-60cm-hr","17":"pa_material-aporta-juta-hr","18":"pa_oblika-aporta-jastucic","19":"pa_stevilo-rocajev-na-aportu-2-rucke","20":"pa_stevilo-rocajev-na-aportu-3-rucke","22":"first","23":"instock","24":"taxable","25":"shipping-taxable","26":"purchasable","27":"product-type-variable"},"acf":[],"_links":{"self":[{"href":"https:\/\/dingogear.si\/hr\/wp-json\/wp\/v2\/product\/2763","targetHints":{"allow":["GET"]}}],"collection":[{"href":"https:\/\/dingogear.si\/hr\/wp-json\/wp\/v2\/product"}],"about":[{"href":"https:\/\/dingogear.si\/hr\/wp-json\/wp\/v2\/types\/product"}],"replies":[{"embeddable":true,"href":"https:\/\/dingogear.si\/hr\/wp-json\/wp\/v2\/comments?post=2763"}],"wp:featuredmedia":[{"embeddable":true,"href":"https:\/\/dingogear.si\/hr\/wp-json\/wp\/v2\/media\/1406"}],"wp:attachment":[{"href":"https:\/\/dingogear.si\/hr\/wp-json\/wp\/v2\/media?parent=2763"}],"wp:term":[{"taxonomy":"product_brand","embeddable":true,"href":"https:\/\/dingogear.si\/hr\/wp-json\/wp\/v2\/product_brand?post=2763"},{"taxonomy":"product_cat","embeddable":true,"href":"https:\/\/dingogear.si\/hr\/wp-json\/wp\/v2\/product_cat?post=2763"},{"taxonomy":"product_tag","embeddable":true,"href":"https:\/\/dingogear.si\/hr\/wp-json\/wp\/v2\/product_tag?post=2763"}],"curies":[{"name":"wp","href":"https:\/\/api.w.org\/{rel}","templated":true}]}}