{"id":2771,"date":"2018-03-28T11:15:27","date_gmt":"2018-03-28T09:15:27","guid":{"rendered":"http:\/\/dingogear.si\/?post_type=product&#038;p=2771"},"modified":"2021-03-04T12:32:13","modified_gmt":"2021-03-04T11:32:13","slug":"aport-iz-jute-2","status":"publish","type":"product","link":"https:\/\/dingogear.si\/hr\/aport-iz-jute-2\/","title":{"rendered":"Aport iz jute"},"content":{"rendered":"<p><img decoding=\"async\" class=\"aligncenter size-full wp-image-1374\" src=\"https:\/\/dingogear.si\/wp-content\/uploads\/2017\/11\/aport_juta_VEL.jpg\" alt=\"\" width=\"1562\" height=\"585\" title=\"\" srcset=\"https:\/\/dingogear.si\/wp-content\/uploads\/2017\/11\/aport_juta_VEL.jpg 1562w, https:\/\/dingogear.si\/wp-content\/uploads\/2017\/11\/aport_juta_VEL-500x187.jpg 500w, https:\/\/dingogear.si\/wp-content\/uploads\/2017\/11\/aport_juta_VEL-700x262.jpg 700w, https:\/\/dingogear.si\/wp-content\/uploads\/2017\/11\/aport_juta_VEL-300x112.jpg 300w, https:\/\/dingogear.si\/wp-content\/uploads\/2017\/11\/aport_juta_VEL-768x288.jpg 768w, https:\/\/dingogear.si\/wp-content\/uploads\/2017\/11\/aport_juta_VEL-1024x384.jpg 1024w\" sizes=\"(max-width: 1562px) 100vw, 1562px\" \/><\/p>\n","protected":false},"excerpt":{"rendered":"<p>Aport narejen iz mo\u010dne jute z enim ro\u010dajem ali dvema ro\u010dajema.<\/p>\n<p><strong>Namenjen za zabavo psa in u\u010denje ugriza.<\/strong> Preizku\u0161eno in odobreno s strani profesionalnih trenerjev za pse.<\/p>\n<p>Zanesljiva kakovost in 100% zadovoljstvo. Ro\u010dno in strokovno izdelano za profesionalno uporabo.<\/p>\n<p>Karakteristike:<\/p>\n<ul>\n<li>juta je trajen material<\/li>\n<li>zahvaljujo\u010d lastnostim materiala pes z zobmi prodre globoko v aport, brez nevarnosti po\u0161kodb<\/li>\n<li>mehkoba<\/li>\n<li>naravna barva<\/li>\n<li>konci aporta so oja\u010dani s \u010drnim bomba\u017enim trakom<\/li>\n<li>ro\u010daj iz \u0161irokega in mehkega traku &#8211; zagotavlja odli\u010dno udobje, pri tem pa ohranja mo\u010d potega<\/li>\n<li>robustni in mo\u010dni \u0161ivi zagotavljajo visoko toleranco na mo\u010dne potege<\/li>\n<\/ul>\n<p><strong>Na voljo v razli\u010dnih dimenzijah in v opciji z enim ali dvema ro\u010dajema!<\/strong><\/p>\n","protected":false},"featured_media":10022,"comment_status":"open","ping_status":"closed","template":"","meta":{"_acf_changed":false},"product_brand":[2948],"product_cat":[809,807,803,817,819],"product_tag":[747,745],"class_list":{"0":"post-2771","1":"product","2":"type-product","3":"status-publish","4":"has-post-thumbnail","6":"product_brand-dingo-gear","7":"product_cat-igra-uz-trening","8":"product_cat-kobasice-aporti","9":"product_cat-oprema-za-psa","10":"product_cat-oprema-za-vodica","11":"product_cat-pomagala-za-trening","12":"product_tag-igra-hr","13":"product_tag-kobasice","14":"pa_barva-aporta-prirodna-boja-jute","15":"pa_dimenzije-aporta-4-x-16cm-hr","16":"pa_dimenzije-aporta-4-x-28cm-hr","17":"pa_dimenzije-aporta-6-x-28cm-hr","18":"pa_dimenzije-aporta-6-x-40cm-hr","19":"pa_dimenzije-aporta-8-x-60cm-hr","20":"pa_material-aporta-juta-hr","21":"pa_oblika-aporta-jastucic","22":"pa_stevilo-rocajev-na-aportu-1-rucka","23":"pa_stevilo-rocajev-na-aportu-2-rucke","25":"first","26":"instock","27":"taxable","28":"shipping-taxable","29":"purchasable","30":"product-type-variable"},"acf":[],"_links":{"self":[{"href":"https:\/\/dingogear.si\/hr\/wp-json\/wp\/v2\/product\/2771","targetHints":{"allow":["GET"]}}],"collection":[{"href":"https:\/\/dingogear.si\/hr\/wp-json\/wp\/v2\/product"}],"about":[{"href":"https:\/\/dingogear.si\/hr\/wp-json\/wp\/v2\/types\/product"}],"replies":[{"embeddable":true,"href":"https:\/\/dingogear.si\/hr\/wp-json\/wp\/v2\/comments?post=2771"}],"wp:featuredmedia":[{"embeddable":true,"href":"https:\/\/dingogear.si\/hr\/wp-json\/wp\/v2\/media\/10022"}],"wp:attachment":[{"href":"https:\/\/dingogear.si\/hr\/wp-json\/wp\/v2\/media?parent=2771"}],"wp:term":[{"taxonomy":"product_brand","embeddable":true,"href":"https:\/\/dingogear.si\/hr\/wp-json\/wp\/v2\/product_brand?post=2771"},{"taxonomy":"product_cat","embeddable":true,"href":"https:\/\/dingogear.si\/hr\/wp-json\/wp\/v2\/product_cat?post=2771"},{"taxonomy":"product_tag","embeddable":true,"href":"https:\/\/dingogear.si\/hr\/wp-json\/wp\/v2\/product_tag?post=2771"}],"curies":[{"name":"wp","href":"https:\/\/api.w.org\/{rel}","templated":true}]}}