{"id":2785,"date":"2017-11-23T21:06:10","date_gmt":"2018-03-28T09:15:36","guid":{"rendered":"http:\/\/dingogear.si\/?post_type=product&#038;p=2785"},"modified":"2022-08-19T11:38:15","modified_gmt":"2022-08-19T09:38:15","slug":"stitnik-za-noge-short-soft","status":"publish","type":"product","link":"https:\/\/dingogear.si\/hr\/stitnik-za-noge-short-soft\/","title":{"rendered":"\u0160titnik za noge RING SHORT SOFT"},"content":{"rendered":"<p><img decoding=\"async\" class=\"aligncenter size-full wp-image-1346\" src=\"https:\/\/dingogear.si\/wp-content\/uploads\/2017\/11\/%C5%A1%C4%8Ditnik_SOFT_SHORT.jpg\" alt=\"\" width=\"1571\" height=\"775\" title=\"\"><\/p>\n","protected":false},"excerpt":{"rendered":"<p>Profesionalni \u0161titnik za noge DINGO GEAR izra\u0111en od RING (Nylcot) materijala ili jute (odaberite pri ulasku u ko\u0161aru). Kratka verzija SOFT koja \u0161titi podru\u010dje ispod koljena, tj. ma\u010d. Super izdr\u017eljiv! Dostupan je u pet boja &#8211; plavoj, crvenoj, naran\u010dastoj, crnoj ili juti!<\/p>\n<p>Testirano i odobreno od strane profesionalnih trenera. Pouzdana kvaliteta i izvrsnost izvedbe omogu\u0107uju 100% zadovoljstvo korisnika.<\/p>\n<p>Ru\u010dno izra\u0111eni od strane stru\u010dnjaka za profesionalce!<\/p>\n<p>Posebne zna\u010dajke:<\/p>\n<ul>\n<li>ergonomski model<\/li>\n<li>izra\u0111en od robusnog materijala FrenchRong ili Nylcot (koristi se za \u0161ivanje odje\u0107e za potpuni ugriz i osigurava dug \u017eivot) ili od visokokvalitetne jute<\/li>\n<li>\u010dvrst zahvat<\/li>\n<li>profilirani prikladno \u010dvrsti jastuci<\/li>\n<li>bez metala i plastike<\/li>\n<li>Velcro zatvara\u010di omogu\u0107uju brzo uklanjanje i nagra\u0111ivanje psa<\/li>\n<li>odgovaraju\u0107e unutarnje poja\u010danje i podstava<\/li>\n<li>remen s rukohvatom za jednostavno no\u0161enje rukava<\/li>\n<\/ul>\n<p>Parametri:<\/p>\n<ul>\n<li>RING: te\u017eina &#8211; 0,6 kg, duljina 35,5 cm, \u0161irina 27 cm, debljina 10 cm<\/li>\n<li>JUTA: te\u017eina &#8211; 0,7 kg, duljina 36,5 cm, \u0161irina 27 cm, debljina 10 cm<\/li>\n<\/ul>\n<p>Zajam\u010dena sigurnost psa i pomaga\u010da!<\/p>\n","protected":false},"featured_media":1363,"comment_status":"open","ping_status":"closed","template":"","meta":{"_acf_changed":false},"product_brand":[2948],"product_cat":[781,817,799,821],"product_tag":[1240,1234,767],"class_list":{"0":"post-2785","1":"product","2":"type-product","3":"status-publish","4":"has-post-thumbnail","6":"product_brand-dingo-gear","7":"product_cat-oprema-za-markirante","8":"product_cat-oprema-za-vodica","9":"product_cat-scitnici-za-noge","10":"product_cat-trening-obrane","11":"product_tag-obrana","12":"product_tag-scitnici","13":"product_tag-zastita-noge","14":"pa_barva-scitnika-za-noge-boja-jute","15":"pa_barva-scitnika-za-noge-crna-hr","16":"pa_barva-scitnika-za-noge-crvena","17":"pa_barva-scitnika-za-noge-narancasta","18":"pa_barva-scitnika-za-noge-plava","19":"pa_dolzina-scitnika-za-noge-zastita-do-koljena","20":"pa_material-scitnika-za-noge-french-ring-nylcot-hr","21":"pa_material-scitnika-za-noge-juta-hr","22":"pa_posebnost-scitnika-za-noge-univerzalan-za-desnu-ili-lijevu-nogu","24":"first","25":"instock","26":"taxable","27":"shipping-taxable","28":"purchasable","29":"product-type-variable"},"acf":[],"_links":{"self":[{"href":"https:\/\/dingogear.si\/hr\/wp-json\/wp\/v2\/product\/2785","targetHints":{"allow":["GET"]}}],"collection":[{"href":"https:\/\/dingogear.si\/hr\/wp-json\/wp\/v2\/product"}],"about":[{"href":"https:\/\/dingogear.si\/hr\/wp-json\/wp\/v2\/types\/product"}],"replies":[{"embeddable":true,"href":"https:\/\/dingogear.si\/hr\/wp-json\/wp\/v2\/comments?post=2785"}],"wp:featuredmedia":[{"embeddable":true,"href":"https:\/\/dingogear.si\/hr\/wp-json\/wp\/v2\/media\/1363"}],"wp:attachment":[{"href":"https:\/\/dingogear.si\/hr\/wp-json\/wp\/v2\/media?parent=2785"}],"wp:term":[{"taxonomy":"product_brand","embeddable":true,"href":"https:\/\/dingogear.si\/hr\/wp-json\/wp\/v2\/product_brand?post=2785"},{"taxonomy":"product_cat","embeddable":true,"href":"https:\/\/dingogear.si\/hr\/wp-json\/wp\/v2\/product_cat?post=2785"},{"taxonomy":"product_tag","embeddable":true,"href":"https:\/\/dingogear.si\/hr\/wp-json\/wp\/v2\/product_tag?post=2785"}],"curies":[{"name":"wp","href":"https:\/\/api.w.org\/{rel}","templated":true}]}}