{"id":2813,"date":"2017-11-23T15:27:10","date_gmt":"2017-11-23T14:27:10","guid":{"rendered":"http:\/\/dingogear.si\/?post_type=product&#038;p=2813"},"modified":"2023-01-11T13:23:17","modified_gmt":"2023-01-11T12:23:17","slug":"jastuk-za-zvakanje-hard","status":"publish","type":"product","link":"https:\/\/dingogear.si\/hr\/jastuk-za-zvakanje-hard\/","title":{"rendered":"Jastuk za \u017evakanje HARD"},"content":{"rendered":"<p>Jastuk za \u017evakanje HARD odnosno blazina za trening pasa.<\/p>\n<p>DINGOGEAR profesionalni jastuk za trening obrane s tvrdim vezom. Profesionalna igra\u010dka za obuku pasa.<\/p>\n<p>Testirano i odobreno od strane profesionalnih trenera. Pouzdana kvaliteta i izvrsnost izvedbe omogu\u0107uju 100% zadovoljstvo korisnika.<\/p>\n<p>Ru\u010dno izra\u0111eni od strane stru\u010dnjaka za profesionalce!<\/p>\n<p>Posebne zna\u010dajke:<\/p>\n<ul>\n<li>odgovaraju\u0107a tvrdo\u0107a i te\u017eina<\/li>\n<li>profilirana odgovaraju\u0107a tvrdo\u0107a materiala<\/li>\n<li>izra\u0111ena od visokokvalitetnog materijala od jute ili ring (nylcot) (odaberite prilikom ulaska u ko\u0161aricu)<\/li>\n<li>bez metala i plastike, \u0161to osigurava potpunu sigurnost<\/li>\n<li>juta oja\u010dana polipropilenom osigurava trajnost upotrebe, juta zbog svojih svojstava omogu\u0107uje psu da prodre duboko u materijal bez rizika od ozljeda<\/li>\n<li>french ring je najtrajniji materijal od kojeg su sa\u0161ivena najzahtjevnija obrambena odijela, nje\u017ena za desni<\/li>\n<li>3 ru\u010dke za ugodno i stabilno dr\u017eanje za kontroliranu igru \u200b\u200bsa psom<\/li>\n<\/ul>\n<p>Parametri:<\/p>\n<ul>\n<li>Mekani vez JUTA: te\u017eina 1,4 kg, duljina 38 cm, \u0161irina 23 cm, debljina 11 cm<\/li>\n<li>Tvrdi vez JUTA: te\u017eina 1,5 kg, du\u017eina 38 cm, \u0161irina 23 cm, debljina 11 cm<\/li>\n<li>RING: te\u017eina 1kg, du\u017eina 38cm, \u0161irina 23cm, debljina 11cm<\/li>\n<\/ul>\n<p>Svrha igra\u010dke je osposobiti psa za ispravan ugriz i stisak te pobolj\u0161ati ugriz do savr\u0161enstva! Zajam\u010dena sigurnost psa i pomaga\u010da!<\/p>\n","protected":false},"excerpt":{"rendered":"<p>DINGOGEAR profesionalni jastuk za trening obrane s tvrdim vezom. Profesionalna igra\u010dka za obuku pasa.<\/p>\n<p>Testirano i odobreno od strane profesionalnih trenera. Pouzdana kvaliteta i izvrsnost izvedbe omogu\u0107uju 100% zadovoljstvo korisnika.<\/p>\n<p>Ru\u010dno izra\u0111eni od strane stru\u010dnjaka za profesionalce!<\/p>\n<p>Posebne zna\u010dajke:<\/p>\n<ul>\n<li>odgovaraju\u0107a tvrdo\u0107a i te\u017eina<\/li>\n<li>profilirana odgovaraju\u0107a tvrdo\u0107a materiala<\/li>\n<li>izra\u0111ena od visokokvalitetnog materijala od jute ili ring (nylcot) (odaberite prilikom ulaska u ko\u0161aricu)<\/li>\n<li>bez metala i plastike, \u0161to osigurava potpunu sigurnost<\/li>\n<li>juta oja\u010dana polipropilenom osigurava trajnost upotrebe, juta zbog svojih svojstava omogu\u0107uje psu da prodre duboko u materijal bez rizika od ozljeda<\/li>\n<li>french ring je najtrajniji materijal od kojeg su sa\u0161ivena najzahtjevnija obrambena odijela, nje\u017ena za desni<\/li>\n<li>3 ru\u010dke za ugodno i stabilno dr\u017eanje za kontroliranu igru \u200b\u200bsa psom<\/li>\n<\/ul>\n<p>Parametri:<\/p>\n<ul>\n<li>Mekani vez JUTA: te\u017eina 1,4 kg, duljina 38 cm, \u0161irina 23 cm, debljina 11 cm<\/li>\n<li>Tvrdi vez JUTA: te\u017eina 1,5 kg, du\u017eina 38 cm, \u0161irina 23 cm, debljina 11 cm<\/li>\n<li>RING: te\u017eina 1kg, du\u017eina 38cm, \u0161irina 23cm, debljina 11cm<\/li>\n<\/ul>\n<p>Svrha igra\u010dke je osposobiti psa za ispravan ugriz i stisak te pobolj\u0161ati ugriz do savr\u0161enstva! Zajam\u010dena sigurnost psa i pomaga\u010da!<\/p>\n","protected":false},"featured_media":9391,"comment_status":"open","ping_status":"closed","template":"","meta":{"_acf_changed":false},"product_brand":[2948],"product_cat":[809,2524,803,817,821],"product_tag":[747,2141,1240,1469],"class_list":{"0":"post-2813","1":"product","2":"type-product","3":"status-publish","4":"has-post-thumbnail","6":"product_brand-dingo-gear","7":"product_cat-igra-uz-trening","8":"product_cat-jastuci","9":"product_cat-oprema-za-psa","10":"product_cat-oprema-za-vodica","11":"product_cat-trening-obrane","12":"product_tag-igra-hr","13":"product_tag-jastuk-za-zvakanje","14":"product_tag-obrana","15":"product_tag-priprema-na-rukav","16":"pa_barva-izdelka-boja-jute","17":"pa_barva-izdelka-crna-hr","18":"pa_barva-zvecila-boja-jute","19":"pa_barva-zvecila-crna-hr","20":"pa_material-zvecila-french-ring-nylcot-hr","21":"pa_material-zvecila-juta-hr","22":"pa_namen-rokava-zvecila-aporta-trening-mladih-pasa","23":"pa_namen-rokava-zvecila-aporta-trening-odraslih-pasa","24":"pa_trdota-jute-meki-vez","25":"pa_trdota-jute-tvrdi-vez","27":"first","28":"instock","29":"taxable","30":"shipping-taxable","31":"purchasable","32":"product-type-variable"},"acf":[],"_links":{"self":[{"href":"https:\/\/dingogear.si\/hr\/wp-json\/wp\/v2\/product\/2813","targetHints":{"allow":["GET"]}}],"collection":[{"href":"https:\/\/dingogear.si\/hr\/wp-json\/wp\/v2\/product"}],"about":[{"href":"https:\/\/dingogear.si\/hr\/wp-json\/wp\/v2\/types\/product"}],"replies":[{"embeddable":true,"href":"https:\/\/dingogear.si\/hr\/wp-json\/wp\/v2\/comments?post=2813"}],"wp:featuredmedia":[{"embeddable":true,"href":"https:\/\/dingogear.si\/hr\/wp-json\/wp\/v2\/media\/9391"}],"wp:attachment":[{"href":"https:\/\/dingogear.si\/hr\/wp-json\/wp\/v2\/media?parent=2813"}],"wp:term":[{"taxonomy":"product_brand","embeddable":true,"href":"https:\/\/dingogear.si\/hr\/wp-json\/wp\/v2\/product_brand?post=2813"},{"taxonomy":"product_cat","embeddable":true,"href":"https:\/\/dingogear.si\/hr\/wp-json\/wp\/v2\/product_cat?post=2813"},{"taxonomy":"product_tag","embeddable":true,"href":"https:\/\/dingogear.si\/hr\/wp-json\/wp\/v2\/product_tag?post=2813"}],"curies":[{"name":"wp","href":"https:\/\/api.w.org\/{rel}","templated":true}]}}