{"id":2820,"date":"2017-11-23T15:22:41","date_gmt":"2017-11-23T14:22:41","guid":{"rendered":"http:\/\/dingogear.si\/?post_type=product&#038;p=2820"},"modified":"2023-01-11T13:33:49","modified_gmt":"2023-01-11T12:33:49","slug":"jastuk-za-zvakanje-gizmo","status":"publish","type":"product","link":"https:\/\/dingogear.si\/hr\/jastuk-za-zvakanje-gizmo\/","title":{"rendered":"Jastuk za \u017evakanje GIZMO"},"content":{"rendered":"<p><img decoding=\"async\" class=\"aligncenter size-full wp-image-1226\" src=\"https:\/\/dingogear.si\/wp-content\/uploads\/2017\/11\/blazina_GIZMO_vel.jpg\" alt=\"\" width=\"1118\" height=\"782\" title=\"\" srcset=\"https:\/\/dingogear.si\/wp-content\/uploads\/2017\/11\/blazina_GIZMO_vel.jpg 1118w, https:\/\/dingogear.si\/wp-content\/uploads\/2017\/11\/blazina_GIZMO_vel-500x350.jpg 500w, https:\/\/dingogear.si\/wp-content\/uploads\/2017\/11\/blazina_GIZMO_vel-700x490.jpg 700w, https:\/\/dingogear.si\/wp-content\/uploads\/2017\/11\/blazina_GIZMO_vel-300x210.jpg 300w, https:\/\/dingogear.si\/wp-content\/uploads\/2017\/11\/blazina_GIZMO_vel-768x537.jpg 768w, https:\/\/dingogear.si\/wp-content\/uploads\/2017\/11\/blazina_GIZMO_vel-1024x716.jpg 1024w\" sizes=\"(max-width: 1118px) 100vw, 1118px\" \/><\/p>\n","protected":false},"excerpt":{"rendered":"<p>DINGOGEAR profesionalni jastu\u010di\u0107 za \u017evakanje GIZMO. Profesionalna igra\u010dka za obuku pasa.<\/p>\n<p>Testirano i odobreno od strane profesionalnih trenera. Pouzdana kvaliteta i izvrsnost izvedbe omogu\u0107uju 100% zadovoljstvo korisnika.<\/p>\n<p>Ru\u010dno izra\u0111eni od strane stru\u010dnjaka za profesionalce!<\/p>\n<p>Posebne zna\u010dajke:<\/p>\n<ul>\n<li>odgovaraju\u0107a tvrdo\u0107a i te\u017eina<\/li>\n<li>profilirana odgovaraju\u0107a tvrdo\u0107a materiala<\/li>\n<li>izra\u0111ena od visokokvalitetnog materijala od jute ili ring (nylcot) (odaberite prilikom ulaska u ko\u0161aricu)<\/li>\n<li>bez metala i plastike, \u0161to osigurava potpunu sigurnost<\/li>\n<li>juta oja\u010dana polipropilenom osigurava trajnost upotrebe, juta zbog svojih svojstava omogu\u0107uje psu da prodre duboko u materijal bez rizika od ozljeda<\/li>\n<li>french ring je najtrajniji materijal od kojeg su sa\u0161ivena najzahtjevnija obrambena odijela, nje\u017ena za desni<\/li>\n<li>3 unutarnje ru\u010dke presvu\u010dene ko\u017eom za udobno i stabilno dr\u017eanje asistenta za kontroliranu igru \u200b\u200bsa psom<\/li>\n<\/ul>\n<p>Parametri:<\/p>\n<ul>\n<li>JUTA: te\u017eina &#8211; 1,5 kg, du\u017eina 41 cm, dubina 24 cm, debljina 13 cm<\/li>\n<li>RING: te\u017eina &#8211; 1,1 kg, du\u017eina 41 cm, dubina 24 cm, debljina 13 cm<\/li>\n<\/ul>\n<p>Svrha igra\u010dke je osposobiti psa za ispravan ugriz i stisak te pobolj\u0161ati ugriz do savr\u0161enstva! Zajam\u010dena sigurnost psa i pomaga\u010da!<\/p>\n","protected":false},"featured_media":18249,"comment_status":"open","ping_status":"closed","template":"","meta":{"_acf_changed":false},"product_brand":[2948],"product_cat":[809,2524,803,817,821],"product_tag":[747,2141,1240,1469],"class_list":{"0":"post-2820","1":"product","2":"type-product","3":"status-publish","4":"has-post-thumbnail","6":"product_brand-dingo-gear","7":"product_cat-igra-uz-trening","8":"product_cat-jastuci","9":"product_cat-oprema-za-psa","10":"product_cat-oprema-za-vodica","11":"product_cat-trening-obrane","12":"product_tag-igra-hr","13":"product_tag-jastuk-za-zvakanje","14":"product_tag-obrana","15":"product_tag-priprema-na-rukav","16":"pa_barva-izdelka-boja-jute","17":"pa_barva-izdelka-crna-hr","18":"pa_barva-izdelka-crvena","19":"pa_barva-zvecila-boja-jute","20":"pa_barva-zvecila-crna-hr","21":"pa_barva-zvecila-crvena","22":"pa_material-zvecila-french-ring-nylcot-hr","23":"pa_material-zvecila-juta-hr","24":"pa_namen-rokava-zvecila-aporta-trening-mladih-pasa","25":"pa_namen-rokava-zvecila-aporta-trening-odraslih-pasa","27":"first","28":"instock","29":"taxable","30":"shipping-taxable","31":"purchasable","32":"product-type-variable"},"acf":[],"_links":{"self":[{"href":"https:\/\/dingogear.si\/hr\/wp-json\/wp\/v2\/product\/2820","targetHints":{"allow":["GET"]}}],"collection":[{"href":"https:\/\/dingogear.si\/hr\/wp-json\/wp\/v2\/product"}],"about":[{"href":"https:\/\/dingogear.si\/hr\/wp-json\/wp\/v2\/types\/product"}],"replies":[{"embeddable":true,"href":"https:\/\/dingogear.si\/hr\/wp-json\/wp\/v2\/comments?post=2820"}],"wp:featuredmedia":[{"embeddable":true,"href":"https:\/\/dingogear.si\/hr\/wp-json\/wp\/v2\/media\/18249"}],"wp:attachment":[{"href":"https:\/\/dingogear.si\/hr\/wp-json\/wp\/v2\/media?parent=2820"}],"wp:term":[{"taxonomy":"product_brand","embeddable":true,"href":"https:\/\/dingogear.si\/hr\/wp-json\/wp\/v2\/product_brand?post=2820"},{"taxonomy":"product_cat","embeddable":true,"href":"https:\/\/dingogear.si\/hr\/wp-json\/wp\/v2\/product_cat?post=2820"},{"taxonomy":"product_tag","embeddable":true,"href":"https:\/\/dingogear.si\/hr\/wp-json\/wp\/v2\/product_tag?post=2820"}],"curies":[{"name":"wp","href":"https:\/\/api.w.org\/{rel}","templated":true}]}}