{"id":2833,"date":"2017-11-23T14:00:26","date_gmt":"2018-03-28T10:31:12","guid":{"rendered":"http:\/\/dingogear.si\/?post_type=product&#038;p=2833"},"modified":"2022-03-31T12:41:59","modified_gmt":"2022-03-31T10:41:59","slug":"zastitni-rukav-french-soft","status":"publish","type":"product","link":"https:\/\/dingogear.si\/hr\/zastitni-rukav-french-soft\/","title":{"rendered":"Za\u0161titni rukav FRENCH SOFT"},"content":{"rendered":"<p><img decoding=\"async\" class=\"aligncenter size-full wp-image-1192\" src=\"https:\/\/dingogear.si\/wp-content\/uploads\/2017\/11\/rokav-FRENCH_SOFT_vel.jpg\" alt=\"\" width=\"1821\" height=\"503\" title=\"\" srcset=\"https:\/\/dingogear.si\/wp-content\/uploads\/2017\/11\/rokav-FRENCH_SOFT_vel.jpg 1821w, https:\/\/dingogear.si\/wp-content\/uploads\/2017\/11\/rokav-FRENCH_SOFT_vel-500x138.jpg 500w, https:\/\/dingogear.si\/wp-content\/uploads\/2017\/11\/rokav-FRENCH_SOFT_vel-700x193.jpg 700w, https:\/\/dingogear.si\/wp-content\/uploads\/2017\/11\/rokav-FRENCH_SOFT_vel-300x83.jpg 300w, https:\/\/dingogear.si\/wp-content\/uploads\/2017\/11\/rokav-FRENCH_SOFT_vel-768x212.jpg 768w, https:\/\/dingogear.si\/wp-content\/uploads\/2017\/11\/rokav-FRENCH_SOFT_vel-1024x283.jpg 1024w\" sizes=\"(max-width: 1821px) 100vw, 1821px\" \/><\/p>\n","protected":false},"excerpt":{"rendered":"<p>DINGOGEAR profesionalni za\u0161titni rukav od french ring materijala. SOFT verzija sa du\u017eim rukavom koja tako\u0111er djelomi\u010dno \u0161titi rame. Super izdr\u017eljiv! Dostupan je u dvije boje &#8211; plavoj ili crnoj.<\/p>\n<p>Testirano i odobreno od strane profesionalnih trenera. Pouzdana kvaliteta i izvrsnost izvedbe omogu\u0107uju 100% zadovoljstvo korisnika.<\/p>\n<p>Ru\u010dno izra\u0111eni od strane stru\u010dnjaka za profesionalce!<\/p>\n<p>Posebne zna\u010dajke:<\/p>\n<ul>\n<li>ergonomski model<\/li>\n<li>robusni materijal NYLCOT ili FRENCH RING (koristi se za \u0161ivanje odje\u0107e za potpuni zalogaj) osigurava dug \u017eivotni vijek<\/li>\n<li>materijal koji poti\u010de psa da ugrize rukav<\/li>\n<li>\u010dvrst zahvat<\/li>\n<li>profilirani prikladno \u010dvrsti jastuci<\/li>\n<li>bez metala i plastike<\/li>\n<li>odgovaraju\u0107e unutarnje poja\u010danje i podstava rukava<\/li>\n<li>remen s rukohvatom za jednostavno no\u0161enje rukava<\/li>\n<\/ul>\n<p>Parametri: te\u017eina &#8211; 1,4 kg, du\u017eina 62 cm, \u0161irina 27 cm, debljina 10 cm<\/p>\n<p>Svrha rukava je uvje\u017ebati psa za pravilan ugriz i hvat te pobolj\u0161ati ugriz do savr\u0161enstva! Zajam\u010dena sigurnost psa i pomaga\u010da!<\/p>\n","protected":false},"featured_media":1193,"comment_status":"open","ping_status":"closed","template":"","meta":{"_acf_changed":false},"product_brand":[2948],"product_cat":[781,821,787],"product_tag":[1240,777],"class_list":{"0":"post-2833","1":"product","2":"type-product","3":"status-publish","4":"has-post-thumbnail","6":"product_brand-dingo-gear","7":"product_cat-oprema-za-markirante","8":"product_cat-trening-obrane","9":"product_cat-zastitni-rukavi-i-navlake","10":"product_tag-obrana","11":"product_tag-rukavi","12":"pa_barva-zascitnega-rokava-crna-hr","13":"pa_barva-zascitnega-rokava-plava","14":"pa_levi-ali-desni-rokav-univerzalan","15":"pa_material-rokava-french-ring-nylcot-hr","16":"pa_trdota-rokava-french-soft-hr","17":"pa_vrsta-rokava-otvoreni","18":"pa_vrsta-rokava-vanjski-iznad-odjela","20":"first","21":"instock","22":"taxable","23":"shipping-taxable","24":"purchasable","25":"product-type-variable"},"acf":[],"_links":{"self":[{"href":"https:\/\/dingogear.si\/hr\/wp-json\/wp\/v2\/product\/2833","targetHints":{"allow":["GET"]}}],"collection":[{"href":"https:\/\/dingogear.si\/hr\/wp-json\/wp\/v2\/product"}],"about":[{"href":"https:\/\/dingogear.si\/hr\/wp-json\/wp\/v2\/types\/product"}],"replies":[{"embeddable":true,"href":"https:\/\/dingogear.si\/hr\/wp-json\/wp\/v2\/comments?post=2833"}],"wp:featuredmedia":[{"embeddable":true,"href":"https:\/\/dingogear.si\/hr\/wp-json\/wp\/v2\/media\/1193"}],"wp:attachment":[{"href":"https:\/\/dingogear.si\/hr\/wp-json\/wp\/v2\/media?parent=2833"}],"wp:term":[{"taxonomy":"product_brand","embeddable":true,"href":"https:\/\/dingogear.si\/hr\/wp-json\/wp\/v2\/product_brand?post=2833"},{"taxonomy":"product_cat","embeddable":true,"href":"https:\/\/dingogear.si\/hr\/wp-json\/wp\/v2\/product_cat?post=2833"},{"taxonomy":"product_tag","embeddable":true,"href":"https:\/\/dingogear.si\/hr\/wp-json\/wp\/v2\/product_tag?post=2833"}],"curies":[{"name":"wp","href":"https:\/\/api.w.org\/{rel}","templated":true}]}}