{"id":2845,"date":"2017-11-22T16:09:25","date_gmt":"2018-03-28T10:53:05","guid":{"rendered":"http:\/\/dingogear.si\/?post_type=product&#038;p=2845"},"modified":"2022-11-15T18:12:47","modified_gmt":"2022-11-15T17:12:47","slug":"zastitni-rukav-french-mini-soft","status":"publish","type":"product","link":"https:\/\/dingogear.si\/hr\/zastitni-rukav-french-mini-soft\/","title":{"rendered":"Za\u0161titni rukav FRENCH MINI SOFT"},"content":{"rendered":"<p><img decoding=\"async\" class=\"aligncenter size-full wp-image-1171\" src=\"https:\/\/dingogear.si\/wp-content\/uploads\/2017\/11\/rokav-FRENCH_MINI-SOFT_VEL-1.jpg\" alt=\"\" width=\"1790\" height=\"668\" title=\"\" srcset=\"https:\/\/dingogear.si\/wp-content\/uploads\/2017\/11\/rokav-FRENCH_MINI-SOFT_VEL-1.jpg 1790w, https:\/\/dingogear.si\/wp-content\/uploads\/2017\/11\/rokav-FRENCH_MINI-SOFT_VEL-1-500x187.jpg 500w, https:\/\/dingogear.si\/wp-content\/uploads\/2017\/11\/rokav-FRENCH_MINI-SOFT_VEL-1-700x261.jpg 700w, https:\/\/dingogear.si\/wp-content\/uploads\/2017\/11\/rokav-FRENCH_MINI-SOFT_VEL-1-300x112.jpg 300w, https:\/\/dingogear.si\/wp-content\/uploads\/2017\/11\/rokav-FRENCH_MINI-SOFT_VEL-1-768x287.jpg 768w, https:\/\/dingogear.si\/wp-content\/uploads\/2017\/11\/rokav-FRENCH_MINI-SOFT_VEL-1-1024x382.jpg 1024w\" sizes=\"(max-width: 1790px) 100vw, 1790px\" \/><\/p>\n","protected":false},"excerpt":{"rendered":"<p>DINGOGEAR profesionalni za\u0161\u010ditni rokav narejen iz ring materiala. Razli\u010dica MINI SOFT. Super trpe\u017een! Na voljo je v dveh barvah &#8211; modri ali \u010drni.<\/p>\n<p>Testiran in odobren s strani profesionalnih trenerjev. Zanesljiva kakovost in odli\u010dnost izvedbe omogo\u010data stoodstotno zadovoljstvo uporabnika.<\/p>\n<p>Ro\u010dno izdelan s strani strokovnjakov za strokovnjake!<\/p>\n<p>Posebnosti:<\/p>\n<ul>\n<li>ergonomski model<\/li>\n<li>robusten French Ring material (ki se uporablja za \u0161ivanje oblek za poln ugriz) zagotavlja dolgo \u017eivljenjsko dobo<\/li>\n<li>material, ki spodbuja psa h grizenju rokava<\/li>\n<li>trden oprijem<\/li>\n<li>profilirano ustrezno debelo \u017eve\u010dilo<\/li>\n<li>brez kovine in plastike<\/li>\n<li>ustrezna notranja oja\u010ditev in podloga rokava<\/li>\n<li>ro\u010daj v notranjosti rokava narejen iz \u0161iroke in mehke gume, \u00a0trak zagotavlja izbolj\u0161ano varnost in udobje<\/li>\n<li>grip trak za enostavno prena\u0161anje rokava<\/li>\n<\/ul>\n<p>Parametri:\u00a0te\u017ea &#8211; 0,5kg, dol\u017eina 43cm, \u0161irina 20cm, debelina 10cm<\/p>\n<p>Namen rokava je usposobiti psa za pravilen ugriz in prijem ter izbolj\u0161anje ugriza do popolnosti! Zagotovljena varnost za psa in pomo\u010dnika!<\/p>\n","protected":false},"featured_media":1172,"comment_status":"open","ping_status":"closed","template":"","meta":{"_acf_changed":false},"product_brand":[2948],"product_cat":[781,821,787],"product_tag":[1240,777],"class_list":{"0":"post-2845","1":"product","2":"type-product","3":"status-publish","4":"has-post-thumbnail","6":"product_brand-dingo-gear","7":"product_cat-oprema-za-markirante","8":"product_cat-trening-obrane","9":"product_cat-zastitni-rukavi-i-navlake","10":"product_tag-obrana","11":"product_tag-rukavi","12":"pa_barva-zascitnega-rokava-crna-hr","13":"pa_barva-zascitnega-rokava-plava","14":"pa_levi-ali-desni-rokav-univerzalan","15":"pa_material-rokava-french-ring-nylcot-hr","16":"pa_trdota-rokava-french-mini-soft-hr","17":"pa_vrsta-rokava-otvoreni","18":"pa_vrsta-rokava-vanjski-iznad-odjela","20":"first","21":"instock","22":"taxable","23":"shipping-taxable","24":"purchasable","25":"product-type-variable"},"acf":[],"_links":{"self":[{"href":"https:\/\/dingogear.si\/hr\/wp-json\/wp\/v2\/product\/2845","targetHints":{"allow":["GET"]}}],"collection":[{"href":"https:\/\/dingogear.si\/hr\/wp-json\/wp\/v2\/product"}],"about":[{"href":"https:\/\/dingogear.si\/hr\/wp-json\/wp\/v2\/types\/product"}],"replies":[{"embeddable":true,"href":"https:\/\/dingogear.si\/hr\/wp-json\/wp\/v2\/comments?post=2845"}],"wp:featuredmedia":[{"embeddable":true,"href":"https:\/\/dingogear.si\/hr\/wp-json\/wp\/v2\/media\/1172"}],"wp:attachment":[{"href":"https:\/\/dingogear.si\/hr\/wp-json\/wp\/v2\/media?parent=2845"}],"wp:term":[{"taxonomy":"product_brand","embeddable":true,"href":"https:\/\/dingogear.si\/hr\/wp-json\/wp\/v2\/product_brand?post=2845"},{"taxonomy":"product_cat","embeddable":true,"href":"https:\/\/dingogear.si\/hr\/wp-json\/wp\/v2\/product_cat?post=2845"},{"taxonomy":"product_tag","embeddable":true,"href":"https:\/\/dingogear.si\/hr\/wp-json\/wp\/v2\/product_tag?post=2845"}],"curies":[{"name":"wp","href":"https:\/\/api.w.org\/{rel}","templated":true}]}}