{"id":2848,"date":"2017-11-22T15:56:42","date_gmt":"2018-03-28T10:53:08","guid":{"rendered":"http:\/\/dingogear.si\/?post_type=product&#038;p=2848"},"modified":"2022-03-31T12:32:41","modified_gmt":"2022-03-31T10:32:41","slug":"zastitni-rukav-atos","status":"publish","type":"product","link":"https:\/\/dingogear.si\/hr\/zastitni-rukav-atos\/","title":{"rendered":"Za\u0161titni rukav ATOS"},"content":{"rendered":"<p><img decoding=\"async\" class=\"aligncenter wp-image-1157 size-full\" src=\"https:\/\/dingogear.si\/wp-content\/uploads\/2017\/11\/rokav_ATOS_VEL.jpg\" alt=\"\" width=\"1390\" height=\"775\" title=\"\" srcset=\"https:\/\/dingogear.si\/wp-content\/uploads\/2017\/11\/rokav_ATOS_VEL.jpg 1390w, https:\/\/dingogear.si\/wp-content\/uploads\/2017\/11\/rokav_ATOS_VEL-500x279.jpg 500w, https:\/\/dingogear.si\/wp-content\/uploads\/2017\/11\/rokav_ATOS_VEL-700x390.jpg 700w, https:\/\/dingogear.si\/wp-content\/uploads\/2017\/11\/rokav_ATOS_VEL-300x167.jpg 300w, https:\/\/dingogear.si\/wp-content\/uploads\/2017\/11\/rokav_ATOS_VEL-768x428.jpg 768w, https:\/\/dingogear.si\/wp-content\/uploads\/2017\/11\/rokav_ATOS_VEL-1024x571.jpg 1024w\" sizes=\"(max-width: 1390px) 100vw, 1390px\" \/><\/p>\n","protected":false},"excerpt":{"rendered":"<p>DINGOGEAR profesionalni za\u0161titni rukav od jute ili ring materijala (po izboru prilikom ulaska u ko\u0161aru!). Super izdr\u017eljiv! dizajniran za rad s mladim psima.<\/p>\n<p>Testirano i odobreno od strane profesionalnih trenera. Pouzdana kvaliteta i izvrsnost izvedbe omogu\u0107uju 100% zadovoljstvo korisnika.<\/p>\n<p>Ru\u010dno izra\u0111eni od strane stru\u010dnjaka za profesionalce!<\/p>\n<p>Posebne zna\u010dajke:<\/p>\n<ul>\n<li>ergonomski model<\/li>\n<li>izra\u0111en od visokokvalitetnog materijala od jute &#8211; ili french ring materijala- birate prilikom ulaska u ko\u0161aricu!<\/li>\n<li>\u010dvrst zahvat<\/li>\n<li>profilirani prikladno \u010dvrsti jastuci<\/li>\n<li>bez unutarnjeg &#8220;cilindra&#8221; ili \u010dahure<\/li>\n<li>bez metala i plastike<\/li>\n<li>juta oja\u010dana polipropilenom, \u0161to osigurava trajnost uporabe<\/li>\n<li>francuski materijal je materijal od kojeg se izra\u0111uju najtrajnija odjela tzv Full-bite za markiranta<\/li>\n<li>odgovaraju\u0107e unutarnje poja\u010danje i podstava rukava<\/li>\n<li>ru\u010dka unutar rukava od \u0161iroke i mekane gume, remen pru\u017ea pobolj\u0161anu sigurnost i udobnost<\/li>\n<li>remen s rukohvatom za jednostavno no\u0161enje rukava<\/li>\n<\/ul>\n<p>Parametri:<\/p>\n<ol>\n<li>JUTA: te\u017eina &#8211; 1kg, du\u017eina 43cm, dubina 23cm, visina 12cm<\/li>\n<li>RING: te\u017eina &#8211; 0,7 kg, du\u017eina 43 cm, dubina 23 cm, visina 12 cm<\/li>\n<\/ol>\n<p>Svrha rukava je uvje\u017ebati psa za pravilan ugriz i hvat te pobolj\u0161ati ugriz do savr\u0161enstva! Zajam\u010dena sigurnost psa i pomaga\u010da!<\/p>\n","protected":false},"featured_media":1158,"comment_status":"open","ping_status":"closed","template":"","meta":{"_acf_changed":false},"product_brand":[2948],"product_cat":[781,821,787],"product_tag":[1240,777],"class_list":{"0":"post-2848","1":"product","2":"type-product","3":"status-publish","4":"has-post-thumbnail","6":"product_brand-dingo-gear","7":"product_cat-oprema-za-markirante","8":"product_cat-trening-obrane","9":"product_cat-zastitni-rukavi-i-navlake","10":"product_tag-obrana","11":"product_tag-rukavi","12":"pa_barva-zascitnega-rokava-boja-jute","13":"pa_barva-zascitnega-rokava-crna-hr","14":"pa_barva-zascitnega-rokava-crvena","15":"pa_levi-ali-desni-rokav-univerzalan","16":"pa_material-rokava-french-ring-nylcot-hr","17":"pa_material-rokava-juta-hr","18":"pa_namen-rokava-zvecila-aporta-trening-mladih-pasa","19":"pa_vrsta-rokava-otvoreni","20":"pa_vrsta-rokava-vanjski-iznad-odjela","22":"first","23":"instock","24":"taxable","25":"shipping-taxable","26":"purchasable","27":"product-type-variable"},"acf":[],"_links":{"self":[{"href":"https:\/\/dingogear.si\/hr\/wp-json\/wp\/v2\/product\/2848","targetHints":{"allow":["GET"]}}],"collection":[{"href":"https:\/\/dingogear.si\/hr\/wp-json\/wp\/v2\/product"}],"about":[{"href":"https:\/\/dingogear.si\/hr\/wp-json\/wp\/v2\/types\/product"}],"replies":[{"embeddable":true,"href":"https:\/\/dingogear.si\/hr\/wp-json\/wp\/v2\/comments?post=2848"}],"wp:featuredmedia":[{"embeddable":true,"href":"https:\/\/dingogear.si\/hr\/wp-json\/wp\/v2\/media\/1158"}],"wp:attachment":[{"href":"https:\/\/dingogear.si\/hr\/wp-json\/wp\/v2\/media?parent=2848"}],"wp:term":[{"taxonomy":"product_brand","embeddable":true,"href":"https:\/\/dingogear.si\/hr\/wp-json\/wp\/v2\/product_brand?post=2848"},{"taxonomy":"product_cat","embeddable":true,"href":"https:\/\/dingogear.si\/hr\/wp-json\/wp\/v2\/product_cat?post=2848"},{"taxonomy":"product_tag","embeddable":true,"href":"https:\/\/dingogear.si\/hr\/wp-json\/wp\/v2\/product_tag?post=2848"}],"curies":[{"name":"wp","href":"https:\/\/api.w.org\/{rel}","templated":true}]}}